{"id":6130,"date":"2023-07-13T16:31:21","date_gmt":"2023-07-13T14:31:21","guid":{"rendered":"https:\/\/agrarpetrovic.rs\/?post_type=product&#038;p=6130"},"modified":"2023-07-13T16:31:35","modified_gmt":"2023-07-13T14:31:35","slug":"fito-botryfun","status":"publish","type":"product","link":"https:\/\/agrarpetrovic.rs\/en\/proizvod\/fito-botryfun\/","title":{"rendered":"FITO BOTRYFUN"},"content":{"rendered":"","protected":false},"excerpt":{"rendered":"<p>FitoBotryfun je prirodni , potpuno biorazgradiv preparat namenjen za preventivno i kurativno delovanje protiv sive plesni (Botrytis cinerea ) na svim biljnim kulturama podlo\u017enim ovom patogenu.<br \/>\nPreventivno delovanje ostvaruje stvaranjem fizi\u010dke barijere kojom spre\u010dava prodor gljivice kroz epidermu biljke.<br \/>\nKurativno deluje tako \u0161to isu\u0161uje spore gljivice i spre\u010dava njihov dalji razvoj.<br \/>\nStvara premaz na plodovima \u010dime pobolj\u0161ava njihov izgled te ostaje aktivan i nakon berbe \u010dime pobolj\u0161ava \u010duvanje u po\u010detnim fazama skladi\u0161tenja.<br \/>\nNe ostavlja rezidue na tretiranom vo\u0107u te ne uti\u010de na vrenje i fermentaciju pri alkoholnoj preradi.<br \/>\nDoze primene : 2,5-3 l\/ha<br \/>\nKARENCU NEMA<br \/>\nDozvoljen u organskoj proizvodnji Uredba EU 834\/2007<br \/>\nProizvo\u0111a\u010d : Servalesa \u0160panija<\/p>\n<p>Pakovanja: 200ml; 1l<\/p>","protected":false},"featured_media":6155,"template":"","meta":[],"product_brand":[],"product_cat":[296,200,301,202],"product_tag":[],"class_list":{"0":"post-6130","1":"product","2":"type-product","3":"status-publish","4":"has-post-thumbnail","6":"product_cat-biopesticidi","7":"product_cat-ishrana-bilja","8":"product_cat-mikroelementarna-djubriva","9":"product_cat-zastita-bilja","11":"first","12":"instock","13":"shipping-taxable","14":"product-type-simple"},"_links":{"self":[{"href":"https:\/\/agrarpetrovic.rs\/en\/wp-json\/wp\/v2\/product\/6130","targetHints":{"allow":["GET"]}}],"collection":[{"href":"https:\/\/agrarpetrovic.rs\/en\/wp-json\/wp\/v2\/product"}],"about":[{"href":"https:\/\/agrarpetrovic.rs\/en\/wp-json\/wp\/v2\/types\/product"}],"wp:featuredmedia":[{"embeddable":true,"href":"https:\/\/agrarpetrovic.rs\/en\/wp-json\/wp\/v2\/media\/6155"}],"wp:attachment":[{"href":"https:\/\/agrarpetrovic.rs\/en\/wp-json\/wp\/v2\/media?parent=6130"}],"wp:term":[{"taxonomy":"product_brand","embeddable":true,"href":"https:\/\/agrarpetrovic.rs\/en\/wp-json\/wp\/v2\/product_brand?post=6130"},{"taxonomy":"product_cat","embeddable":true,"href":"https:\/\/agrarpetrovic.rs\/en\/wp-json\/wp\/v2\/product_cat?post=6130"},{"taxonomy":"product_tag","embeddable":true,"href":"https:\/\/agrarpetrovic.rs\/en\/wp-json\/wp\/v2\/product_tag?post=6130"}],"curies":[{"name":"wp","href":"https:\/\/api.w.org\/{rel}","templated":true}]}}