{"id":6131,"date":"2023-07-13T16:31:21","date_gmt":"2023-07-13T14:31:21","guid":{"rendered":"https:\/\/agrarpetrovic.rs\/?post_type=product&#038;p=6131"},"modified":"2023-07-13T16:31:36","modified_gmt":"2023-07-13T14:31:36","slug":"fito-cal-ultra","status":"publish","type":"product","link":"https:\/\/agrarpetrovic.rs\/en\/proizvod\/fito-cal-ultra\/","title":{"rendered":"FITO CAL ULTRA"},"content":{"rendered":"","protected":false},"excerpt":{"rendered":"<p>Folijarno mineralno \u0111ubrivo sa sekundarnim hranivima i mikro hranivima Namena: Fito Cal Ultra je folijarno \u0111ubrivo namenjeno za postizanje visokog kvaliteta vo\u0107a i povr\u0107a, za pove\u0107anje \u010dvrsto\u0107e i boje plodova. Preparat direktno uti\u010de na spre\u010davanje pojave: gorkih pega kod jabuke, pale\u017e vrhova listova kupusa, trule\u017e cvetova \u2014 krastavca, paradajza i paprika, trule\u017e korenovog vrata kod cetera kao i na spre\u010davanje pucanja plodova tre\u0161nje i vi\u0161nje. Samim tim Fito Cal Ultra uti\u010de na rok trajanja vo\u0107a i povr\u0107a. Kalcijum je sastavni deo \u0107elijske opne, odnosno membrane, njegovim nedostatkom dolazi do poreme\u0107aja u deobi \u0107elija i popustljivosti \u0107elijske membrane. Samim tim naru\u0161ava se ukupna stabilnost biljke i njene otpornosti. Fito Cal Ultra je posebno formulisan preparat za redukovanu upotrebu. Sadr\u017eaj: Azot ukupni (N) \u2013 0,8% m\/m; Azot nitratni \u2013 7,9 % m\/m; Kalcijum (CaO) \u2014 15% m\/m; Magnezijum (MgO) \u2014 2,0% m\/m; Bor (B) \u2014 0,05% m\/m; Bakar (Cu) \u2014 0,05% m\/m; Gvo\u017e\u0111e (Fe) \u20140,05% m\/m; Mangan (Mn) \u2014 0,10% m\/m; Molibden (Mo) \u2014 0,001% m\/m; Cink (Zn)\u2014 0,02% m\/m Doze primene: jabuka 1,3 lit\/ha; vinova loza 1,5-3,5 lit\/ha; kupus, salata 1,0-2,5 lit\/ha (4-6 tretmana pre formiranja glave); lubenica, dinja, krastavci 1,0-2,0 lit\/ha (posle cvetanja u intervalima 7-10 dana); krompir 1,0-3,0 lit\/ha (tretirati pre ukrupnjavanja krtola u intervalima 10-14 dana vise puta); paradajz, paprika 1,0-3,0 lit\/ha (tretirati posle cvetanja vi\u0161e puta) Karenca: ne postoji Rok upotrebe: kod pravilnog uskladi\u0161tenja neograni\u010den Proizvodac: \u201cOmex\u201d, Norfolk Zemlja porekla: Engleska<\/p>\n<p>&nbsp;<\/p>\n<p>Pakovanje 200ml; 1l<\/p>","protected":false},"featured_media":6156,"template":"","meta":[],"product_brand":[],"product_cat":[307,200,302],"product_tag":[],"class_list":{"0":"post-6131","1":"product","2":"type-product","3":"status-publish","4":"has-post-thumbnail","6":"product_cat-folijarna-djubriva","7":"product_cat-ishrana-bilja","8":"product_cat-sekundarna-djubriva","10":"first","11":"instock","12":"shipping-taxable","13":"product-type-simple"},"_links":{"self":[{"href":"https:\/\/agrarpetrovic.rs\/en\/wp-json\/wp\/v2\/product\/6131","targetHints":{"allow":["GET"]}}],"collection":[{"href":"https:\/\/agrarpetrovic.rs\/en\/wp-json\/wp\/v2\/product"}],"about":[{"href":"https:\/\/agrarpetrovic.rs\/en\/wp-json\/wp\/v2\/types\/product"}],"wp:featuredmedia":[{"embeddable":true,"href":"https:\/\/agrarpetrovic.rs\/en\/wp-json\/wp\/v2\/media\/6156"}],"wp:attachment":[{"href":"https:\/\/agrarpetrovic.rs\/en\/wp-json\/wp\/v2\/media?parent=6131"}],"wp:term":[{"taxonomy":"product_brand","embeddable":true,"href":"https:\/\/agrarpetrovic.rs\/en\/wp-json\/wp\/v2\/product_brand?post=6131"},{"taxonomy":"product_cat","embeddable":true,"href":"https:\/\/agrarpetrovic.rs\/en\/wp-json\/wp\/v2\/product_cat?post=6131"},{"taxonomy":"product_tag","embeddable":true,"href":"https:\/\/agrarpetrovic.rs\/en\/wp-json\/wp\/v2\/product_tag?post=6131"}],"curies":[{"name":"wp","href":"https:\/\/api.w.org\/{rel}","templated":true}]}}