{"id":6133,"date":"2023-07-13T16:31:21","date_gmt":"2023-07-13T14:31:21","guid":{"rendered":"https:\/\/agrarpetrovic.rs\/?post_type=product&#038;p=6133"},"modified":"2023-07-13T16:31:38","modified_gmt":"2023-07-13T14:31:38","slug":"fito-bio-20","status":"publish","type":"product","link":"https:\/\/agrarpetrovic.rs\/en\/proizvod\/fito-bio-20\/","title":{"rendered":"FITO BIO 20"},"content":{"rendered":"","protected":false},"excerpt":{"rendered":"<p>Slo\u017eeno folijarno mineralno \u0111ubrivo sa mikroelementima i ekstratima morskih algi (suspenzija NPK 13,6-13,6-13,4 sa mikro elementima) i ekstrati morskih algi Namena: Fito Bio 20 je \u0111ubrivo koje se primenjuje u mnogim kulturama za pove\u0107anje rasta, razvoja, prinosa i kvaliteta plodova. U\u010dinak preparata Fito Bio 20 na tretiranim kulturama (biljkama) vidljiv je u roku od nekoliko sati. Fito Bio 20 po svom sastavu omogu\u0107uje jako uravnote\u017eenu ishranu: sadr\u017ei jedinstven spoj organskih stimulatora to je vrlo zna\u010dajan u uslovima pove\u0107anog stresa. Sadr\u017eaj: Ukupni azot (N) \u2014 13,6% m\/m; Azot nitratni \u2014 7,8% m\/m; Azot amonijumski \u2014 5,8% m\/m; Fosfor (P2O5) \u2014 13,6% m\/m; Kalijum (K20) \u2014 13,4% m\/m; Bor (B) \u2014 0,02% m\/m; Bakar (Cu)\u2014 0,474% m\/m; Gvo2de (Fe)\u2014 0,10% m\/m; Mangan (Mn)-0,4917% m\/m; Cink (Zn)\u2014 0,0468% m\/m; Ekstrati morskih algi \u201428% m\/m Doze primene: vo\u0107e 1,5-3,0 lit\/ha (aplikacija pre cvetanja); krompir 2,0-3,0 lit\/ha (1-2 aplikacije u ranim fazama razvoja); paradajz i paprika 2,0-2,5 lit\/ha (2-4 aplikacije); krastavci 2,0-2,5 lit\/ha (2-4 aplikacije); \u0161e\u0107erna repa 3,0 lit\/ha (1-2 aplikacije u ranim fazama razvoja); \u017eitarice 2,5 lit\/ha (1-2 aplikacije); ukrasno bilje 1,0-2,0 lit\/ha Karenca: ne postoji Rok upotrebe: kod pravilnog uskladi\u0161tenja neograni\u010den Proizvodac: \u201cOmex\u201d, Norfolk Zemlja porekla: Engleska<\/p>\n<p>Pakovanja: 200,l;1l;5l<\/p>\n<p>&nbsp;<\/p>","protected":false},"featured_media":6158,"template":"","meta":[],"product_brand":[],"product_cat":[307,200,301,285],"product_tag":[],"class_list":{"0":"post-6133","1":"product","2":"type-product","3":"status-publish","4":"has-post-thumbnail","6":"product_cat-folijarna-djubriva","7":"product_cat-ishrana-bilja","8":"product_cat-mikroelementarna-djubriva","9":"product_cat-tecna-djubriva","11":"first","12":"instock","13":"shipping-taxable","14":"product-type-simple"},"_links":{"self":[{"href":"https:\/\/agrarpetrovic.rs\/en\/wp-json\/wp\/v2\/product\/6133","targetHints":{"allow":["GET"]}}],"collection":[{"href":"https:\/\/agrarpetrovic.rs\/en\/wp-json\/wp\/v2\/product"}],"about":[{"href":"https:\/\/agrarpetrovic.rs\/en\/wp-json\/wp\/v2\/types\/product"}],"wp:featuredmedia":[{"embeddable":true,"href":"https:\/\/agrarpetrovic.rs\/en\/wp-json\/wp\/v2\/media\/6158"}],"wp:attachment":[{"href":"https:\/\/agrarpetrovic.rs\/en\/wp-json\/wp\/v2\/media?parent=6133"}],"wp:term":[{"taxonomy":"product_brand","embeddable":true,"href":"https:\/\/agrarpetrovic.rs\/en\/wp-json\/wp\/v2\/product_brand?post=6133"},{"taxonomy":"product_cat","embeddable":true,"href":"https:\/\/agrarpetrovic.rs\/en\/wp-json\/wp\/v2\/product_cat?post=6133"},{"taxonomy":"product_tag","embeddable":true,"href":"https:\/\/agrarpetrovic.rs\/en\/wp-json\/wp\/v2\/product_tag?post=6133"}],"curies":[{"name":"wp","href":"https:\/\/api.w.org\/{rel}","templated":true}]}}