{"id":6135,"date":"2023-07-13T16:31:21","date_gmt":"2023-07-13T14:31:21","guid":{"rendered":"https:\/\/agrarpetrovic.rs\/?post_type=product&#038;p=6135"},"modified":"2023-07-13T16:31:40","modified_gmt":"2023-07-13T14:31:40","slug":"supstrat-flora-gard-tks1","status":"publish","type":"product","link":"https:\/\/agrarpetrovic.rs\/en\/proizvod\/supstrat-flora-gard-tks1\/","title":{"rendered":"SUPSTRAT FLORA GARD TKS1"},"content":{"rendered":"","protected":false},"excerpt":{"rendered":"<p>Supstrat od belog treseta koji se koristi za setvu semena, ili primanje (o\u017eiljavanje) pelcera, bilo reznica sa pupoljcima bilo listova iz kojih se mo\u017ee razviti nova biljka, ili za sadnju biljaka u manje saksije (precnika ispod 10cm) koje su osetljive na vece prisustvo soli. Za beli treset je poznato da ima veliki vazdu\u0161ni a mali vodni kapacitet, da se lako su\u0161i, i da ga je posle te\u0161ko navla\u017eiti. Oznaka Instant predstavlja okva\u0161iva\u010d razvijen od kompanije Floragard, koji omogu\u0107ava odli\u010dno usvajanje vode \u010dak i kada je do\u0161lo do su\u0161enja supstrata, \u010dime se znatno pobolj\u0161ava vodni, a bitno ne remeti vazdu\u0161ni kapacitet supstrata. TKS 2 Instant (100% beli treset) Supstrat od belog treseta koji se koristi za presa\u0111ivanje biljaka sa dobro razvijenim korenovim sistemom. Sa \u0111ubrenjem presa\u0111enih biljaka zapo\u010deti 4 do 6 nedelja nakon presa\u0111ivanja.<\/p>","protected":false},"featured_media":6160,"template":"","meta":[],"product_brand":[],"product_cat":[195],"product_tag":[],"class_list":{"0":"post-6135","1":"product","2":"type-product","3":"status-publish","4":"has-post-thumbnail","6":"product_cat-supstrati-i-kontejneri-za-rasad","8":"first","9":"instock","10":"shipping-taxable","11":"product-type-simple"},"_links":{"self":[{"href":"https:\/\/agrarpetrovic.rs\/en\/wp-json\/wp\/v2\/product\/6135","targetHints":{"allow":["GET"]}}],"collection":[{"href":"https:\/\/agrarpetrovic.rs\/en\/wp-json\/wp\/v2\/product"}],"about":[{"href":"https:\/\/agrarpetrovic.rs\/en\/wp-json\/wp\/v2\/types\/product"}],"wp:featuredmedia":[{"embeddable":true,"href":"https:\/\/agrarpetrovic.rs\/en\/wp-json\/wp\/v2\/media\/6160"}],"wp:attachment":[{"href":"https:\/\/agrarpetrovic.rs\/en\/wp-json\/wp\/v2\/media?parent=6135"}],"wp:term":[{"taxonomy":"product_brand","embeddable":true,"href":"https:\/\/agrarpetrovic.rs\/en\/wp-json\/wp\/v2\/product_brand?post=6135"},{"taxonomy":"product_cat","embeddable":true,"href":"https:\/\/agrarpetrovic.rs\/en\/wp-json\/wp\/v2\/product_cat?post=6135"},{"taxonomy":"product_tag","embeddable":true,"href":"https:\/\/agrarpetrovic.rs\/en\/wp-json\/wp\/v2\/product_tag?post=6135"}],"curies":[{"name":"wp","href":"https:\/\/api.w.org\/{rel}","templated":true}]}}