{"id":6139,"date":"2023-07-13T16:31:21","date_gmt":"2023-07-13T14:31:21","guid":{"rendered":"https:\/\/agrarpetrovic.rs\/?post_type=product&#038;p=6139"},"modified":"2023-07-13T16:31:56","modified_gmt":"2023-07-13T14:31:56","slug":"sem-psenica-axereal-cellule","status":"publish","type":"product","link":"https:\/\/agrarpetrovic.rs\/en\/proizvod\/sem-psenica-axereal-cellule\/","title":{"rendered":"SEM. P\u0160ENICA AXEREAL CELLULE"},"content":{"rendered":"","protected":false},"excerpt":{"rendered":"<p>Bitne karakteristike:<\/p>\n<ul>\n<li>Ozima p\u0161enica vrhunskog prinosa<\/li>\n<li>Odli\u010dne mlinske karakteristike, koristi se kao<br \/>\npobolj\u0161iva\u010d<\/li>\n<li>Sorta prilago\u0111ena razli\u010ditim uslovima zemlji\u0161ta.<\/li>\n<li>Visoka specifi\u010dna te\u017eina: 81 kg\/hL<\/li>\n<li>Kvalitetna grupa A2:<br \/>\n&#8211; sadr\u017eaj proteina: 13 %<br \/>\n&#8211; sadr\u017eaj vla\u017enog glutena: 30 \u2013 33 %3<\/li>\n<\/ul>\n<p>Otpornost prema bolestima:<\/p>\n<ul>\n<li>Otpornost na poleganje: otporna sorta<\/li>\n<li>Otpornost prema bolestima: dobra<\/li>\n<\/ul>\n<p>Agrotehnolo\u0161ke osobine:<\/p>\n<ul>\n<li>Srednje rana sorta<\/li>\n<li>Biljka srednje visine<\/li>\n<li>Preporu\u010deni rok setve: 5. \u2013 20. Oktobar<\/li>\n<li>Preporu\u010dena norma setve: 450 klijavih zrna\/m\u00b2<\/li>\n<\/ul>\n<p>Pakovanje: 25kg<\/p>\n<p>&nbsp;<\/p>","protected":false},"featured_media":6190,"template":"","meta":[],"product_brand":[],"product_cat":[340,335],"product_tag":[],"class_list":{"0":"post-6139","1":"product","2":"type-product","3":"status-publish","4":"has-post-thumbnail","6":"product_cat-seme-strnih-zita","7":"product_cat-semenska-roba","9":"first","10":"instock","11":"shipping-taxable","12":"product-type-simple"},"_links":{"self":[{"href":"https:\/\/agrarpetrovic.rs\/en\/wp-json\/wp\/v2\/product\/6139","targetHints":{"allow":["GET"]}}],"collection":[{"href":"https:\/\/agrarpetrovic.rs\/en\/wp-json\/wp\/v2\/product"}],"about":[{"href":"https:\/\/agrarpetrovic.rs\/en\/wp-json\/wp\/v2\/types\/product"}],"wp:featuredmedia":[{"embeddable":true,"href":"https:\/\/agrarpetrovic.rs\/en\/wp-json\/wp\/v2\/media\/6190"}],"wp:attachment":[{"href":"https:\/\/agrarpetrovic.rs\/en\/wp-json\/wp\/v2\/media?parent=6139"}],"wp:term":[{"taxonomy":"product_brand","embeddable":true,"href":"https:\/\/agrarpetrovic.rs\/en\/wp-json\/wp\/v2\/product_brand?post=6139"},{"taxonomy":"product_cat","embeddable":true,"href":"https:\/\/agrarpetrovic.rs\/en\/wp-json\/wp\/v2\/product_cat?post=6139"},{"taxonomy":"product_tag","embeddable":true,"href":"https:\/\/agrarpetrovic.rs\/en\/wp-json\/wp\/v2\/product_tag?post=6139"}],"curies":[{"name":"wp","href":"https:\/\/api.w.org\/{rel}","templated":true}]}}