{"id":6163,"date":"2023-07-13T16:31:46","date_gmt":"2023-07-13T14:31:46","guid":{"rendered":"https:\/\/agrarpetrovic.rs\/?post_type=product&#038;p=6163"},"modified":"2023-07-13T16:31:57","modified_gmt":"2023-07-13T14:31:57","slug":"sem-psenica-axereal-basilio","status":"publish","type":"product","link":"https:\/\/agrarpetrovic.rs\/en\/proizvod\/sem-psenica-axereal-basilio\/","title":{"rendered":"SEM. P\u0160ENICA AXEREAL BASILIO"},"content":{"rendered":"","protected":false},"excerpt":{"rendered":"<p>Bitne karakteristike:<\/p>\n<ul>\n<li>Najnovija francuska ozima p\u0161enica<\/li>\n<li>Dobro se prilago\u0111ava razli\u010ditim klimatskim i zemlji\u0161nim uslovima<\/li>\n<li>Vrlo rana sorta<\/li>\n<li>Sorta prepoznatljivih mlinarskih svojstava<\/li>\n<li>Visok sadr\u017eaj proteina: 12,5 \u2013 13,5 %<\/li>\n<li>Visoka specifi\u010dna te\u017eina: 83 -84 kg\/hl<\/li>\n<li>Kvalitet: A2<\/li>\n<\/ul>\n<p>Pakovanje: 25kg<\/p>","protected":false},"featured_media":6190,"template":"","meta":[],"product_brand":[],"product_cat":[340,335],"product_tag":[],"class_list":{"0":"post-6163","1":"product","2":"type-product","3":"status-publish","4":"has-post-thumbnail","6":"product_cat-seme-strnih-zita","7":"product_cat-semenska-roba","9":"first","10":"instock","11":"shipping-taxable","12":"product-type-simple"},"_links":{"self":[{"href":"https:\/\/agrarpetrovic.rs\/en\/wp-json\/wp\/v2\/product\/6163","targetHints":{"allow":["GET"]}}],"collection":[{"href":"https:\/\/agrarpetrovic.rs\/en\/wp-json\/wp\/v2\/product"}],"about":[{"href":"https:\/\/agrarpetrovic.rs\/en\/wp-json\/wp\/v2\/types\/product"}],"wp:featuredmedia":[{"embeddable":true,"href":"https:\/\/agrarpetrovic.rs\/en\/wp-json\/wp\/v2\/media\/6190"}],"wp:attachment":[{"href":"https:\/\/agrarpetrovic.rs\/en\/wp-json\/wp\/v2\/media?parent=6163"}],"wp:term":[{"taxonomy":"product_brand","embeddable":true,"href":"https:\/\/agrarpetrovic.rs\/en\/wp-json\/wp\/v2\/product_brand?post=6163"},{"taxonomy":"product_cat","embeddable":true,"href":"https:\/\/agrarpetrovic.rs\/en\/wp-json\/wp\/v2\/product_cat?post=6163"},{"taxonomy":"product_tag","embeddable":true,"href":"https:\/\/agrarpetrovic.rs\/en\/wp-json\/wp\/v2\/product_tag?post=6163"}],"curies":[{"name":"wp","href":"https:\/\/api.w.org\/{rel}","templated":true}]}}