{"id":6164,"date":"2023-07-13T16:31:46","date_gmt":"2023-07-13T14:31:46","guid":{"rendered":"https:\/\/agrarpetrovic.rs\/?post_type=product&#038;p=6164"},"modified":"2023-07-13T16:32:00","modified_gmt":"2023-07-13T14:32:00","slug":"sem-psenica-euclide","status":"publish","type":"product","link":"https:\/\/agrarpetrovic.rs\/en\/proizvod\/sem-psenica-euclide\/","title":{"rendered":"SEM. P\u0160ENICA EUCLIDE"},"content":{"rendered":"<p align=\"justify\">Selekcionoj ku\u0107i Florimond Despez iz Francuske 2007. godine je priznata nova visokorodna sorta p\u0161enice pod imenom Euclide. U procesu priznavanja sortna komisija Evropske unije ispitivala je Euclide 2005. \u2013\u00a02006., a standardi su bili sorte Apache, Caphorn, Charger, Orvantis.<\/p>\n<p align=\"justify\">U ove dve godine ispitivanja, prose\u010dan prinos Euclide-a bio je za 6,6% ve\u0107i od standarda. Sorta ima visok koeficient bokorenja \u0161to je dovelo do smanjenja norme setve na 195 kg\/ha, zavisno od kvaliteta pripreme zemlji\u0161ta i rokova setve. Potrebno je posejati 350 \u2013 400 klijavih semena po kvadratnom metru.<\/p>\n<p align=\"justify\">Idealan odnos hraniva ( N P K) je 2:1:1 s tim da se daje 100-150 kg \u010distog azota u zavisnosti od tipa zemlji\u0161ta i preduseva. Poja\u010dano \u0111ubrenje vra\u0107a se kroz pove\u0107anje prinosa i kvaliteta.<\/p>","protected":false},"excerpt":{"rendered":"<p>Karakteristike:<\/p>\n<ul>\n<li>Proizvo\u0111a\u010d\u00a0 Cosun seed Francuska<\/li>\n<li>Setvena norma iznosi 195kg\/ha<\/li>\n<li>Klas sa osjem<\/li>\n<li>Hektolitarska masa je iznad 80<\/li>\n<li>Optimalni rok setve\u00a0 05.10-20.10<\/li>\n<\/ul>\n<p>Pakovanje 25kg<\/p>","protected":false},"featured_media":6191,"template":"","meta":[],"product_brand":[],"product_cat":[340,335],"product_tag":[],"class_list":{"0":"post-6164","1":"product","2":"type-product","3":"status-publish","4":"has-post-thumbnail","6":"product_cat-seme-strnih-zita","7":"product_cat-semenska-roba","9":"first","10":"instock","11":"shipping-taxable","12":"product-type-simple"},"_links":{"self":[{"href":"https:\/\/agrarpetrovic.rs\/en\/wp-json\/wp\/v2\/product\/6164","targetHints":{"allow":["GET"]}}],"collection":[{"href":"https:\/\/agrarpetrovic.rs\/en\/wp-json\/wp\/v2\/product"}],"about":[{"href":"https:\/\/agrarpetrovic.rs\/en\/wp-json\/wp\/v2\/types\/product"}],"wp:featuredmedia":[{"embeddable":true,"href":"https:\/\/agrarpetrovic.rs\/en\/wp-json\/wp\/v2\/media\/6191"}],"wp:attachment":[{"href":"https:\/\/agrarpetrovic.rs\/en\/wp-json\/wp\/v2\/media?parent=6164"}],"wp:term":[{"taxonomy":"product_brand","embeddable":true,"href":"https:\/\/agrarpetrovic.rs\/en\/wp-json\/wp\/v2\/product_brand?post=6164"},{"taxonomy":"product_cat","embeddable":true,"href":"https:\/\/agrarpetrovic.rs\/en\/wp-json\/wp\/v2\/product_cat?post=6164"},{"taxonomy":"product_tag","embeddable":true,"href":"https:\/\/agrarpetrovic.rs\/en\/wp-json\/wp\/v2\/product_tag?post=6164"}],"curies":[{"name":"wp","href":"https:\/\/api.w.org\/{rel}","templated":true}]}}