{"id":6166,"date":"2023-07-13T16:31:46","date_gmt":"2023-07-13T14:31:46","guid":{"rendered":"https:\/\/agrarpetrovic.rs\/?post_type=product&#038;p=6166"},"modified":"2023-07-13T16:32:01","modified_gmt":"2023-07-13T14:32:01","slug":"sem-ovas-vranac","status":"publish","type":"product","link":"https:\/\/agrarpetrovic.rs\/en\/proizvod\/sem-ovas-vranac\/","title":{"rendered":"SEM. OVAS VRANAC"},"content":{"rendered":"","protected":false},"excerpt":{"rendered":"<p>Norma setve:\u00a0<strong>140-160 kg\/ha; 14-16 kg\/dulum<\/strong><\/p>\n<p>Karakteristike:<\/p>\n<ul>\n<li>Prva priznata sorta ozimog ovsa u Srbiji<\/li>\n<li>Gaji se i kao jari usev<\/li>\n<li>Srednje rana sorta poluzbijene \u017eute metlice<\/li>\n<li>Visina biljke oko 105cm<\/li>\n<li>Dobra otpornost na bolesti<\/li>\n<li>Dobra otpornost na poleganje<\/li>\n<li>Podnosi temperature od -12C bez snega<\/li>\n<li>Izuzetno se bokori<\/li>\n<li>Krupnog je zrna koje sadr\u017ei 13-14% belan\u010devina, oko 12% celuloze i iznad 5% ulja<\/li>\n<li>Vrlo produktivna sorta, potencijal prinosa iznad 5t<\/li>\n<li>Mo\u017ee se koristiti i kao zelena sto\u010dna hrana, seno i sila\u017ea<\/li>\n<\/ul>\n<p>Kvalitet:<\/p>\n<ul>\n<li>Veliko \u017euto zrno, velika masa 1.000 zrna<\/li>\n<li>Visok sadr\u017eaj proteina 12,4%<\/li>\n<li>Srednje visoka iskoristivost za proizvodnju ovsenih pahuljica<\/li>\n<\/ul>","protected":false},"featured_media":6193,"template":"","meta":[],"product_brand":[],"product_cat":[340,335],"product_tag":[],"class_list":{"0":"post-6166","1":"product","2":"type-product","3":"status-publish","4":"has-post-thumbnail","6":"product_cat-seme-strnih-zita","7":"product_cat-semenska-roba","9":"first","10":"instock","11":"shipping-taxable","12":"product-type-simple"},"_links":{"self":[{"href":"https:\/\/agrarpetrovic.rs\/en\/wp-json\/wp\/v2\/product\/6166","targetHints":{"allow":["GET"]}}],"collection":[{"href":"https:\/\/agrarpetrovic.rs\/en\/wp-json\/wp\/v2\/product"}],"about":[{"href":"https:\/\/agrarpetrovic.rs\/en\/wp-json\/wp\/v2\/types\/product"}],"wp:featuredmedia":[{"embeddable":true,"href":"https:\/\/agrarpetrovic.rs\/en\/wp-json\/wp\/v2\/media\/6193"}],"wp:attachment":[{"href":"https:\/\/agrarpetrovic.rs\/en\/wp-json\/wp\/v2\/media?parent=6166"}],"wp:term":[{"taxonomy":"product_brand","embeddable":true,"href":"https:\/\/agrarpetrovic.rs\/en\/wp-json\/wp\/v2\/product_brand?post=6166"},{"taxonomy":"product_cat","embeddable":true,"href":"https:\/\/agrarpetrovic.rs\/en\/wp-json\/wp\/v2\/product_cat?post=6166"},{"taxonomy":"product_tag","embeddable":true,"href":"https:\/\/agrarpetrovic.rs\/en\/wp-json\/wp\/v2\/product_tag?post=6166"}],"curies":[{"name":"wp","href":"https:\/\/api.w.org\/{rel}","templated":true}]}}