{"id":6171,"date":"2023-07-13T16:31:46","date_gmt":"2023-07-13T14:31:46","guid":{"rendered":"https:\/\/agrarpetrovic.rs\/?post_type=product&#038;p=6171"},"modified":"2023-07-13T16:32:02","modified_gmt":"2023-07-13T14:32:02","slug":"sem-jecam-donau-finola","status":"publish","type":"product","link":"https:\/\/agrarpetrovic.rs\/en\/proizvod\/sem-jecam-donau-finola\/","title":{"rendered":"SEM. JE\u010cAM DONAU FINOLA"},"content":{"rendered":"","protected":false},"excerpt":{"rendered":"<ul>\n<li>\u0160estoredni ozimi sto\u010dni je\u010dam namenjen ishrani \u017eivotinja<\/li>\n<li>Srednje rani je\u010dam<\/li>\n<li>Odli\u010dni aminokiselinski sastav<\/li>\n<li>Procenat proteina i do 15%<\/li>\n<li>Dobra otpornost na r\u0111u i bu\u0111<\/li>\n<li>Visokotolerantna na bolesti lista i klasa<\/li>\n<li>Dobar kvalitet zrna<\/li>\n<li>Za setvu je dovoljno 150-170 kg semena po hektaru, odnosno 350 klijavih zrna po m2<\/li>\n<li>Optimalan rok setve je od 10.10. &#8211; 15.10.<\/li>\n<\/ul>\n<p>Pakovanje: 25kg<\/p>","protected":false},"featured_media":6043,"template":"","meta":[],"product_brand":[],"product_cat":[340,335],"product_tag":[],"class_list":{"0":"post-6171","1":"product","2":"type-product","3":"status-publish","4":"has-post-thumbnail","6":"product_cat-seme-strnih-zita","7":"product_cat-semenska-roba","9":"first","10":"instock","11":"shipping-taxable","12":"product-type-simple"},"_links":{"self":[{"href":"https:\/\/agrarpetrovic.rs\/en\/wp-json\/wp\/v2\/product\/6171","targetHints":{"allow":["GET"]}}],"collection":[{"href":"https:\/\/agrarpetrovic.rs\/en\/wp-json\/wp\/v2\/product"}],"about":[{"href":"https:\/\/agrarpetrovic.rs\/en\/wp-json\/wp\/v2\/types\/product"}],"wp:featuredmedia":[{"embeddable":true,"href":"https:\/\/agrarpetrovic.rs\/en\/wp-json\/wp\/v2\/media\/6043"}],"wp:attachment":[{"href":"https:\/\/agrarpetrovic.rs\/en\/wp-json\/wp\/v2\/media?parent=6171"}],"wp:term":[{"taxonomy":"product_brand","embeddable":true,"href":"https:\/\/agrarpetrovic.rs\/en\/wp-json\/wp\/v2\/product_brand?post=6171"},{"taxonomy":"product_cat","embeddable":true,"href":"https:\/\/agrarpetrovic.rs\/en\/wp-json\/wp\/v2\/product_cat?post=6171"},{"taxonomy":"product_tag","embeddable":true,"href":"https:\/\/agrarpetrovic.rs\/en\/wp-json\/wp\/v2\/product_tag?post=6171"}],"curies":[{"name":"wp","href":"https:\/\/api.w.org\/{rel}","templated":true}]}}