{"id":6172,"date":"2023-07-13T16:31:46","date_gmt":"2023-07-13T14:31:46","guid":{"rendered":"https:\/\/agrarpetrovic.rs\/?post_type=product&#038;p=6172"},"modified":"2023-08-02T22:41:31","modified_gmt":"2023-08-02T20:41:31","slug":"rootex","status":"publish","type":"product","link":"https:\/\/agrarpetrovic.rs\/en\/proizvod\/rootex\/","title":{"rendered":"ROOTEX"},"content":{"rendered":"<div class=\"col-xs-12\">\n<h4>Preporu\u010dena upotreba i doziranje<\/h4>\n<\/div>\n<div class=\"col-xs-12 col-sm-4\"><img decoding=\"async\" class=\"img-responsive center-block\" src=\"http:\/\/www.agrimatco.rs\/ishrana_biljaka\/images\/cosmocel\/doziranje_rootexa.png\" \/><\/div>\n<div class=\"col-xs-12 col-sm-8\">\n<p>Za tek presa\u0111ene biljke se preporu\u010duje tretiranje ROOTEX-om \u010dim po\u010dne aktivnost korenovog sistema (1 do 5 dana posle presa\u0111ivanja), vode\u0107i ra\u010duna da ROOTEX ostane u zoni korena. Za bolje rezultate se preporu\u010duje ponavljanje tretmana jednom ili dva puta nedeljno. Kod ve\u0107 razvijenih jednogodi\u0161njih biljaka, preporu\u010dujemo da se ROOTEX primenjuje u intervalu od 10 do 15 dana. Kod vi\u0161egodi\u0161njih biljaka, tretiranje vr\u0161iti \u010dim po\u010dne \u201eprotok hranljivih materija iz korena\u201c, ili tokom zametanja ploda. Za bolje rezultate, tretman ponoviti jo\u0161 dva ili tri puta.<\/p>\n<\/div>","protected":false},"excerpt":{"rendered":"<div class=\"col-xs-12\">\n<p><em>Pra\u0161kast preparat sa visokom koncentracijom organskih ekstrakata, slobodnih L-amino kiselina i fosfora, odli\u010dan za podsticanje rasta korena u svim fazama razvoja biljke.<\/em><\/p>\n<p>ROOTEX je kombinacija organskih ekstrakta, fosfora, kalijuma i slobodnih L-amino kiselina, \u010diji je krajnji cilj:<\/p>\n<ul>\n<li>Da podsti\u010de i pospe\u0161uje ukorenjavanje<\/li>\n<li>Da intenzivira dalji rast korena<\/li>\n<\/ul>\n<\/div>\n<div class=\"col-xs-12 col-sm-6\">\n<p>Na podsticanje i pospe\u0161ivanje ukorenjavanja uti\u010du organski ekstrakti. Do intenziviranja daljeg rasta korena dolazi zahvaljuju\u0107i delovanju L-amino kiselina, kalijuma i fosfora. ROOTEX je proizvod koji se aplicira u zemlji\u0161te kod jednogodi\u0161njih i vi\u0161egodi\u0161njih biljaka koje se uzgajaju u uslovima navodnjavanja i za sezonske kulture. ROOTEX se mo\u017ee koristiti za tek presa\u0111ene i direktno zasejane kulture sa ciljem da ubrza primanje presa\u0111enog rasada i regeneraciju biljke posle presa\u0111ivanja, ujedna\u010deniji razvoj i smanjuje gubitak posle presa\u0111ivanja.<\/p>\n<p>Pored toga \u0161to stimuli\u0161e rast i razvoj biljaka, ROOTEX omogu\u0107ava da se biljka potpuno razvije kada korenov sistem nije dovoljno razvijen zbog razli\u010ditih problema, kao \u0161to su temperatura, vla\u017enost, ishrana, bolesti, koncentracija soli, itd.<\/p>\n<p>Pakovanje: 1kg; 5kg<\/p>\n<\/div>","protected":false},"featured_media":6197,"template":"","meta":[],"product_brand":[],"product_cat":[307,200,201],"product_tag":[],"class_list":{"0":"post-6172","1":"product","2":"type-product","3":"status-publish","4":"has-post-thumbnail","6":"product_cat-folijarna-djubriva","7":"product_cat-ishrana-bilja","8":"product_cat-vodotopiva-djubriva","10":"first","11":"instock","12":"shipping-taxable","13":"product-type-simple"},"_links":{"self":[{"href":"https:\/\/agrarpetrovic.rs\/en\/wp-json\/wp\/v2\/product\/6172","targetHints":{"allow":["GET"]}}],"collection":[{"href":"https:\/\/agrarpetrovic.rs\/en\/wp-json\/wp\/v2\/product"}],"about":[{"href":"https:\/\/agrarpetrovic.rs\/en\/wp-json\/wp\/v2\/types\/product"}],"wp:featuredmedia":[{"embeddable":true,"href":"https:\/\/agrarpetrovic.rs\/en\/wp-json\/wp\/v2\/media\/6197"}],"wp:attachment":[{"href":"https:\/\/agrarpetrovic.rs\/en\/wp-json\/wp\/v2\/media?parent=6172"}],"wp:term":[{"taxonomy":"product_brand","embeddable":true,"href":"https:\/\/agrarpetrovic.rs\/en\/wp-json\/wp\/v2\/product_brand?post=6172"},{"taxonomy":"product_cat","embeddable":true,"href":"https:\/\/agrarpetrovic.rs\/en\/wp-json\/wp\/v2\/product_cat?post=6172"},{"taxonomy":"product_tag","embeddable":true,"href":"https:\/\/agrarpetrovic.rs\/en\/wp-json\/wp\/v2\/product_tag?post=6172"}],"curies":[{"name":"wp","href":"https:\/\/api.w.org\/{rel}","templated":true}]}}