{"id":6174,"date":"2023-07-13T16:31:46","date_gmt":"2023-07-13T14:31:46","guid":{"rendered":"https:\/\/agrarpetrovic.rs\/?post_type=product&#038;p=6174"},"modified":"2023-07-13T16:32:04","modified_gmt":"2023-07-13T14:32:04","slug":"trazex","status":"publish","type":"product","link":"https:\/\/agrarpetrovic.rs\/en\/proizvod\/trazex\/","title":{"rendered":"TRAZEX"},"content":{"rendered":"<p><img decoding=\"async\" src=\"http:\/\/www.agrimatco.rs\/ishrana_biljaka\/images\/cosmocel\/trazex_primena.png\" \/><\/p>\n<h4>Preporuke za upotrebu i doza primene<\/h4>\n<p>Mi preporu\u010dujemo upotrebu Trazex-a tokom celog razvojnog ciklusa da bi se izbegli mogu\u0107i nedostaci mikroelemenata, posebno tokom faze intenzivnog porasta.<\/p>\n<p>TRAZEX je va\u017ean izvor mikroelemenata kada postoje problemi u snabdevanju izazvani visokom pH vrednosti, prisustvom karbonata, niskim nivoom organske materije itd.<\/p>\n<p>Predla\u017eemo upotrebu TRAZEX-a 1 do 3 kg\/ha po tretmanu, zavisno od biljne vrste i razvojne faze.<\/p>","protected":false},"excerpt":{"rendered":"<div class=\"col-xs-12\">\n<p><em>Balansirani kompleks mikroelemenata (rastvorljivi prah) za folijarnu upotrebu, oboga\u0107en organskim ekstraktima i slobodnim amino kiselinama tipa L. Savr\u0161en za primenu kao preventiva i ciljni tretman radi prevazila\u017eenja nedostataka mikroelemenata u svim razvojnim fazama.<\/em><\/p>\n<\/div>\n<div class=\"col-xs-12 col-sm-9\">\n<p>Mikroelementi su neophodni za \u017eivot biljke, njihove potrebe se razlikuju od makroelemenata kvantitativnim zahtevima. Glavna funkcija mikroelemenata u biljci je da se uklju\u010duju u enzimske sisteme kao osnovni \u010dinioci ili aktivatori procesa. Njihovo prisustvo je veoma va\u017eno radi omogu\u0107avanja efikasnih i pravovremenih metaboli\u010dkih procesa.<\/p>\n<p>Trazex je uravnote\u017een kompleks mikroelemenata (rastvorljivi prah) za folijarnu upotrebu sa visokom koncentracijom gvo\u017e\u0111a, mangana, cinka, bakra i dopunom sa organskim ekstraktom i slobodnim amino kiselinama tipa L; savr\u0161en za pobolj\u0161anje stanja biljke u svim svojim fiziolo\u0161kim fazama.<\/p>\n<p>Trazex sadr\u017ei 22% mikroelemenata u esencijalnoj formi, bez sadr\u017eaja hlorida, a tako\u0111e je predvi\u0111en za olak\u0161ano usvajanje mikroelemenata u alkalnim uslovima.<\/p>\n<\/div>","protected":false},"featured_media":6199,"template":"","meta":[],"product_brand":[],"product_cat":[307,200,301],"product_tag":[],"class_list":{"0":"post-6174","1":"product","2":"type-product","3":"status-publish","4":"has-post-thumbnail","6":"product_cat-folijarna-djubriva","7":"product_cat-ishrana-bilja","8":"product_cat-mikroelementarna-djubriva","10":"first","11":"instock","12":"shipping-taxable","13":"product-type-simple"},"_links":{"self":[{"href":"https:\/\/agrarpetrovic.rs\/en\/wp-json\/wp\/v2\/product\/6174","targetHints":{"allow":["GET"]}}],"collection":[{"href":"https:\/\/agrarpetrovic.rs\/en\/wp-json\/wp\/v2\/product"}],"about":[{"href":"https:\/\/agrarpetrovic.rs\/en\/wp-json\/wp\/v2\/types\/product"}],"wp:featuredmedia":[{"embeddable":true,"href":"https:\/\/agrarpetrovic.rs\/en\/wp-json\/wp\/v2\/media\/6199"}],"wp:attachment":[{"href":"https:\/\/agrarpetrovic.rs\/en\/wp-json\/wp\/v2\/media?parent=6174"}],"wp:term":[{"taxonomy":"product_brand","embeddable":true,"href":"https:\/\/agrarpetrovic.rs\/en\/wp-json\/wp\/v2\/product_brand?post=6174"},{"taxonomy":"product_cat","embeddable":true,"href":"https:\/\/agrarpetrovic.rs\/en\/wp-json\/wp\/v2\/product_cat?post=6174"},{"taxonomy":"product_tag","embeddable":true,"href":"https:\/\/agrarpetrovic.rs\/en\/wp-json\/wp\/v2\/product_tag?post=6174"}],"curies":[{"name":"wp","href":"https:\/\/api.w.org\/{rel}","templated":true}]}}