{"id":6175,"date":"2023-07-13T16:31:46","date_gmt":"2023-07-13T14:31:46","guid":{"rendered":"https:\/\/agrarpetrovic.rs\/?post_type=product&#038;p=6175"},"modified":"2023-07-13T16:32:04","modified_gmt":"2023-07-13T14:32:04","slug":"ratimor","status":"publish","type":"product","link":"https:\/\/agrarpetrovic.rs\/en\/proizvod\/ratimor\/","title":{"rendered":"RATIMOR"},"content":{"rendered":"","protected":false},"excerpt":{"rendered":"<h3>OPIS:<\/h3>\n<div id=\"description\" class=\"columns small-12\">\n<div id=\"description\" class=\"columns small-12\">\n<ul>\n<li>Rodenticid u obliku mekog mamka na bazi aktivne materije bromadiolona,za op\u0161tu i profesionalnu upotrebu.<\/li>\n<li>Pakovanje : 250g<\/li>\n<li>Doziranje:<\/li>\n<li><i>Za mi\u0161eve:<\/i>\u00a0Postaviti 30g mamaka<\/li>\n<li>(3 kesice) na svakih 2-5 metara.<\/li>\n<li><i>Za pacove:<\/i>\u00a0Postaviti 180g mamaka<\/li>\n<li>(18 kesica) na svakih 5-10 metara.<\/li>\n<li>Mamke obnavljati sve dok glodari ne prestanu da ih uzimaju.<\/li>\n<li>Prednosti:<\/li>\n<li>-Posebno je podesan za glodare kada se nalaze u okru\u017eenju gde ima dovoljno njihove prirodne hrane.<\/li>\n<li>&#8211; Sadr\u017ei atraktant sa ukusom vanile koji privla\u010di \u0161teto\u010dine.<\/li>\n<li>&#8211; Izuzetno efikasan zbog odlo\u017eenog dejstva.<\/li>\n<li>&#8211; Sadr\u017ei Bitrex gadivo za doma\u0107e \u017eivotinje. Potrebno je da pojedu 10% svoje te\u017eine da bi do\u0161lo do trovanja.<\/li>\n<li>&#8211; Sadr\u017ei BHT mumifikator.Glodari se posle smrti osu\u0161e.<\/li>\n<li>&#8211; Za\u0161titne rukavice su prilo\u017eene<\/li>\n<\/ul>\n<p>Pakovanje: 250g; 500g<\/p>\n<\/div>\n<\/div>","protected":false},"featured_media":6200,"template":"","meta":[],"product_brand":[],"product_cat":[294,202],"product_tag":[],"class_list":{"0":"post-6175","1":"product","2":"type-product","3":"status-publish","4":"has-post-thumbnail","6":"product_cat-rodenticidi","7":"product_cat-zastita-bilja","9":"first","10":"instock","11":"shipping-taxable","12":"product-type-simple"},"_links":{"self":[{"href":"https:\/\/agrarpetrovic.rs\/en\/wp-json\/wp\/v2\/product\/6175","targetHints":{"allow":["GET"]}}],"collection":[{"href":"https:\/\/agrarpetrovic.rs\/en\/wp-json\/wp\/v2\/product"}],"about":[{"href":"https:\/\/agrarpetrovic.rs\/en\/wp-json\/wp\/v2\/types\/product"}],"wp:featuredmedia":[{"embeddable":true,"href":"https:\/\/agrarpetrovic.rs\/en\/wp-json\/wp\/v2\/media\/6200"}],"wp:attachment":[{"href":"https:\/\/agrarpetrovic.rs\/en\/wp-json\/wp\/v2\/media?parent=6175"}],"wp:term":[{"taxonomy":"product_brand","embeddable":true,"href":"https:\/\/agrarpetrovic.rs\/en\/wp-json\/wp\/v2\/product_brand?post=6175"},{"taxonomy":"product_cat","embeddable":true,"href":"https:\/\/agrarpetrovic.rs\/en\/wp-json\/wp\/v2\/product_cat?post=6175"},{"taxonomy":"product_tag","embeddable":true,"href":"https:\/\/agrarpetrovic.rs\/en\/wp-json\/wp\/v2\/product_tag?post=6175"}],"curies":[{"name":"wp","href":"https:\/\/api.w.org\/{rel}","templated":true}]}}