{"id":6177,"date":"2023-07-13T16:31:46","date_gmt":"2023-07-13T14:31:46","guid":{"rendered":"https:\/\/agrarpetrovic.rs\/?post_type=product&#038;p=6177"},"modified":"2023-07-13T16:32:04","modified_gmt":"2023-07-13T14:32:04","slug":"prskalica-matabi-evolution-16l","status":"publish","type":"product","link":"https:\/\/agrarpetrovic.rs\/en\/proizvod\/prskalica-matabi-evolution-16l\/","title":{"rendered":"PRSKALICA MATABI EVOLUTION 16L"},"content":{"rendered":"","protected":false},"excerpt":{"rendered":"<p>Le\u0111na prskalica Evolution 16l Matabi<\/p>\n<p>Profesionalna prskalica sa inovativnim regulatorom pritiska koji daje mogu\u0107nost prskanja sa kontinuiranim pritiskom u zavisnosti od namene<br \/>\nRegulator pritiska ima 3 polo\u017eaja: slobodan protok i 1,5 i 3 bara<br \/>\nKada se koristi za herbicide mo\u017ee se podesiti na pritisak od 1,5 bara<br \/>\nKada se radi sa insekticidima i fungicidima mo\u017ee se podesiti na pritisak 3 bara<br \/>\nSna\u017ean i lagan rezervoar od polipropilena<br \/>\nDr\u0161ka od fiberglasa 95 cm sa ru\u010dicom od ner\u0111aju\u0107eg \u010delika<br \/>\nProzirni bo\u010dni indikator nivoa<br \/>\nPostavljeni podesivi kai\u0161evi za no\u0161enje preko ramena<br \/>\nIntegrisana ergonomska ru\u010dka<br \/>\nU kompletu je set dizni za sve namene, komplet gumica i dozator za pesticide<br \/>\nGarancija je 5 godina<\/p>\n<p>Kapacitet: 16 litara<br \/>\nDu\u017eina dr\u0161ke: 95 cm<br \/>\nDu\u017eina creva: 1,3 m<\/p>","protected":false},"featured_media":6201,"template":"","meta":[],"product_brand":[],"product_cat":[216,311],"product_tag":[],"class_list":{"0":"post-6177","1":"product","2":"type-product","3":"status-publish","4":"has-post-thumbnail","6":"product_cat-garden-program","7":"product_cat-prskalice","9":"first","10":"instock","11":"shipping-taxable","12":"product-type-simple"},"_links":{"self":[{"href":"https:\/\/agrarpetrovic.rs\/en\/wp-json\/wp\/v2\/product\/6177","targetHints":{"allow":["GET"]}}],"collection":[{"href":"https:\/\/agrarpetrovic.rs\/en\/wp-json\/wp\/v2\/product"}],"about":[{"href":"https:\/\/agrarpetrovic.rs\/en\/wp-json\/wp\/v2\/types\/product"}],"wp:featuredmedia":[{"embeddable":true,"href":"https:\/\/agrarpetrovic.rs\/en\/wp-json\/wp\/v2\/media\/6201"}],"wp:attachment":[{"href":"https:\/\/agrarpetrovic.rs\/en\/wp-json\/wp\/v2\/media?parent=6177"}],"wp:term":[{"taxonomy":"product_brand","embeddable":true,"href":"https:\/\/agrarpetrovic.rs\/en\/wp-json\/wp\/v2\/product_brand?post=6177"},{"taxonomy":"product_cat","embeddable":true,"href":"https:\/\/agrarpetrovic.rs\/en\/wp-json\/wp\/v2\/product_cat?post=6177"},{"taxonomy":"product_tag","embeddable":true,"href":"https:\/\/agrarpetrovic.rs\/en\/wp-json\/wp\/v2\/product_tag?post=6177"}],"curies":[{"name":"wp","href":"https:\/\/api.w.org\/{rel}","templated":true}]}}