{"id":6182,"date":"2023-07-13T16:31:47","date_gmt":"2023-07-13T14:31:47","guid":{"rendered":"https:\/\/agrarpetrovic.rs\/?post_type=product&#038;p=6182"},"modified":"2023-07-13T16:32:06","modified_gmt":"2023-07-13T14:32:06","slug":"motorna-testera-villager-vgs-3011-pe","status":"publish","type":"product","link":"https:\/\/agrarpetrovic.rs\/en\/proizvod\/motorna-testera-villager-vgs-3011-pe\/","title":{"rendered":"MOTORNA TESTERA VILLAGER VGS 3011 PE"},"content":{"rendered":"<h2>OPIS<\/h2>\n<p>Villager\u00ae je u saradnji sa stru\u010dnjacima ma\u0161inske struke u proteklih par godina razvio potpuno novu platformu motornih testera.<br \/>\nKori\u0161\u0107enjem savremenih tehnologija i novih materijala postignuti su zavidni rezultati na polju unapre\u0111enja kvaliteta, pouzdanosti i dugotrajnosti ure\u0111aja.<\/p>\n<p><strong>Osobine:<\/strong><\/p>\n<ul>\n<li>Antivibration System<\/li>\n<li>Champion\u00ae sve\u0107ica<\/li>\n<\/ul>\n<p><strong>Preporuka:<\/strong><\/p>\n<ul>\n<li>Koristiti sme\u0161u goriva i Villager 2T ulja u razmeri 40:1 (2.5%)<\/li>\n<\/ul>\n<p>Villager VGS 3011 PE koristi lanac koraka 1\/4\u201d (mali zub) \u0161to omugu\u0107ava izuzetno miran i precizan zasek, nizak nivo vibracija. Zdru\u017eeno sa malom masom i dobrom ergonomijom rada namenjen je pre svega preciznim i zahtevnim presecima (carving), sanitarnoj se\u010di, gra\u0111evinarstvu ali i orezivanju vo\u0107a.<\/p>\n<p>Specijalna vodilica sa vrhom pre\u010dnika 10 mm omugu\u0107ava precizan rad i znatno smanjenu mogu\u0107nost povratnog udara.<\/p>\n<p>Za razliku od od klasi\u010dnih vodilica Carving vodilice imaju veoma mali radijus na vrhu, zbog toga je bitno da lanac ne bude potpuno zategnut zbog velikih optere\u0107enja. Preporuka je da se prilokom kontrole zategnutosti lanca vidi polovina pogonskih karika. Time se izvbegava istezanje, pregrevanje i pucanje lanca.<\/p>","protected":false},"excerpt":{"rendered":"<table class=\"table\">\n<thead>\n<tr>\n<th colspan=\"2\">Karakteristike<\/th>\n<\/tr>\n<\/thead>\n<tbody>\n<tr>\n<td>Kategorija<\/td>\n<td><strong>Motorne testere<\/strong><\/td>\n<\/tr>\n<tr>\n<td>Tip motora<\/td>\n<td><strong>Dvotaktni, vazdu\u0161no hla\u0111eni<\/strong><\/td>\n<\/tr>\n<tr>\n<td>Zapremina motora<\/td>\n<td><strong>28.5 cm\u00b3<\/strong><\/td>\n<\/tr>\n<tr>\n<td>Snaga motora \/ broj obrtaja<\/td>\n<td><strong>1.0 kW (12000 rpm)<\/strong><\/td>\n<\/tr>\n<tr>\n<td>Du\u017eina vodilice<\/td>\n<td><strong>300 mm<\/strong><\/td>\n<\/tr>\n<tr>\n<td>Model vodilice<\/td>\n<td><strong>Villager\u00ae carving vodilica<\/strong><\/td>\n<\/tr>\n<tr>\n<td>Broj zuba lanca<\/td>\n<td><strong>32<\/strong><\/td>\n<\/tr>\n<tr>\n<td>Model lanca<\/td>\n<td><strong>1\/4 mali zub<\/strong><\/td>\n<\/tr>\n<tr>\n<td>Masa<\/td>\n<td><strong>3,4 kg<\/strong><\/td>\n<\/tr>\n<\/tbody>\n<\/table>","protected":false},"featured_media":6203,"template":"","meta":[],"product_brand":[],"product_cat":[216,304],"product_tag":[],"class_list":{"0":"post-6182","1":"product","2":"type-product","3":"status-publish","4":"has-post-thumbnail","6":"product_cat-garden-program","7":"product_cat-motorne-testere","9":"first","10":"instock","11":"shipping-taxable","12":"product-type-simple"},"_links":{"self":[{"href":"https:\/\/agrarpetrovic.rs\/en\/wp-json\/wp\/v2\/product\/6182","targetHints":{"allow":["GET"]}}],"collection":[{"href":"https:\/\/agrarpetrovic.rs\/en\/wp-json\/wp\/v2\/product"}],"about":[{"href":"https:\/\/agrarpetrovic.rs\/en\/wp-json\/wp\/v2\/types\/product"}],"wp:featuredmedia":[{"embeddable":true,"href":"https:\/\/agrarpetrovic.rs\/en\/wp-json\/wp\/v2\/media\/6203"}],"wp:attachment":[{"href":"https:\/\/agrarpetrovic.rs\/en\/wp-json\/wp\/v2\/media?parent=6182"}],"wp:term":[{"taxonomy":"product_brand","embeddable":true,"href":"https:\/\/agrarpetrovic.rs\/en\/wp-json\/wp\/v2\/product_brand?post=6182"},{"taxonomy":"product_cat","embeddable":true,"href":"https:\/\/agrarpetrovic.rs\/en\/wp-json\/wp\/v2\/product_cat?post=6182"},{"taxonomy":"product_tag","embeddable":true,"href":"https:\/\/agrarpetrovic.rs\/en\/wp-json\/wp\/v2\/product_tag?post=6182"}],"curies":[{"name":"wp","href":"https:\/\/api.w.org\/{rel}","templated":true}]}}