{"id":6183,"date":"2023-07-13T16:31:47","date_gmt":"2023-07-13T14:31:47","guid":{"rendered":"https:\/\/agrarpetrovic.rs\/?post_type=product&#038;p=6183"},"modified":"2023-07-13T16:32:07","modified_gmt":"2023-07-13T14:32:07","slug":"akumulatorska-testera-villager-vbt-1440","status":"publish","type":"product","link":"https:\/\/agrarpetrovic.rs\/en\/proizvod\/akumulatorska-testera-villager-vbt-1440\/","title":{"rendered":"AKUMULATORSKA TESTERA VILLAGER VBT 1440"},"content":{"rendered":"<h2>OPIS<\/h2>\n<p>Oprema:<\/p>\n<ul>\n<li>Automatsko podmazivanje<\/li>\n<li>Mehani\u010dka ko\u010dnica lanca<\/li>\n<li>Zatezanje lanca bez alata<\/li>\n<\/ul>\n<p>Napomena:<\/p>\n<ul>\n<li>ure\u0111aj se isporu\u010duje bez baterija i punja\u010da<\/li>\n<li>broj zaseka sa baterijom (2 x 2 Ah) &#8211; do 26<\/li>\n<li>broj zaseka sa baterijom (2 x 4 Ah) &#8211; do 52<\/li>\n<\/ul>","protected":false},"excerpt":{"rendered":"<table class=\"table\">\n<thead>\n<tr>\n<th colspan=\"2\">Karakteristike<\/th>\n<\/tr>\n<\/thead>\n<tbody>\n<tr>\n<td>Kategorija<\/td>\n<td><strong>Akumulatorske testere<\/strong><\/td>\n<\/tr>\n<tr>\n<td>Tip baterije<\/td>\n<td><strong>Fuse 18 V, Li-ion<\/strong><\/td>\n<\/tr>\n<tr>\n<td>Napon<\/td>\n<td><strong>36 V (2 \u00d7 18 V)<\/strong><\/td>\n<\/tr>\n<tr>\n<td>Broj zaseka<\/td>\n<td><strong>do 52<\/strong><\/td>\n<\/tr>\n<tr>\n<td>Tip se\u010diva<\/td>\n<td><strong>Vodilica i lanac<\/strong><\/td>\n<\/tr>\n<tr>\n<td>Radni zahvat<\/td>\n<td><strong>350 mm (26 zuba, 3\/8, 1.3 mm)<\/strong><\/td>\n<\/tr>\n<tr>\n<td>Pre\u010dnik se\u010denja<\/td>\n<td><strong>250 mm<\/strong><\/td>\n<\/tr>\n<tr>\n<td>Tip rukohvata<\/td>\n<td><strong>Soft grip rukohvat<\/strong><\/td>\n<\/tr>\n<tr>\n<td>Masa<\/td>\n<td><strong>4.35 kg<\/strong><\/td>\n<\/tr>\n<\/tbody>\n<\/table>","protected":false},"featured_media":6204,"template":"","meta":[],"product_brand":[],"product_cat":[327,323,216],"product_tag":[],"class_list":{"0":"post-6183","1":"product","2":"type-product","3":"status-publish","4":"has-post-thumbnail","6":"product_cat-elektricne-testere","7":"product_cat-elektricni-alat","8":"product_cat-garden-program","10":"first","11":"instock","12":"shipping-taxable","13":"product-type-simple"},"_links":{"self":[{"href":"https:\/\/agrarpetrovic.rs\/en\/wp-json\/wp\/v2\/product\/6183","targetHints":{"allow":["GET"]}}],"collection":[{"href":"https:\/\/agrarpetrovic.rs\/en\/wp-json\/wp\/v2\/product"}],"about":[{"href":"https:\/\/agrarpetrovic.rs\/en\/wp-json\/wp\/v2\/types\/product"}],"wp:featuredmedia":[{"embeddable":true,"href":"https:\/\/agrarpetrovic.rs\/en\/wp-json\/wp\/v2\/media\/6204"}],"wp:attachment":[{"href":"https:\/\/agrarpetrovic.rs\/en\/wp-json\/wp\/v2\/media?parent=6183"}],"wp:term":[{"taxonomy":"product_brand","embeddable":true,"href":"https:\/\/agrarpetrovic.rs\/en\/wp-json\/wp\/v2\/product_brand?post=6183"},{"taxonomy":"product_cat","embeddable":true,"href":"https:\/\/agrarpetrovic.rs\/en\/wp-json\/wp\/v2\/product_cat?post=6183"},{"taxonomy":"product_tag","embeddable":true,"href":"https:\/\/agrarpetrovic.rs\/en\/wp-json\/wp\/v2\/product_tag?post=6183"}],"curies":[{"name":"wp","href":"https:\/\/api.w.org\/{rel}","templated":true}]}}