{"id":6184,"date":"2023-07-13T16:31:47","date_gmt":"2023-07-13T14:31:47","guid":{"rendered":"https:\/\/agrarpetrovic.rs\/?post_type=product&#038;p=6184"},"modified":"2025-10-23T11:55:02","modified_gmt":"2025-10-23T09:55:02","slug":"score-toprex","status":"publish","type":"product","link":"https:\/\/agrarpetrovic.rs\/en\/proizvod\/score-toprex\/","title":{"rendered":"SCORE TOPREX"},"content":{"rendered":"<p><img fetchpriority=\"high\" decoding=\"async\" class=\"alignnone wp-image-7098\" src=\"http:\/\/media1.agrarpetrovic.rs\/2019\/09\/scoretoprex-uljana-repica_slika1-300x118.png\" alt=\"\" width=\"413\" height=\"164\" \/><img decoding=\"async\" class=\"alignnone wp-image-7096\" src=\"http:\/\/media1.agrarpetrovic.rs\/2019\/09\/scoretoprex-uljana-repica_slika_prolece2-300x155.png\" alt=\"\" width=\"415\" height=\"213\" \/><\/p>","protected":false},"excerpt":{"rendered":"<div class=\"regions-wrapper\">\n<div class=\"panel-panel twocols-33-67__left\">\n<div class=\"panel-pane pane-entity-field pane-node-field-product-cp-type\">\n<div class=\"field field-name-field-product-cp-type field-type-entityreference field-label-hidden\">\n<div class=\"field-items\">\n<div class=\"textformatter-list\">FUNGICID<\/div>\n<\/div>\n<\/div>\n<\/div>\n<div class=\"panel-pane pane-entity-field pane-node-field-product-cp-category\">\n<div class=\"field field-name-field-product-cp-category field-type-entityreference field-label-hidden\">\n<div class=\"field-items\">\n<div class=\"field-item even\">\n<div id=\"taxonomy-term-521\" class=\"taxonomy-term vocabulary-product-cp-category taxonomy-image-view-mode\">\n<h3>SREDSTVO ZA ZA\u0160TITU BILJA<\/h3>\n<\/div>\n<\/div>\n<\/div>\n<\/div>\n<\/div>\n<\/div>\n<div class=\"panel-panel twocols-33-67__right\">\n<div class=\"panel-pane pane-entity-field pane-node-field-product-cp-composition\">\n<div class=\"field field-name-field-product-cp-composition field-type-field-collection field-label-inline clearfix\">\n<div class=\"field-label\">Aktivna materija:<\/div>\n<div class=\"field-items\">\n<div class=\"field-item even\">\n<div class=\"entity entity-field-collection-item field-collection-item-field-product-cp-composition without-desc-link without-desc clearfix\">\n<div class=\"content\">\n<div class=\"field field-name-field-product-cp-comp-active-qty field-type-text field-label-hidden\">\n<div class=\"field-items\">\n<div class=\"field-item even\">250 g\/l<\/div>\n<\/div>\n<\/div>\n<div class=\"field field-name-field-product-cp-comp-active-ing field-type-entityreference field-label-hidden\">\n<div class=\"field-items\">\n<div class=\"field-item even\">Difenokonazol<\/div>\n<\/div>\n<\/div>\n<\/div>\n<\/div>\n<\/div>\n<div class=\"field-item odd\">\n<div class=\"entity entity-field-collection-item field-collection-item-field-product-cp-composition without-desc-link without-desc clearfix\">\n<div class=\"content\">\n<div class=\"field field-name-field-product-cp-comp-active-qty field-type-text field-label-hidden\">\n<div class=\"field-items\">\n<div class=\"field-item even\">125 g\/l<\/div>\n<\/div>\n<\/div>\n<div class=\"field field-name-field-product-cp-comp-active-ing field-type-entityreference field-label-hidden\">\n<div class=\"field-items\">\n<div class=\"field-item even\">Paklobutrazol<\/div>\n<\/div>\n<\/div>\n<\/div>\n<\/div>\n<\/div>\n<\/div>\n<\/div>\n<\/div>\n<div class=\"panel-pane pane-entity-field pane-node-field-product-cp-mode-of-action\">\n<div class=\"field field-name-field-product-cp-mode-of-action field-type-text-long field-label-inline clearfix\">\n<div class=\"field-label\">Na\u010din delovanja:<\/div>\n<div class=\"field-items\">\n<div class=\"field-item even\">Koncentrovana suspenzija (SC)<\/div>\n<\/div>\n<\/div>\n<\/div>\n<\/div>\n<\/div>\n<div class=\"panel-panel panel-col-bottom\">\n<div class=\"panel-pane pane-entity-field pane-node-body\">\n<div class=\"field field-name-body field-type-text-with-summary field-label-hidden\">\n<div class=\"field-items\">\n<div class=\"field-item even\">\n<p>REGULATOR RASTA ULJANE REPICE\u00a0i FUNGICID<\/p>\n<p>SCORE TOPREX deluje kao regulator rasta uljane repice (delovanje aktivne materije PAKLOBUTRAZOL). Primenom preparata SCORE TOPREX se obezbe\u0111uju \u010dvr\u0161\u0107e stablo, kra\u0107e internodije i ja\u010di korenov sistem, odnosno umanjuje se mogu\u0107nost poleganja i pobolj\u0161ava se op\u0161te zdravstveno stanje biljaka.<\/p>\n<p>Osim toga deluje i kao fungicid (delovanje aktivne materije DIFENOKONAZOL) \u010dime se obezbe\u0111uje za\u0161tita od bolesti poput Phoma-e i bele pegavosti.<\/p>\n<p>Koli\u010dina primene je 0,35 l\/ha.<\/p>\n<\/div>\n<\/div>\n<\/div>\n<\/div>\n<\/div>","protected":false},"featured_media":6230,"template":"","meta":[],"product_brand":[],"product_cat":[219,258,310,202],"product_tag":[447],"class_list":{"0":"post-6184","1":"product","2":"type-product","3":"status-publish","4":"has-post-thumbnail","6":"product_cat-fungicidi","7":"product_cat-fungicidi-u-uljanoj-repici","8":"product_cat-regulatori-rasta","9":"product_cat-zastita-bilja","10":"product_tag-difenokonazol","12":"first","13":"outofstock","14":"shipping-taxable","15":"purchasable","16":"product-type-simple"},"_links":{"self":[{"href":"https:\/\/agrarpetrovic.rs\/en\/wp-json\/wp\/v2\/product\/6184","targetHints":{"allow":["GET"]}}],"collection":[{"href":"https:\/\/agrarpetrovic.rs\/en\/wp-json\/wp\/v2\/product"}],"about":[{"href":"https:\/\/agrarpetrovic.rs\/en\/wp-json\/wp\/v2\/types\/product"}],"wp:featuredmedia":[{"embeddable":true,"href":"https:\/\/agrarpetrovic.rs\/en\/wp-json\/wp\/v2\/media\/6230"}],"wp:attachment":[{"href":"https:\/\/agrarpetrovic.rs\/en\/wp-json\/wp\/v2\/media?parent=6184"}],"wp:term":[{"taxonomy":"product_brand","embeddable":true,"href":"https:\/\/agrarpetrovic.rs\/en\/wp-json\/wp\/v2\/product_brand?post=6184"},{"taxonomy":"product_cat","embeddable":true,"href":"https:\/\/agrarpetrovic.rs\/en\/wp-json\/wp\/v2\/product_cat?post=6184"},{"taxonomy":"product_tag","embeddable":true,"href":"https:\/\/agrarpetrovic.rs\/en\/wp-json\/wp\/v2\/product_tag?post=6184"}],"curies":[{"name":"wp","href":"https:\/\/api.w.org\/{rel}","templated":true}]}}