{"id":6185,"date":"2023-07-13T16:31:47","date_gmt":"2023-07-13T14:31:47","guid":{"rendered":"https:\/\/agrarpetrovic.rs\/?post_type=product&#038;p=6185"},"modified":"2023-07-13T16:32:13","modified_gmt":"2023-07-13T14:32:13","slug":"dijagonalna-testera-za-razrezivanje-villager-vlp1509","status":"publish","type":"product","link":"https:\/\/agrarpetrovic.rs\/en\/proizvod\/dijagonalna-testera-za-razrezivanje-villager-vlp1509\/","title":{"rendered":"DIJAGONALNA TESTERA ZA RAZREZIVANJE VILLAGER  VLP1509"},"content":{"rendered":"<h2>OPIS<\/h2>\n<p>Villager Vam nudi \u0161iroki spektar stacionarnih ma\u0161ina za sve vrste se\u010denja drveta, metala i keramike.<br \/>\nKarakteristike:<\/p>\n<ul>\n<li>Laser za precizno se\u010denje<\/li>\n<li>Pode\u0161avanje ugla se\u010denja<\/li>\n<\/ul>\n<p>Napomena:<\/p>\n<p>Ure\u0111aj se isporu\u010duje bez lista testere.<\/p>","protected":false},"excerpt":{"rendered":"<table class=\"table\">\n<thead>\n<tr>\n<th colspan=\"2\">Karakteristike<\/th>\n<\/tr>\n<\/thead>\n<tbody>\n<tr>\n<td>Kategorija<\/td>\n<td><strong>Stacionarne ma\u0161ine<\/strong><\/td>\n<\/tr>\n<tr>\n<td>Napon<\/td>\n<td><strong>230 V ~ 50 Hz<\/strong><\/td>\n<\/tr>\n<tr>\n<td>Priklju\u010dna snaga<\/td>\n<td><strong>1900 W<\/strong><\/td>\n<\/tr>\n<tr>\n<td>Broj obrtaja u praznom hodu<\/td>\n<td><strong>4700 rpm<\/strong><\/td>\n<\/tr>\n<tr>\n<td>Kapacitet se\u010denja (0\u00b0 \/ 90\u00b0)<\/td>\n<td><strong>85 mm \u00d7 300 mm<\/strong><\/td>\n<\/tr>\n<tr>\n<td>Kapacitet se\u010denja (0\u00b0 \/ 45\u00b0)<\/td>\n<td><strong>85 mm \u00d7 210 mm<\/strong><\/td>\n<\/tr>\n<tr>\n<td>Kapacitet se\u010denja (45\u00b0 \/ 90\u00b0)<\/td>\n<td><strong>45 mm \u00d7 300 mm<\/strong><\/td>\n<\/tr>\n<tr>\n<td>Kapacitet se\u010denja (45\u00b0 \/ 45\u00b0)<\/td>\n<td><strong>45 mm \u00d7 210 mm<\/strong><\/td>\n<\/tr>\n<tr>\n<td>Pre\u010dnik diska<\/td>\n<td><strong>255 mm \/ 25.4 mm<\/strong><\/td>\n<\/tr>\n<tr>\n<td>Masa<\/td>\n<td><strong>19.5 kg<\/strong><\/td>\n<\/tr>\n<\/tbody>\n<\/table>","protected":false},"featured_media":6231,"template":"","meta":[],"product_brand":[],"product_cat":[327,323,216],"product_tag":[],"class_list":{"0":"post-6185","1":"product","2":"type-product","3":"status-publish","4":"has-post-thumbnail","6":"product_cat-elektricne-testere","7":"product_cat-elektricni-alat","8":"product_cat-garden-program","10":"first","11":"instock","12":"shipping-taxable","13":"product-type-simple"},"_links":{"self":[{"href":"https:\/\/agrarpetrovic.rs\/en\/wp-json\/wp\/v2\/product\/6185","targetHints":{"allow":["GET"]}}],"collection":[{"href":"https:\/\/agrarpetrovic.rs\/en\/wp-json\/wp\/v2\/product"}],"about":[{"href":"https:\/\/agrarpetrovic.rs\/en\/wp-json\/wp\/v2\/types\/product"}],"wp:featuredmedia":[{"embeddable":true,"href":"https:\/\/agrarpetrovic.rs\/en\/wp-json\/wp\/v2\/media\/6231"}],"wp:attachment":[{"href":"https:\/\/agrarpetrovic.rs\/en\/wp-json\/wp\/v2\/media?parent=6185"}],"wp:term":[{"taxonomy":"product_brand","embeddable":true,"href":"https:\/\/agrarpetrovic.rs\/en\/wp-json\/wp\/v2\/product_brand?post=6185"},{"taxonomy":"product_cat","embeddable":true,"href":"https:\/\/agrarpetrovic.rs\/en\/wp-json\/wp\/v2\/product_cat?post=6185"},{"taxonomy":"product_tag","embeddable":true,"href":"https:\/\/agrarpetrovic.rs\/en\/wp-json\/wp\/v2\/product_tag?post=6185"}],"curies":[{"name":"wp","href":"https:\/\/api.w.org\/{rel}","templated":true}]}}