{"id":6207,"date":"2023-07-13T16:32:10","date_gmt":"2023-07-13T14:32:10","guid":{"rendered":"https:\/\/agrarpetrovic.rs\/?post_type=product&#038;p=6207"},"modified":"2023-07-13T16:32:14","modified_gmt":"2023-07-13T14:32:14","slug":"super-za-koke-nosilje-de-heus-kns","status":"publish","type":"product","link":"https:\/\/agrarpetrovic.rs\/en\/proizvod\/super-za-koke-nosilje-de-heus-kns\/","title":{"rendered":"SUPER ZA KOKE NOSILJE DE HEUS KNS"},"content":{"rendered":"<p>Kompanija De Heus pru\u017ea \u0161irok spektar proizvoda za ishranu \u017eivine, bilo da se bavite uzgojem koka nosilja, brojlera ili \u0107uraka. Po\u010dev\u0161i od kompletne sto\u010dne hrane i dodataka ishrani pa sve do koncentrata, premiksa pa \u010dak i sto\u010dne hrane formulisane po Va\u0161im potrebama.<\/p>\n<p>Svaka farma je jedinstvena na svoj na\u010din, pa samim tim zahteva i sopstvenu, jedinstvenu kombinaciju uzgoja, objekata za \u017eivinu, klime i upravljanja farmom. \u017divotinje i \u017eivotna sredina su ovde od su\u0161tinskog zna\u010daja. Zbog toga \u0161to dobro poznajemo \u017eivotinje, njihovu interakciju sa \u017eivotnom sredinom i zahteve po pitanju krajnjeg proizvoda, mi znamo kako da utvrdimo nutritivne potrebe \u017eivotnija. Kompanija De Heus koristi ove potrebe kako bi razvijala i proizvodila\u00a0proizvode za ishranu\u00a0koji su prilago\u0111eni odre\u0111enom stadijumu \u017eivotnog ciklusa \u017eivotinje, kao i specifi\u010dnoj situaciji farme i ciljevima farmera.<\/p>\n<p>Na\u0161i specijalisti za \u017eivinu su proaktivni, imaju preduzetni\u010dki duh i svakodnevno te\u017ee unapre\u0111enju Va\u0161eg poslovanja i kreiranju ve\u0107e dobiti. Ovakve motivacije i na\u0161\u00a0<a href=\"https:\/\/www.deheus.rs\/o-kompaniji-de-heus\/pristup-na-farmi\">pristup na-farmi<\/a>\u00a0obezbe\u0111uje da na\u0161i saveti i sto\u010dna hrana budu posebno prilago\u0111eni Va\u0161oj situaciji. Mi imamo samo jedan cilj: da postignemo optimalne rezultate sa na\u0161im potro\u0161a\u010dima. Jer ukoliko su na\u0161i potro\u0161a\u010di uspe\u0161ni, onda smo i mi uspe\u0161ni!<em>\u017delite li da saznate vi\u0161e o na\u0161oj sto\u010dnoj hrani za \u017eivinu, interesuje vas sastav ili cena na\u0161ih gotovih, dopunskih\u00a0sme\u0161a ili premiksa? Slobodno se obratite\u00a0<a href=\"https:\/\/www.deheus.rs\/kontakt\/nasi-savetnici\">nekom od na\u0161ih savetnika<\/a>.<\/em><\/p>","protected":false},"excerpt":{"rendered":"<p>Pakovanje: 10kg<\/p>\n<p><img decoding=\"async\" src=\"https:\/\/www.deheus.rs\/userfiles\/deheusrs\/images\/products\/brojleri_asortiman.jpg\" \/><\/p>","protected":false},"featured_media":6233,"template":"","meta":[],"product_brand":[],"product_cat":[196,343],"product_tag":[],"class_list":{"0":"post-6207","1":"product","2":"type-product","3":"status-publish","4":"has-post-thumbnail","6":"product_cat-ishrana-zivotinja","7":"product_cat-zivinarstvo","9":"first","10":"instock","11":"shipping-taxable","12":"product-type-simple"},"_links":{"self":[{"href":"https:\/\/agrarpetrovic.rs\/en\/wp-json\/wp\/v2\/product\/6207","targetHints":{"allow":["GET"]}}],"collection":[{"href":"https:\/\/agrarpetrovic.rs\/en\/wp-json\/wp\/v2\/product"}],"about":[{"href":"https:\/\/agrarpetrovic.rs\/en\/wp-json\/wp\/v2\/types\/product"}],"wp:featuredmedia":[{"embeddable":true,"href":"https:\/\/agrarpetrovic.rs\/en\/wp-json\/wp\/v2\/media\/6233"}],"wp:attachment":[{"href":"https:\/\/agrarpetrovic.rs\/en\/wp-json\/wp\/v2\/media?parent=6207"}],"wp:term":[{"taxonomy":"product_brand","embeddable":true,"href":"https:\/\/agrarpetrovic.rs\/en\/wp-json\/wp\/v2\/product_brand?post=6207"},{"taxonomy":"product_cat","embeddable":true,"href":"https:\/\/agrarpetrovic.rs\/en\/wp-json\/wp\/v2\/product_cat?post=6207"},{"taxonomy":"product_tag","embeddable":true,"href":"https:\/\/agrarpetrovic.rs\/en\/wp-json\/wp\/v2\/product_tag?post=6207"}],"curies":[{"name":"wp","href":"https:\/\/api.w.org\/{rel}","templated":true}]}}