{"id":6210,"date":"2023-07-13T16:32:10","date_gmt":"2023-07-13T14:32:10","guid":{"rendered":"https:\/\/agrarpetrovic.rs\/?post_type=product&#038;p=6210"},"modified":"2023-08-02T22:41:46","modified_gmt":"2023-08-02T20:41:46","slug":"ekobooster-max","status":"publish","type":"product","link":"https:\/\/agrarpetrovic.rs\/en\/proizvod\/ekobooster-max\/","title":{"rendered":"EKOBOOSTER MAX"},"content":{"rendered":"","protected":false},"excerpt":{"rendered":"<p>SASTAV: pH 8,5%, azot (N) 3%, kalijum (K) 4% i C\/N max 15%<\/p>\n<p>PRIMENA: te\u010dno organsko \u0111ubrivo viokih performansi, sa \u0161irokim spektrom primene u svim ratarskim, povrtarskim i vo\u0107arskim kulturama<\/p>\n<p>KOLI\u010cINA PRIMENE:<br \/>\nZa sve biljne kulture koncentracija od 0.5 do 1% , odnosno 1 litra EkoBooster MAX\u00ae<\/p>\n<p>U ratarstvu se primenjuje 1 litra EkoBooster MAX\u00ae na 1 hektar u jednom tretmanu sa 200-250 litara vode<\/p>\n<p>U vo\u0107arstvu primeniti 2 litre EkoBooster MAX\u00ae sa 600-800 litara vode po hektaru<\/p>\n<p>Povrtarske kulture tretirati u koncentraciji od 0,5 do 1% na svakih 14 dana. Optimalno je 3 tretmana u toku vegetacije.<\/p>\n<p>Rasad tretirati u koncentraciji 0,3 %<\/p>\n<p>Pakovanje: 1l; 10l<\/p>","protected":false},"featured_media":6235,"template":"","meta":[],"product_brand":[],"product_cat":[307,200,284,285],"product_tag":[],"class_list":{"0":"post-6210","1":"product","2":"type-product","3":"status-publish","4":"has-post-thumbnail","6":"product_cat-folijarna-djubriva","7":"product_cat-ishrana-bilja","8":"product_cat-organska-djubriva","9":"product_cat-tecna-djubriva","11":"first","12":"instock","13":"shipping-taxable","14":"product-type-simple"},"_links":{"self":[{"href":"https:\/\/agrarpetrovic.rs\/en\/wp-json\/wp\/v2\/product\/6210","targetHints":{"allow":["GET"]}}],"collection":[{"href":"https:\/\/agrarpetrovic.rs\/en\/wp-json\/wp\/v2\/product"}],"about":[{"href":"https:\/\/agrarpetrovic.rs\/en\/wp-json\/wp\/v2\/types\/product"}],"wp:featuredmedia":[{"embeddable":true,"href":"https:\/\/agrarpetrovic.rs\/en\/wp-json\/wp\/v2\/media\/6235"}],"wp:attachment":[{"href":"https:\/\/agrarpetrovic.rs\/en\/wp-json\/wp\/v2\/media?parent=6210"}],"wp:term":[{"taxonomy":"product_brand","embeddable":true,"href":"https:\/\/agrarpetrovic.rs\/en\/wp-json\/wp\/v2\/product_brand?post=6210"},{"taxonomy":"product_cat","embeddable":true,"href":"https:\/\/agrarpetrovic.rs\/en\/wp-json\/wp\/v2\/product_cat?post=6210"},{"taxonomy":"product_tag","embeddable":true,"href":"https:\/\/agrarpetrovic.rs\/en\/wp-json\/wp\/v2\/product_tag?post=6210"}],"curies":[{"name":"wp","href":"https:\/\/api.w.org\/{rel}","templated":true}]}}