{"id":6211,"date":"2023-07-13T16:32:10","date_gmt":"2023-07-13T14:32:10","guid":{"rendered":"https:\/\/agrarpetrovic.rs\/?post_type=product&#038;p=6211"},"modified":"2023-08-02T22:41:16","modified_gmt":"2023-08-02T20:41:16","slug":"ekobooster-2","status":"publish","type":"product","link":"https:\/\/agrarpetrovic.rs\/en\/proizvod\/ekobooster-2\/","title":{"rendered":"EKOBOOSTER 2"},"content":{"rendered":"","protected":false},"excerpt":{"rendered":"<p>SASTAV: Organska meterija 7,8%, Azot (N) 9%, Fosfor (P) 1% i Kalijum (K) 4%<\/p>\n<p>PRIMENA:<br \/>\nOrgansko eko-\u0111ubrivo, u te\u010dnom obliku, koristi se u vegetativnoj fazi rasta. EkoBooster 2 ubrzava transport hranljivih materija i svih metaboli\u010dkih procesa u bilci. Pove\u0107ava otpornost tretiranih biljaka na bolesti i druge stresne uslove. Mo\u017ee se koristiti zajedno sa herbicidima ,insekticidima i fungicidima (sem sa preparatima na bazi bakra i sumpora), \u0161to doprinosi njegovoj ekonomi\u010dnosti.<\/p>\n<p>KOLI\u010cINA PRIMENE:<br \/>\nU ratarstvu se primenjuje 1 litra EkoBooster2 na 1 hektar u jednom tretmanu sa 200-250 litara vode.<\/p>\n<p>U vo\u0107arstvu primeniti 2 litre EkoBooster2 sa 600-800 litara vode po hektaru.<\/p>\n<p>Povrtarske kulture tretirati u koncentraciji od 0,5 do 1% na svakih 14 dana. Optimalno je 3 tretmana u toku vegetacije.<\/p>\n<p>Rasad tretirati u koncentraciji 0,3 %.<\/p>\n<p>Pakovanje; 250ml; 1l; 10l<\/p>","protected":false},"featured_media":6236,"template":"","meta":[],"product_brand":[],"product_cat":[307,200,284,285],"product_tag":[],"class_list":{"0":"post-6211","1":"product","2":"type-product","3":"status-publish","4":"has-post-thumbnail","6":"product_cat-folijarna-djubriva","7":"product_cat-ishrana-bilja","8":"product_cat-organska-djubriva","9":"product_cat-tecna-djubriva","11":"first","12":"instock","13":"shipping-taxable","14":"product-type-simple"},"_links":{"self":[{"href":"https:\/\/agrarpetrovic.rs\/en\/wp-json\/wp\/v2\/product\/6211","targetHints":{"allow":["GET"]}}],"collection":[{"href":"https:\/\/agrarpetrovic.rs\/en\/wp-json\/wp\/v2\/product"}],"about":[{"href":"https:\/\/agrarpetrovic.rs\/en\/wp-json\/wp\/v2\/types\/product"}],"wp:featuredmedia":[{"embeddable":true,"href":"https:\/\/agrarpetrovic.rs\/en\/wp-json\/wp\/v2\/media\/6236"}],"wp:attachment":[{"href":"https:\/\/agrarpetrovic.rs\/en\/wp-json\/wp\/v2\/media?parent=6211"}],"wp:term":[{"taxonomy":"product_brand","embeddable":true,"href":"https:\/\/agrarpetrovic.rs\/en\/wp-json\/wp\/v2\/product_brand?post=6211"},{"taxonomy":"product_cat","embeddable":true,"href":"https:\/\/agrarpetrovic.rs\/en\/wp-json\/wp\/v2\/product_cat?post=6211"},{"taxonomy":"product_tag","embeddable":true,"href":"https:\/\/agrarpetrovic.rs\/en\/wp-json\/wp\/v2\/product_tag?post=6211"}],"curies":[{"name":"wp","href":"https:\/\/api.w.org\/{rel}","templated":true}]}}