{"id":6212,"date":"2023-07-13T16:32:10","date_gmt":"2023-07-13T14:32:10","guid":{"rendered":"https:\/\/agrarpetrovic.rs\/?post_type=product&#038;p=6212"},"modified":"2023-08-02T22:41:37","modified_gmt":"2023-08-02T20:41:37","slug":"ekobooster-1","status":"publish","type":"product","link":"https:\/\/agrarpetrovic.rs\/en\/proizvod\/ekobooster-1\/","title":{"rendered":"EKOBOOSTER 1"},"content":{"rendered":"","protected":false},"excerpt":{"rendered":"<p>SASTAV: Organska materija 2.8%, azot (N) 14%, fosfor (P) 2% i kalijum (K) 5%<\/p>\n<p>PRIMENA:<br \/>\nEkoBooster 1 \u00aeje , organsko \u0111ubrivo-biostimulator-bio regulator, preparat koji je namenjen obradi semena i ja\u010danju korenovog sistema tokom ukorenjavanja biljke. U sebi sadr\u017ei sve potrebne hranljive elemente za ranu fazu razvoja biljke. Preparat je organski i nije \u0161tetan po ljudsko zdravlje.Preparat nije napravljen na bazi svinjskog stajnjaka.<\/p>\n<p>KOLILINA PRIMENE:<br \/>\n1 litar na 100 kg semena kukuruza,<\/p>\n<p>1 litar na 200 kg semena suncokreta ,<\/p>\n<p>1 litar na 400 kg semena soje i p\u0161enice.<\/p>\n<p>U povrtaskim kulturama se primenjuje rastvor od 1 % na semenu paprike, lubenice, paradajza, salate. Potrebno je potopiti semenje na barem 20min u rastvor, dok za sitnozrno povr\u0107e mo\u017ee da se primenjuje zalivanje.<\/p>\n<p>EkoBooster 1 \u00ae se prilikom nano\u0161enja na seme mo\u017ee se me\u0161ati sa insekticidima i mikrobiolo\u0161kim preparatima (azotofiksatorima) radi postizanja maksimalnog u\u010dinka u procesu nicanja semena biljke.<\/p>\n<p>Pakovanje: 250ml; 1l; 10l<\/p>","protected":false},"featured_media":6237,"template":"","meta":[],"product_brand":[],"product_cat":[307,200,284,285],"product_tag":[],"class_list":{"0":"post-6212","1":"product","2":"type-product","3":"status-publish","4":"has-post-thumbnail","6":"product_cat-folijarna-djubriva","7":"product_cat-ishrana-bilja","8":"product_cat-organska-djubriva","9":"product_cat-tecna-djubriva","11":"first","12":"instock","13":"shipping-taxable","14":"product-type-simple"},"_links":{"self":[{"href":"https:\/\/agrarpetrovic.rs\/en\/wp-json\/wp\/v2\/product\/6212","targetHints":{"allow":["GET"]}}],"collection":[{"href":"https:\/\/agrarpetrovic.rs\/en\/wp-json\/wp\/v2\/product"}],"about":[{"href":"https:\/\/agrarpetrovic.rs\/en\/wp-json\/wp\/v2\/types\/product"}],"wp:featuredmedia":[{"embeddable":true,"href":"https:\/\/agrarpetrovic.rs\/en\/wp-json\/wp\/v2\/media\/6237"}],"wp:attachment":[{"href":"https:\/\/agrarpetrovic.rs\/en\/wp-json\/wp\/v2\/media?parent=6212"}],"wp:term":[{"taxonomy":"product_brand","embeddable":true,"href":"https:\/\/agrarpetrovic.rs\/en\/wp-json\/wp\/v2\/product_brand?post=6212"},{"taxonomy":"product_cat","embeddable":true,"href":"https:\/\/agrarpetrovic.rs\/en\/wp-json\/wp\/v2\/product_cat?post=6212"},{"taxonomy":"product_tag","embeddable":true,"href":"https:\/\/agrarpetrovic.rs\/en\/wp-json\/wp\/v2\/product_tag?post=6212"}],"curies":[{"name":"wp","href":"https:\/\/api.w.org\/{rel}","templated":true}]}}