{"id":6213,"date":"2023-07-13T16:32:10","date_gmt":"2023-07-13T14:32:10","guid":{"rendered":"https:\/\/agrarpetrovic.rs\/?post_type=product&#038;p=6213"},"modified":"2023-08-02T22:41:25","modified_gmt":"2023-08-02T20:41:25","slug":"eko-freez-biljni-antifriz","status":"publish","type":"product","link":"https:\/\/agrarpetrovic.rs\/en\/proizvod\/eko-freez-biljni-antifriz\/","title":{"rendered":"EKO FREEZ BILJNI ANTIFRIZ"},"content":{"rendered":"","protected":false},"excerpt":{"rendered":"<p>SASTAV: organska materija 17%, azot (N) 3%, kalijum (K) 4%, bor (B) 1,4%, mangan (Mn) 0,5% i cink (Zn) 0,3%<\/p>\n<p>PRIMENA: Organski biljni antifriz (Organic Plant Antifreez) , jedinstven preparat na na\u0161em trzi\u0161tu i namenjen je za smanjenje \u0161tetnog uticaja mraza u rano prole\u0107e ili kasnu jesen. Zbog veoma izra\u017eene koli\u010dine mikroelemenata Bora (B),Mangana (Mn) i Cinka (Zn) mo\u017ee se koristiti kao prehrana na krompiru,\u0161e\u0107ernoj repi,\u0161argarepi i ostalim krtolastim biljkama. Primenjuje se u povrtarskoj proizvodnji, proizvodnji rasada i vo\u0107arstvu. Primenom EkoFreez-a na plodonosne biljke u jesen smanjuje se opadanje li\u0161\u0107a , a pupoljcima \u0107e se pove\u0107ati otpornost na previsoke i preniske temperature<\/p>\n<p>KOLI\u010cINA PRIMENE:<br \/>\nEkoFreez -primenom 1 litre sa 150 litara vode tj. 0,75% koncetracijom pospe\u0161uje fotosintezu biljaka na ni\u017eim temperaturama od standradnih. EkoFrrez je potrebno primeniti 3-4 dana pre pojave niskih temperatura.<\/p>\n<p>Pakovanje: 250ml; 1l; 10l<\/p>","protected":false},"featured_media":6238,"template":"","meta":[],"product_brand":[],"product_cat":[307,200,284,285],"product_tag":[],"class_list":{"0":"post-6213","1":"product","2":"type-product","3":"status-publish","4":"has-post-thumbnail","6":"product_cat-folijarna-djubriva","7":"product_cat-ishrana-bilja","8":"product_cat-organska-djubriva","9":"product_cat-tecna-djubriva","11":"first","12":"instock","13":"shipping-taxable","14":"product-type-simple"},"_links":{"self":[{"href":"https:\/\/agrarpetrovic.rs\/en\/wp-json\/wp\/v2\/product\/6213","targetHints":{"allow":["GET"]}}],"collection":[{"href":"https:\/\/agrarpetrovic.rs\/en\/wp-json\/wp\/v2\/product"}],"about":[{"href":"https:\/\/agrarpetrovic.rs\/en\/wp-json\/wp\/v2\/types\/product"}],"wp:featuredmedia":[{"embeddable":true,"href":"https:\/\/agrarpetrovic.rs\/en\/wp-json\/wp\/v2\/media\/6238"}],"wp:attachment":[{"href":"https:\/\/agrarpetrovic.rs\/en\/wp-json\/wp\/v2\/media?parent=6213"}],"wp:term":[{"taxonomy":"product_brand","embeddable":true,"href":"https:\/\/agrarpetrovic.rs\/en\/wp-json\/wp\/v2\/product_brand?post=6213"},{"taxonomy":"product_cat","embeddable":true,"href":"https:\/\/agrarpetrovic.rs\/en\/wp-json\/wp\/v2\/product_cat?post=6213"},{"taxonomy":"product_tag","embeddable":true,"href":"https:\/\/agrarpetrovic.rs\/en\/wp-json\/wp\/v2\/product_tag?post=6213"}],"curies":[{"name":"wp","href":"https:\/\/api.w.org\/{rel}","templated":true}]}}