{"id":6214,"date":"2023-07-13T16:32:10","date_gmt":"2023-07-13T14:32:10","guid":{"rendered":"https:\/\/agrarpetrovic.rs\/?post_type=product&#038;p=6214"},"modified":"2023-07-13T16:32:31","modified_gmt":"2023-07-13T14:32:31","slug":"neo-stop","status":"publish","type":"product","link":"https:\/\/agrarpetrovic.rs\/en\/proizvod\/neo-stop\/","title":{"rendered":"NEO STOP"},"content":{"rendered":"<p><strong>SPEKTAR DELOVANJA:<\/strong><\/p>\n<p>Regulator rasta biljaka sa sistemi\u010dnim delovanjem koji spre\u010dava klijanje krtola merkantilnog krompira<\/p>\n<p><strong>PREPORUKE I NAPOMENE:<\/strong><\/p>\n<p>Ravnomerno zapra\u0161ivanje suvih krtola krompira, ru\u010dno ili ure\u0111ajima za primenu pra\u0161kastih formulacija. Tretirane krtole obavezno oprati pre konzumiranja. Ne sme se koristiti za zapra\u0161ivanje semenog krompira, a u skladi\u0161tu sa tretiranim merkantilnim krompirom u neposrednoj blizini ne sme se dr\u017eati semenski krompir, niti bilo koja druga semenska roba. Mo\u017ee se primeniti jednom ukoliko je du\u017eina \u010duvanja krompira do 3 meseca, ili dva puta za preiod \u010duvanja du\u017eem od 3 meseca.<\/p>\n<p><strong>\u00a0MDK(mg\/kg):<\/strong>\u00a05,0 mg\/kg &#8211; krompir, 0,5 mg\/kg &#8211; krompir bez ljuske<\/p>","protected":false},"excerpt":{"rendered":"<div class=\"product-details\">\n<p class=\"detail\"><strong>Klasa:<\/strong>\u00a0regulatori rasta<\/p>\n<p class=\"detail\"><strong>Aktivna materija:<\/strong>\u00a0Hlor profan 10g\/kg<\/p>\n<p class=\"detail\"><strong>Formulacija:<\/strong>\u00a0EC &#8211; koncentrat za emulziju<\/p>\n<p class=\"detail\"><strong>Pakovanje:<\/strong>\u00a0100 g, 1 kg<\/p>\n<p class=\"detail\"><strong>Proizvo\u0111a\u010d:<\/strong>\u00a0Arysta Life Science<\/p>\n<p class=\"detail\"><strong>Karenca:<\/strong>\u00a042 dana &#8211; krompir<\/p>\n<\/div>\n<div class=\"product-harvest\">\n<p class=\"detail\">Primena:<\/p>\n<table>\n<thead>\n<tr class=\"bg-9\">\n<th>USEV \/ ZASAD<\/th>\n<th>KOLI\u010cINA PRIMENE<\/th>\n<th>VREME PRIMENE<\/th>\n<\/tr>\n<\/thead>\n<tbody>\n<tr class=\"bg-sec-9\">\n<td class=\"bg-9\"><a href=\"https:\/\/www.agromarket.rs\/srb\/zastita-bilja\/programi-zastite\/1009\/Krompir\">Krompir<\/a><\/td>\n<td>100 g preparata na 100 kg krompira<\/td>\n<td>nakon va\u0111enja merkantilnog krompira, a pre skladi\u0161tenja<\/td>\n<\/tr>\n<\/tbody>\n<\/table>\n<\/div>","protected":false},"featured_media":6239,"template":"","meta":[],"product_brand":[],"product_cat":[310,202],"product_tag":[],"class_list":{"0":"post-6214","1":"product","2":"type-product","3":"status-publish","4":"has-post-thumbnail","6":"product_cat-regulatori-rasta","7":"product_cat-zastita-bilja","9":"first","10":"instock","11":"shipping-taxable","12":"product-type-simple"},"_links":{"self":[{"href":"https:\/\/agrarpetrovic.rs\/en\/wp-json\/wp\/v2\/product\/6214","targetHints":{"allow":["GET"]}}],"collection":[{"href":"https:\/\/agrarpetrovic.rs\/en\/wp-json\/wp\/v2\/product"}],"about":[{"href":"https:\/\/agrarpetrovic.rs\/en\/wp-json\/wp\/v2\/types\/product"}],"wp:featuredmedia":[{"embeddable":true,"href":"https:\/\/agrarpetrovic.rs\/en\/wp-json\/wp\/v2\/media\/6239"}],"wp:attachment":[{"href":"https:\/\/agrarpetrovic.rs\/en\/wp-json\/wp\/v2\/media?parent=6214"}],"wp:term":[{"taxonomy":"product_brand","embeddable":true,"href":"https:\/\/agrarpetrovic.rs\/en\/wp-json\/wp\/v2\/product_brand?post=6214"},{"taxonomy":"product_cat","embeddable":true,"href":"https:\/\/agrarpetrovic.rs\/en\/wp-json\/wp\/v2\/product_cat?post=6214"},{"taxonomy":"product_tag","embeddable":true,"href":"https:\/\/agrarpetrovic.rs\/en\/wp-json\/wp\/v2\/product_tag?post=6214"}],"curies":[{"name":"wp","href":"https:\/\/api.w.org\/{rel}","templated":true}]}}