{"id":6217,"date":"2023-07-13T16:32:10","date_gmt":"2023-07-13T14:32:10","guid":{"rendered":"https:\/\/agrarpetrovic.rs\/?post_type=product&#038;p=6217"},"modified":"2023-07-13T16:32:40","modified_gmt":"2023-07-13T14:32:40","slug":"pojilica-za-pilice","status":"publish","type":"product","link":"https:\/\/agrarpetrovic.rs\/en\/proizvod\/pojilica-za-pilice\/","title":{"rendered":"POJILICA ZA PILI\u0106E"},"content":{"rendered":"","protected":false},"excerpt":{"rendered":"<p>Plasti\u010dna pojilica za pili\u0107e<\/p>\n<p>Kapacitet 5l<\/p>","protected":false},"featured_media":6257,"template":"","meta":[],"product_brand":[],"product_cat":[344,196,343],"product_tag":[],"class_list":{"0":"post-6217","1":"product","2":"type-product","3":"status-publish","4":"has-post-thumbnail","6":"product_cat-hranilice-i-pojilice","7":"product_cat-ishrana-zivotinja","8":"product_cat-zivinarstvo","10":"first","11":"instock","12":"shipping-taxable","13":"product-type-simple"},"_links":{"self":[{"href":"https:\/\/agrarpetrovic.rs\/en\/wp-json\/wp\/v2\/product\/6217","targetHints":{"allow":["GET"]}}],"collection":[{"href":"https:\/\/agrarpetrovic.rs\/en\/wp-json\/wp\/v2\/product"}],"about":[{"href":"https:\/\/agrarpetrovic.rs\/en\/wp-json\/wp\/v2\/types\/product"}],"wp:featuredmedia":[{"embeddable":true,"href":"https:\/\/agrarpetrovic.rs\/en\/wp-json\/wp\/v2\/media\/6257"}],"wp:attachment":[{"href":"https:\/\/agrarpetrovic.rs\/en\/wp-json\/wp\/v2\/media?parent=6217"}],"wp:term":[{"taxonomy":"product_brand","embeddable":true,"href":"https:\/\/agrarpetrovic.rs\/en\/wp-json\/wp\/v2\/product_brand?post=6217"},{"taxonomy":"product_cat","embeddable":true,"href":"https:\/\/agrarpetrovic.rs\/en\/wp-json\/wp\/v2\/product_cat?post=6217"},{"taxonomy":"product_tag","embeddable":true,"href":"https:\/\/agrarpetrovic.rs\/en\/wp-json\/wp\/v2\/product_tag?post=6217"}],"curies":[{"name":"wp","href":"https:\/\/api.w.org\/{rel}","templated":true}]}}