{"id":6219,"date":"2023-07-13T16:32:10","date_gmt":"2023-07-13T14:32:10","guid":{"rendered":"https:\/\/agrarpetrovic.rs\/?post_type=product&#038;p=6219"},"modified":"2023-07-13T16:32:44","modified_gmt":"2023-07-13T14:32:44","slug":"misolovka-plasticna","status":"publish","type":"product","link":"https:\/\/agrarpetrovic.rs\/en\/proizvod\/misolovka-plasticna\/","title":{"rendered":"MI\u0160OLOVKA PLASTI\u010cNA"},"content":{"rendered":"<p>Plasti\u010dna mi\u0161olovka za za\u0161titu od \u0161teto\u010dina dizajnirana je za lako rukovanje i efikasu funkcionalnost.<\/p>\n<p>Na\u010din kori\u0161\u0107enja: Postavite hranu unutar cilindra ili na plo\u010dicu oko cilindra. Vrlo pa\u017eljivo aktivirajte mi\u0161olovku te je postavite u podru\u010dje nastanjeno mi\u0161evima i to na za\u0161ti\u0107eno i mra\u010dno mesto. Koristite vi\u0161e mi\u0161olovki kako biste pove\u0107ali mogu\u0107nost hvatanja \u0161teto\u010dina. Nakon hvatanja mogu\u0107e je mi\u0161a osloboditi bez dodira rukom.<\/p>","protected":false},"excerpt":{"rendered":"<table cellspacing=\"0\" cellpadding=\"0\">\n<tbody>\n<tr>\n<td width=\"165\"><b>NAMENA<\/b><\/td>\n<td>Za\u0161tita od \u0161teto\u010dina<\/td>\n<\/tr>\n<tr>\n<td width=\"165\"><b>MATERIJAL<\/b><\/td>\n<td>Plastika<\/td>\n<\/tr>\n<tr>\n<td width=\"165\"><b>BOJA<\/b><\/td>\n<td>Crna<\/td>\n<\/tr>\n<tr>\n<td width=\"165\"><b>DIMENZIJA<\/b><\/td>\n<td>9&#215;4. cm<\/td>\n<\/tr>\n<tr>\n<td width=\"165\"><b>MASA<\/b><\/td>\n<td>0.04 kg<\/td>\n<\/tr>\n<tr>\n<td width=\"165\"><b>NAPOMENA<\/b><\/td>\n<td>Dr\u017eati van doma\u0161aja dece ili ku\u0107nih ljubimac<\/td>\n<\/tr>\n<\/tbody>\n<\/table>","protected":false},"featured_media":6259,"template":"","meta":[],"product_brand":[],"product_cat":[216,294,337],"product_tag":[],"class_list":{"0":"post-6219","1":"product","2":"type-product","3":"status-publish","4":"has-post-thumbnail","6":"product_cat-garden-program","7":"product_cat-rodenticidi","8":"product_cat-sredstva-za-higijenu-na-farmi-i-domacinstvu","10":"first","11":"instock","12":"shipping-taxable","13":"product-type-simple"},"_links":{"self":[{"href":"https:\/\/agrarpetrovic.rs\/en\/wp-json\/wp\/v2\/product\/6219","targetHints":{"allow":["GET"]}}],"collection":[{"href":"https:\/\/agrarpetrovic.rs\/en\/wp-json\/wp\/v2\/product"}],"about":[{"href":"https:\/\/agrarpetrovic.rs\/en\/wp-json\/wp\/v2\/types\/product"}],"wp:featuredmedia":[{"embeddable":true,"href":"https:\/\/agrarpetrovic.rs\/en\/wp-json\/wp\/v2\/media\/6259"}],"wp:attachment":[{"href":"https:\/\/agrarpetrovic.rs\/en\/wp-json\/wp\/v2\/media?parent=6219"}],"wp:term":[{"taxonomy":"product_brand","embeddable":true,"href":"https:\/\/agrarpetrovic.rs\/en\/wp-json\/wp\/v2\/product_brand?post=6219"},{"taxonomy":"product_cat","embeddable":true,"href":"https:\/\/agrarpetrovic.rs\/en\/wp-json\/wp\/v2\/product_cat?post=6219"},{"taxonomy":"product_tag","embeddable":true,"href":"https:\/\/agrarpetrovic.rs\/en\/wp-json\/wp\/v2\/product_tag?post=6219"}],"curies":[{"name":"wp","href":"https:\/\/api.w.org\/{rel}","templated":true}]}}