{"id":6220,"date":"2023-07-13T16:32:10","date_gmt":"2023-07-13T14:32:10","guid":{"rendered":"https:\/\/agrarpetrovic.rs\/?post_type=product&#038;p=6220"},"modified":"2023-07-13T16:32:45","modified_gmt":"2023-07-13T14:32:45","slug":"zastita-od-ptica-metalna","status":"publish","type":"product","link":"https:\/\/agrarpetrovic.rs\/en\/proizvod\/zastita-od-ptica-metalna\/","title":{"rendered":"ZA\u0160TITA OD PTICA METALNA"},"content":{"rendered":"<p>Pti\u010dar je sredstvo za zaustavljanje i zabranu prilaska ptica. Lako se montira na povr\u0161inu koju \u017eelimo da obezbedimo. Uzana metalna traka prijanja i na uskim prostorima.<\/p>","protected":false},"excerpt":{"rendered":"<table cellspacing=\"0\" cellpadding=\"0\">\n<tbody>\n<tr>\n<td width=\"165\"><b>NAMENA<\/b><\/td>\n<td>Za za\u0161titu od ptica<\/td>\n<\/tr>\n<tr>\n<td width=\"165\"><b>MATERIJAL<\/b><\/td>\n<td>Metal<\/td>\n<\/tr>\n<tr>\n<td width=\"165\"><b>DEBLJINA<\/b><\/td>\n<td>2cm\/12cm<\/td>\n<\/tr>\n<tr>\n<td width=\"165\"><b>BOJA<\/b><\/td>\n<td>Siva<\/td>\n<\/tr>\n<tr>\n<td width=\"165\"><b>DIMENZIJA<\/b><\/td>\n<td>48.5cm<\/td>\n<\/tr>\n<tr>\n<td width=\"165\"><b>MASA<\/b><\/td>\n<td>0.150kg<\/td>\n<\/tr>\n<tr>\n<td width=\"165\"><b>NAPOMENA<\/b><\/td>\n<td>&#8222;Pti\u010dar&#8220; slu\u017ei za zabranu zaustavljanja ptica na za\u0161ti\u0107enu povr\u0161inu. Ni u kom slu\u010daju ne \u0161teti pticama ili ih povre\u0111uje.<\/td>\n<\/tr>\n<\/tbody>\n<\/table>","protected":false},"featured_media":6260,"template":"","meta":[],"product_brand":[],"product_cat":[216],"product_tag":[],"class_list":{"0":"post-6220","1":"product","2":"type-product","3":"status-publish","4":"has-post-thumbnail","6":"product_cat-garden-program","8":"first","9":"instock","10":"shipping-taxable","11":"product-type-simple"},"_links":{"self":[{"href":"https:\/\/agrarpetrovic.rs\/en\/wp-json\/wp\/v2\/product\/6220","targetHints":{"allow":["GET"]}}],"collection":[{"href":"https:\/\/agrarpetrovic.rs\/en\/wp-json\/wp\/v2\/product"}],"about":[{"href":"https:\/\/agrarpetrovic.rs\/en\/wp-json\/wp\/v2\/types\/product"}],"wp:featuredmedia":[{"embeddable":true,"href":"https:\/\/agrarpetrovic.rs\/en\/wp-json\/wp\/v2\/media\/6260"}],"wp:attachment":[{"href":"https:\/\/agrarpetrovic.rs\/en\/wp-json\/wp\/v2\/media?parent=6220"}],"wp:term":[{"taxonomy":"product_brand","embeddable":true,"href":"https:\/\/agrarpetrovic.rs\/en\/wp-json\/wp\/v2\/product_brand?post=6220"},{"taxonomy":"product_cat","embeddable":true,"href":"https:\/\/agrarpetrovic.rs\/en\/wp-json\/wp\/v2\/product_cat?post=6220"},{"taxonomy":"product_tag","embeddable":true,"href":"https:\/\/agrarpetrovic.rs\/en\/wp-json\/wp\/v2\/product_tag?post=6220"}],"curies":[{"name":"wp","href":"https:\/\/api.w.org\/{rel}","templated":true}]}}