{"id":6221,"date":"2023-07-13T16:32:10","date_gmt":"2023-07-13T14:32:10","guid":{"rendered":"https:\/\/agrarpetrovic.rs\/?post_type=product&#038;p=6221"},"modified":"2023-07-13T16:32:48","modified_gmt":"2023-07-13T14:32:48","slug":"grom-za-muve","status":"publish","type":"product","link":"https:\/\/agrarpetrovic.rs\/en\/proizvod\/grom-za-muve\/","title":{"rendered":"GROM ZA MUVE"},"content":{"rendered":"<p><strong>Na\u010din primene Groma za muve:<\/strong><\/p>\n<p>Grom za muve se nanosi nerazbla\u017een, premazivanjem \u010detkom povr\u0161ina izlo\u017eenih muvama. Za optimalan efekat, proizvod treba naneti premazivanjem vi\u0161e malih povr\u0161ina u prostoriji &#8211; veli\u010dina jedne premazane povr\u0161ine treba da bude oko 10cm x 30cm. Prilikom primene, \u017eivotinje mogu biti prisutne u objektima.<\/p>\n<p><strong>Mesta aplikacije:<\/strong><\/p>\n<p>Grom za muve treba selektirvo nanositi na mesta na koja muve sle\u0107u i na kojima se zadr\u017eavaju u prostoriji &#8211; zidovi, stubovi, okviri prozora, dovratci, itd. Mo\u017ee se nanositi u blizini \u017eivotinja (na cevi za mleko, boksove za hranu \u017eivotinja i sli\u010dno), ali van doma\u0161aja \u017eivotinja. Povr\u0161ina na koju se preparat nanosi mora biti \u010dista, i ne sme upijati preparat.<\/p>\n<p><strong>Doziranje:<\/strong><\/p>\n<p>Za objekat veli\u010dine 200 m2 potrebno je 500 ml preparata. Preparat se nanosi nerazbla\u017een, raspore\u0111en na jedan od na\u010dina:<\/p>\n<p>&#8211; 60 premaza 10&#215;30 cm, ili<br \/>\n&#8211; 60 kartonskih ise\u010daka 10&#215;30 cm (ili drugih dimenzija ekvivalentne povr\u0161ine) koje treba oka\u010diti u prostoriji.<\/p>\n<p><strong>U\u010destalost tretmana:<\/strong><\/p>\n<p>Nakon dve nedelje, po\u017eeljno je blago pokvasiti premazana mesta vla\u017enom \u010detkicom ili fajtalicom kako bi se skinula pra\u0161ina sa preparata.<\/p>\n<p><strong>\u010cuvanje:<\/strong><\/p>\n<p>Grom za muve se \u010duva u originalnom pakovanju odvojeno od hrane za ljude i \u017eivotinje. \u010cuva se na sobnoj temperaturi. \u010cuvati van doma\u0161aja dece.<\/p>\n<p>Spre\u010diti dospevanje proizvoda u slivnike (kanalizaciju) i prirodne vodotokove. Sakupiti izliveni material uz pomo\u0107 peska ili drugog apsorbenta.<\/p>\n<p>Preparat je potpuno bezbedan za ljude i toplokrvne organizme.<\/p>\n<p>Ispitivanje efikasnosti preparata Grom za muve je izvr\u0161io Institut za biolo\u0161ka istra\u017eivanja \u201cSini\u0161a Stankovi\u0107\u201d iz Beograda.<\/p>\n<p><strong>GROM ZA MUVE JE ODOBREN ZA UPOTREBU OD STRANE MINISTARSTVA POLJOPRIVREDE I ZA\u0160TITE \u017dIVOTNE SREDINE.<\/strong><\/p>","protected":false},"excerpt":{"rendered":"<p><strong>Grom za muve<\/strong>\u00a0je biocidni proizvod u formi emulzije za op\u0161tu i profesionalnu upotrebu, namenjen suzbijanju odraslih jedinki doma\u0107e muve u zatvorenom prostoru \u2013 objektima.<\/p>\n<p><strong>Grom za muve se koristi za suzbijanje muva u:<\/strong><\/p>\n<p>&#8211; halama i skladi\u0161tima<br \/>\n&#8211; prostorijama u kojima borave \u017eivotinje (\u0161talama i ostalim prostorijama)<br \/>\n&#8211; stambenim objektima<br \/>\n&#8211; javnim objektima \u2013 ugostiteljskim objektima, maloprodajnim objektima<br \/>\n&#8211; fabrikama i radionicama<br \/>\n&#8211; svim drugim objektima u kojima se muve mogu na\u0107i u velikom broju.<\/p>\n<p>Pakovanja: 100ml; 200ml; 500ml; 1l<\/p>","protected":false},"featured_media":6261,"template":"","meta":[],"product_brand":[],"product_cat":[216,234,337,202],"product_tag":[],"class_list":{"0":"post-6221","1":"product","2":"type-product","3":"status-publish","4":"has-post-thumbnail","6":"product_cat-garden-program","7":"product_cat-insekticidi","8":"product_cat-sredstva-za-higijenu-na-farmi-i-domacinstvu","9":"product_cat-zastita-bilja","11":"first","12":"instock","13":"shipping-taxable","14":"product-type-simple"},"_links":{"self":[{"href":"https:\/\/agrarpetrovic.rs\/en\/wp-json\/wp\/v2\/product\/6221","targetHints":{"allow":["GET"]}}],"collection":[{"href":"https:\/\/agrarpetrovic.rs\/en\/wp-json\/wp\/v2\/product"}],"about":[{"href":"https:\/\/agrarpetrovic.rs\/en\/wp-json\/wp\/v2\/types\/product"}],"wp:featuredmedia":[{"embeddable":true,"href":"https:\/\/agrarpetrovic.rs\/en\/wp-json\/wp\/v2\/media\/6261"}],"wp:attachment":[{"href":"https:\/\/agrarpetrovic.rs\/en\/wp-json\/wp\/v2\/media?parent=6221"}],"wp:term":[{"taxonomy":"product_brand","embeddable":true,"href":"https:\/\/agrarpetrovic.rs\/en\/wp-json\/wp\/v2\/product_brand?post=6221"},{"taxonomy":"product_cat","embeddable":true,"href":"https:\/\/agrarpetrovic.rs\/en\/wp-json\/wp\/v2\/product_cat?post=6221"},{"taxonomy":"product_tag","embeddable":true,"href":"https:\/\/agrarpetrovic.rs\/en\/wp-json\/wp\/v2\/product_tag?post=6221"}],"curies":[{"name":"wp","href":"https:\/\/api.w.org\/{rel}","templated":true}]}}