{"id":6222,"date":"2023-07-13T16:32:11","date_gmt":"2023-07-13T14:32:11","guid":{"rendered":"https:\/\/agrarpetrovic.rs\/?post_type=product&#038;p=6222"},"modified":"2023-07-13T16:32:53","modified_gmt":"2023-07-13T14:32:53","slug":"lm-tox-sprej-protiv-muva-i-komaraca","status":"publish","type":"product","link":"https:\/\/agrarpetrovic.rs\/en\/proizvod\/lm-tox-sprej-protiv-muva-i-komaraca\/","title":{"rendered":"LM TOX SPREJ PROTIV MUVA I KOMARACA"},"content":{"rendered":"","protected":false},"excerpt":{"rendered":"<p>M TOX sprej protiv lete\u0107ih insekata, brzo i efikasno uni\u0161tava sve vrste lete\u0107ih insekata (komarce, muve itd.). Njegovo dejstvo uti\u010de da se insekti na tom mestu ne pojavljuju narednih 5 sati.\u00a0Komercijalno pakovanje iznosi 500 ml.<\/p>","protected":false},"featured_media":6262,"template":"","meta":[],"product_brand":[],"product_cat":[234,337],"product_tag":[],"class_list":{"0":"post-6222","1":"product","2":"type-product","3":"status-publish","4":"has-post-thumbnail","6":"product_cat-insekticidi","7":"product_cat-sredstva-za-higijenu-na-farmi-i-domacinstvu","9":"first","10":"instock","11":"shipping-taxable","12":"product-type-simple"},"_links":{"self":[{"href":"https:\/\/agrarpetrovic.rs\/en\/wp-json\/wp\/v2\/product\/6222","targetHints":{"allow":["GET"]}}],"collection":[{"href":"https:\/\/agrarpetrovic.rs\/en\/wp-json\/wp\/v2\/product"}],"about":[{"href":"https:\/\/agrarpetrovic.rs\/en\/wp-json\/wp\/v2\/types\/product"}],"wp:featuredmedia":[{"embeddable":true,"href":"https:\/\/agrarpetrovic.rs\/en\/wp-json\/wp\/v2\/media\/6262"}],"wp:attachment":[{"href":"https:\/\/agrarpetrovic.rs\/en\/wp-json\/wp\/v2\/media?parent=6222"}],"wp:term":[{"taxonomy":"product_brand","embeddable":true,"href":"https:\/\/agrarpetrovic.rs\/en\/wp-json\/wp\/v2\/product_brand?post=6222"},{"taxonomy":"product_cat","embeddable":true,"href":"https:\/\/agrarpetrovic.rs\/en\/wp-json\/wp\/v2\/product_cat?post=6222"},{"taxonomy":"product_tag","embeddable":true,"href":"https:\/\/agrarpetrovic.rs\/en\/wp-json\/wp\/v2\/product_tag?post=6222"}],"curies":[{"name":"wp","href":"https:\/\/api.w.org\/{rel}","templated":true}]}}