{"id":6223,"date":"2023-07-13T16:32:11","date_gmt":"2023-07-13T14:32:11","guid":{"rendered":"https:\/\/agrarpetrovic.rs\/?post_type=product&#038;p=6223"},"modified":"2023-07-13T16:33:03","modified_gmt":"2023-07-13T14:33:03","slug":"lm-tox-strong-sprej-protiv-letecih-insekata","status":"publish","type":"product","link":"https:\/\/agrarpetrovic.rs\/en\/proizvod\/lm-tox-strong-sprej-protiv-letecih-insekata\/","title":{"rendered":"LM TOX STRONG SPREJ PROTIV LETE\u0106IH INSEKATA"},"content":{"rendered":"","protected":false},"excerpt":{"rendered":"<div class=\"node__content\">\n<div class=\"field field--name-body field--type-text-with-summary field--label-hidden\">\n<div class=\"field__items\">\n<div class=\"field__item even\">\n<p>LM TOX sprej protiv lete\u0107ih insekata sa produ\u017eenim dejstvom. Zahvaljuju\u0107i novoj formuli produ\u017eeno je dejstvo posle upotrebe na 10 sati, tako da se u tom vremenskom periodu insekti ne\u0107e pojavljivati u prostoriji u kojoj je kori\u0161\u0107en sprej STRONG. Komercijalno pakovanje iznosi 500 ml.<\/p>\n<\/div>\n<\/div>\n<\/div>\n<\/div>\n<div id=\"fb-root\" class=\"fb_reset\">\n<div>\n<div><\/div>\n<\/div>\n<\/div>\n<div class=\"fb-like fb_iframe_widget\" data-href=\"http:\/\/lomax.rs\/proizvodi\/lm-tox\/lm-tox-sprejevi\/lm-tox-sprej-strong\" data-layout=\"button_count\" data-action=\"like\" data-show-faces=\"false\" data-share=\"true\"><\/div>","protected":false},"featured_media":6271,"template":"","meta":[],"product_brand":[],"product_cat":[234,197,337],"product_tag":[],"class_list":{"0":"post-6223","1":"product","2":"type-product","3":"status-publish","4":"has-post-thumbnail","6":"product_cat-insekticidi","7":"product_cat-razni-artikli","8":"product_cat-sredstva-za-higijenu-na-farmi-i-domacinstvu","10":"first","11":"instock","12":"shipping-taxable","13":"product-type-simple"},"_links":{"self":[{"href":"https:\/\/agrarpetrovic.rs\/en\/wp-json\/wp\/v2\/product\/6223","targetHints":{"allow":["GET"]}}],"collection":[{"href":"https:\/\/agrarpetrovic.rs\/en\/wp-json\/wp\/v2\/product"}],"about":[{"href":"https:\/\/agrarpetrovic.rs\/en\/wp-json\/wp\/v2\/types\/product"}],"wp:featuredmedia":[{"embeddable":true,"href":"https:\/\/agrarpetrovic.rs\/en\/wp-json\/wp\/v2\/media\/6271"}],"wp:attachment":[{"href":"https:\/\/agrarpetrovic.rs\/en\/wp-json\/wp\/v2\/media?parent=6223"}],"wp:term":[{"taxonomy":"product_brand","embeddable":true,"href":"https:\/\/agrarpetrovic.rs\/en\/wp-json\/wp\/v2\/product_brand?post=6223"},{"taxonomy":"product_cat","embeddable":true,"href":"https:\/\/agrarpetrovic.rs\/en\/wp-json\/wp\/v2\/product_cat?post=6223"},{"taxonomy":"product_tag","embeddable":true,"href":"https:\/\/agrarpetrovic.rs\/en\/wp-json\/wp\/v2\/product_tag?post=6223"}],"curies":[{"name":"wp","href":"https:\/\/api.w.org\/{rel}","templated":true}]}}