{"id":6225,"date":"2023-07-13T16:32:11","date_gmt":"2023-07-13T14:32:11","guid":{"rendered":"https:\/\/agrarpetrovic.rs\/?post_type=product&#038;p=6225"},"modified":"2023-07-13T16:33:11","modified_gmt":"2023-07-13T14:33:11","slug":"lm-tox-sprej-za-unistavanje-osa","status":"publish","type":"product","link":"https:\/\/agrarpetrovic.rs\/en\/proizvod\/lm-tox-sprej-za-unistavanje-osa\/","title":{"rendered":"LM TOX SPREJ ZA UNI\u0160TAVANJE OSA"},"content":{"rendered":"","protected":false},"excerpt":{"rendered":"<p>M TOX sprej za uni\u0161tavanje osa zahvaljuju\u0107i svom sastavu i na\u010dinu primene brzo i efikasno uni\u0161tava ose u njihovim osinjacima. Delovanje spreja nastavlja se i nakon primene.\u00a0Komercijalno pakovanje iznosi 400 ml.<\/p>","protected":false},"featured_media":6273,"template":"","meta":[],"product_brand":[],"product_cat":[234,337],"product_tag":[],"class_list":{"0":"post-6225","1":"product","2":"type-product","3":"status-publish","4":"has-post-thumbnail","6":"product_cat-insekticidi","7":"product_cat-sredstva-za-higijenu-na-farmi-i-domacinstvu","9":"first","10":"instock","11":"shipping-taxable","12":"product-type-simple"},"_links":{"self":[{"href":"https:\/\/agrarpetrovic.rs\/en\/wp-json\/wp\/v2\/product\/6225","targetHints":{"allow":["GET"]}}],"collection":[{"href":"https:\/\/agrarpetrovic.rs\/en\/wp-json\/wp\/v2\/product"}],"about":[{"href":"https:\/\/agrarpetrovic.rs\/en\/wp-json\/wp\/v2\/types\/product"}],"wp:featuredmedia":[{"embeddable":true,"href":"https:\/\/agrarpetrovic.rs\/en\/wp-json\/wp\/v2\/media\/6273"}],"wp:attachment":[{"href":"https:\/\/agrarpetrovic.rs\/en\/wp-json\/wp\/v2\/media?parent=6225"}],"wp:term":[{"taxonomy":"product_brand","embeddable":true,"href":"https:\/\/agrarpetrovic.rs\/en\/wp-json\/wp\/v2\/product_brand?post=6225"},{"taxonomy":"product_cat","embeddable":true,"href":"https:\/\/agrarpetrovic.rs\/en\/wp-json\/wp\/v2\/product_cat?post=6225"},{"taxonomy":"product_tag","embeddable":true,"href":"https:\/\/agrarpetrovic.rs\/en\/wp-json\/wp\/v2\/product_tag?post=6225"}],"curies":[{"name":"wp","href":"https:\/\/api.w.org\/{rel}","templated":true}]}}