{"id":6241,"date":"2023-07-13T16:32:33","date_gmt":"2023-07-13T14:32:33","guid":{"rendered":"https:\/\/agrarpetrovic.rs\/?post_type=product&#038;p=6241"},"modified":"2023-07-13T16:33:15","modified_gmt":"2023-07-13T14:33:15","slug":"akumulatorski-trimer-villager-bc2320","status":"publish","type":"product","link":"https:\/\/agrarpetrovic.rs\/en\/proizvod\/akumulatorski-trimer-villager-bc2320\/","title":{"rendered":"AKUMULATORSKI TRIMER VILLAGER BC2320"},"content":{"rendered":"<h2>OPIS<\/h2>\n<p>Oprema:<\/p>\n<ul>\n<li>Rotiraju\u0107a glava (90\u00b0)<\/li>\n<li>Grani\u010dnik za biljke<\/li>\n<li>Teleskopski rukohvat<\/li>\n<\/ul>\n<p>Napomena:<\/p>\n<ul>\n<li>ure\u0111aj se isporu\u010duje sa baterijom 2Ah i punja\u010dem 1.65 A<\/li>\n<\/ul>","protected":false},"excerpt":{"rendered":"<table class=\"table\">\n<thead>\n<tr>\n<th colspan=\"2\">Karakteristike<\/th>\n<\/tr>\n<\/thead>\n<tbody>\n<tr>\n<td>Kategorija<\/td>\n<td><strong>Akumulatorski trimeri<\/strong><\/td>\n<\/tr>\n<tr>\n<td>Tip baterije<\/td>\n<td><strong>Fuse 18 V, Li-ion<\/strong><\/td>\n<\/tr>\n<tr>\n<td>Napon<\/td>\n<td><strong>18 V<\/strong><\/td>\n<\/tr>\n<tr>\n<td>Autonomija sa punom baterijom 2 Ah<\/td>\n<td><strong>do 45 min.<\/strong><\/td>\n<\/tr>\n<tr>\n<td>Autonomija sa punom baterijom 4 Ah<\/td>\n<td><strong>do 90 min.<\/strong><\/td>\n<\/tr>\n<tr>\n<td>Tip se\u010diva<\/td>\n<td><strong>Glava sa silkom<\/strong><\/td>\n<\/tr>\n<tr>\n<td>Radni zahvat<\/td>\n<td><strong>230 mm<\/strong><\/td>\n<\/tr>\n<tr>\n<td>Tip rukohvata<\/td>\n<td><strong>Teleskopski rukohvat<\/strong><\/td>\n<\/tr>\n<tr>\n<td>Masa<\/td>\n<td><strong>3.2 kg<\/strong><\/td>\n<\/tr>\n<\/tbody>\n<\/table>","protected":false},"featured_media":6278,"template":"","meta":[],"product_brand":[],"product_cat":[323,216,217],"product_tag":[],"class_list":{"0":"post-6241","1":"product","2":"type-product","3":"status-publish","4":"has-post-thumbnail","6":"product_cat-elektricni-alat","7":"product_cat-garden-program","8":"product_cat-trimeri","10":"first","11":"instock","12":"shipping-taxable","13":"product-type-simple"},"_links":{"self":[{"href":"https:\/\/agrarpetrovic.rs\/en\/wp-json\/wp\/v2\/product\/6241","targetHints":{"allow":["GET"]}}],"collection":[{"href":"https:\/\/agrarpetrovic.rs\/en\/wp-json\/wp\/v2\/product"}],"about":[{"href":"https:\/\/agrarpetrovic.rs\/en\/wp-json\/wp\/v2\/types\/product"}],"wp:featuredmedia":[{"embeddable":true,"href":"https:\/\/agrarpetrovic.rs\/en\/wp-json\/wp\/v2\/media\/6278"}],"wp:attachment":[{"href":"https:\/\/agrarpetrovic.rs\/en\/wp-json\/wp\/v2\/media?parent=6241"}],"wp:term":[{"taxonomy":"product_brand","embeddable":true,"href":"https:\/\/agrarpetrovic.rs\/en\/wp-json\/wp\/v2\/product_brand?post=6241"},{"taxonomy":"product_cat","embeddable":true,"href":"https:\/\/agrarpetrovic.rs\/en\/wp-json\/wp\/v2\/product_cat?post=6241"},{"taxonomy":"product_tag","embeddable":true,"href":"https:\/\/agrarpetrovic.rs\/en\/wp-json\/wp\/v2\/product_tag?post=6241"}],"curies":[{"name":"wp","href":"https:\/\/api.w.org\/{rel}","templated":true}]}}