{"id":6250,"date":"2023-07-13T16:32:33","date_gmt":"2023-07-13T14:32:33","guid":{"rendered":"https:\/\/agrarpetrovic.rs\/?post_type=product&#038;p=6250"},"modified":"2023-07-13T16:33:25","modified_gmt":"2023-07-13T14:33:25","slug":"aku-udarni-zavijac-villager-vln-3320","status":"publish","type":"product","link":"https:\/\/agrarpetrovic.rs\/en\/proizvod\/aku-udarni-zavijac-villager-vln-3320\/","title":{"rendered":"AKU UDARNI ZAVIJA\u010c VILLAGER VLN 3320"},"content":{"rendered":"<h2>OPIS<\/h2>\n<p>Napomena:<\/p>\n<ul>\n<li>ure\u0111aj se isporu\u010duje bez punja\u010da i baterije<\/li>\n<\/ul>","protected":false},"excerpt":{"rendered":"<table class=\"table\">\n<thead>\n<tr>\n<th colspan=\"2\">Karakteristike<\/th>\n<\/tr>\n<\/thead>\n<tbody>\n<tr>\n<td>Kategorija<\/td>\n<td><strong>Akumulatorski udarni zavija\u010di<\/strong><\/td>\n<\/tr>\n<tr>\n<td>Tip baterije<\/td>\n<td><strong>Fuse 18 V, Li-ion<\/strong><\/td>\n<\/tr>\n<tr>\n<td>Napon<\/td>\n<td><strong>18 V<\/strong><\/td>\n<\/tr>\n<tr>\n<td>Tip elektro-motora<\/td>\n<td><strong>Elektro-motor sa \u010detkicama<\/strong><\/td>\n<\/tr>\n<tr>\n<td>Prihvat alata<\/td>\n<td><strong>Drive: \u00bd<\/strong><\/td>\n<\/tr>\n<tr>\n<td>Broj obrtaja u praznom hodu<\/td>\n<td><strong>0 &#8211; 2400 rpm<\/strong><\/td>\n<\/tr>\n<tr>\n<td>Broj udaraca<\/td>\n<td><strong>0 &#8211; 3600 ipm<\/strong><\/td>\n<\/tr>\n<tr>\n<td>Obrtni moment<\/td>\n<td><strong>180 Nm<\/strong><\/td>\n<\/tr>\n<tr>\n<td>Masa<\/td>\n<td><strong>1.72 kg<\/strong><\/td>\n<\/tr>\n<\/tbody>\n<\/table>","protected":false},"featured_media":6296,"template":"","meta":[],"product_brand":[],"product_cat":[324,323,216],"product_tag":[],"class_list":{"0":"post-6250","1":"product","2":"type-product","3":"status-publish","4":"has-post-thumbnail","6":"product_cat-busilice","7":"product_cat-elektricni-alat","8":"product_cat-garden-program","10":"first","11":"instock","12":"shipping-taxable","13":"product-type-simple"},"_links":{"self":[{"href":"https:\/\/agrarpetrovic.rs\/en\/wp-json\/wp\/v2\/product\/6250","targetHints":{"allow":["GET"]}}],"collection":[{"href":"https:\/\/agrarpetrovic.rs\/en\/wp-json\/wp\/v2\/product"}],"about":[{"href":"https:\/\/agrarpetrovic.rs\/en\/wp-json\/wp\/v2\/types\/product"}],"wp:featuredmedia":[{"embeddable":true,"href":"https:\/\/agrarpetrovic.rs\/en\/wp-json\/wp\/v2\/media\/6296"}],"wp:attachment":[{"href":"https:\/\/agrarpetrovic.rs\/en\/wp-json\/wp\/v2\/media?parent=6250"}],"wp:term":[{"taxonomy":"product_brand","embeddable":true,"href":"https:\/\/agrarpetrovic.rs\/en\/wp-json\/wp\/v2\/product_brand?post=6250"},{"taxonomy":"product_cat","embeddable":true,"href":"https:\/\/agrarpetrovic.rs\/en\/wp-json\/wp\/v2\/product_cat?post=6250"},{"taxonomy":"product_tag","embeddable":true,"href":"https:\/\/agrarpetrovic.rs\/en\/wp-json\/wp\/v2\/product_tag?post=6250"}],"curies":[{"name":"wp","href":"https:\/\/api.w.org\/{rel}","templated":true}]}}