{"id":6252,"date":"2023-07-13T16:32:33","date_gmt":"2023-07-13T14:32:33","guid":{"rendered":"https:\/\/agrarpetrovic.rs\/?post_type=product&#038;p=6252"},"modified":"2023-07-13T16:33:27","modified_gmt":"2023-07-13T14:33:27","slug":"aku-ugaona-brusilica-villager-vln43201bsc","status":"publish","type":"product","link":"https:\/\/agrarpetrovic.rs\/en\/proizvod\/aku-ugaona-brusilica-villager-vln43201bsc\/","title":{"rendered":"AKU UGAONA BRUSILICA VILLAGER VLN4320(1BSC)"},"content":{"rendered":"<h2>OPIS<\/h2>\n<p>Oprema:<\/p>\n<ul>\n<li>Baterija 4 Ah<\/li>\n<li>Punja\u010d 1.65 A<\/li>\n<li>Kofer<\/li>\n<\/ul>\n<p>Napomena:<\/p>\n<ul>\n<li>ure\u0111aj se isporu\u010duje sa punja\u010dem i baterijom<\/li>\n<\/ul>","protected":false},"excerpt":{"rendered":"<table class=\"table\">\n<thead>\n<tr>\n<th colspan=\"2\">Karakteristike<\/th>\n<\/tr>\n<\/thead>\n<tbody>\n<tr>\n<td>Kategorija<\/td>\n<td><strong>Akumulatorske brusilice<\/strong><\/td>\n<\/tr>\n<tr>\n<td>Tip baterije<\/td>\n<td><strong>Fuse 18 V, Li-ion<\/strong><\/td>\n<\/tr>\n<tr>\n<td>Napon<\/td>\n<td><strong>18 V<\/strong><\/td>\n<\/tr>\n<tr>\n<td>Tip elektro-motora<\/td>\n<td><strong>Elektro-motor sa \u010detkicama<\/strong><\/td>\n<\/tr>\n<tr>\n<td>Broj obrtaja u praznom hodu<\/td>\n<td><strong>8000 rpm<\/strong><\/td>\n<\/tr>\n<tr>\n<td>Navoj vratila<\/td>\n<td><strong>M 14<\/strong><\/td>\n<\/tr>\n<tr>\n<td>Spolja\u0161nji pre\u010dnik diska<\/td>\n<td><strong>115 mm<\/strong><\/td>\n<\/tr>\n<tr>\n<td>Unutra\u0161nji pre\u010dnik diska<\/td>\n<td><strong>22.23 mm<\/strong><\/td>\n<\/tr>\n<tr>\n<td>Masa<\/td>\n<td><strong>3.62 kg<\/strong><\/td>\n<\/tr>\n<\/tbody>\n<\/table>","protected":false},"featured_media":6298,"template":"","meta":[],"product_brand":[],"product_cat":[325,323,216],"product_tag":[],"class_list":{"0":"post-6252","1":"product","2":"type-product","3":"status-publish","4":"has-post-thumbnail","6":"product_cat-brusilice","7":"product_cat-elektricni-alat","8":"product_cat-garden-program","10":"first","11":"instock","12":"shipping-taxable","13":"product-type-simple"},"_links":{"self":[{"href":"https:\/\/agrarpetrovic.rs\/en\/wp-json\/wp\/v2\/product\/6252","targetHints":{"allow":["GET"]}}],"collection":[{"href":"https:\/\/agrarpetrovic.rs\/en\/wp-json\/wp\/v2\/product"}],"about":[{"href":"https:\/\/agrarpetrovic.rs\/en\/wp-json\/wp\/v2\/types\/product"}],"wp:featuredmedia":[{"embeddable":true,"href":"https:\/\/agrarpetrovic.rs\/en\/wp-json\/wp\/v2\/media\/6298"}],"wp:attachment":[{"href":"https:\/\/agrarpetrovic.rs\/en\/wp-json\/wp\/v2\/media?parent=6252"}],"wp:term":[{"taxonomy":"product_brand","embeddable":true,"href":"https:\/\/agrarpetrovic.rs\/en\/wp-json\/wp\/v2\/product_brand?post=6252"},{"taxonomy":"product_cat","embeddable":true,"href":"https:\/\/agrarpetrovic.rs\/en\/wp-json\/wp\/v2\/product_cat?post=6252"},{"taxonomy":"product_tag","embeddable":true,"href":"https:\/\/agrarpetrovic.rs\/en\/wp-json\/wp\/v2\/product_tag?post=6252"}],"curies":[{"name":"wp","href":"https:\/\/api.w.org\/{rel}","templated":true}]}}