{"id":6253,"date":"2023-07-13T16:32:33","date_gmt":"2023-07-13T14:32:33","guid":{"rendered":"https:\/\/agrarpetrovic.rs\/?post_type=product&#038;p=6253"},"modified":"2023-07-13T16:33:28","modified_gmt":"2023-07-13T14:33:28","slug":"akumulatorski-usisivac-villager-vvc-6020","status":"publish","type":"product","link":"https:\/\/agrarpetrovic.rs\/en\/proizvod\/akumulatorski-usisivac-villager-vvc-6020\/","title":{"rendered":"AKUMULATORSKI USISIVA\u010c VILLAGER VVC 6020"},"content":{"rendered":"<h2>OPIS<\/h2>\n<p>Oprema:<\/p>\n<ul>\n<li>nastavna cev,<\/li>\n<li>pljosnati nastavak,<\/li>\n<li>\u010detka za pod<\/li>\n<\/ul>\n<p>Napomena:<\/p>\n<ul>\n<li>ure\u0111aj se isporu\u010duje bez punja\u010da i baterije<\/li>\n<\/ul>","protected":false},"excerpt":{"rendered":"<table class=\"table\">\n<thead>\n<tr>\n<th colspan=\"2\">Karakteristike<\/th>\n<\/tr>\n<\/thead>\n<tbody>\n<tr>\n<td>Kategorija<\/td>\n<td><strong>Akumulatorski usisiva\u010di<\/strong><\/td>\n<\/tr>\n<tr>\n<td>Tip baterije<\/td>\n<td><strong>Fuse 18 V, Li-ion<\/strong><\/td>\n<\/tr>\n<tr>\n<td>Napon<\/td>\n<td><strong>18 V<\/strong><\/td>\n<\/tr>\n<tr>\n<td>Tip elektro-motora<\/td>\n<td><strong>Elektro-motor sa \u010detkicama<\/strong><\/td>\n<\/tr>\n<tr>\n<td>Broj obrtaja u praznom hodu<\/td>\n<td><strong>18000 rpm<\/strong><\/td>\n<\/tr>\n<tr>\n<td>Vakum<\/td>\n<td><strong>1.8 kPa<\/strong><\/td>\n<\/tr>\n<tr>\n<td>Zapremina sakuplja\u010da<\/td>\n<td><strong>600 ml<\/strong><\/td>\n<\/tr>\n<tr>\n<td>Masa<\/td>\n<td><strong>2.4 kg<\/strong><\/td>\n<\/tr>\n<\/tbody>\n<\/table>","protected":false},"featured_media":6299,"template":"","meta":[],"product_brand":[],"product_cat":[323,216,329],"product_tag":[],"class_list":{"0":"post-6253","1":"product","2":"type-product","3":"status-publish","4":"has-post-thumbnail","6":"product_cat-elektricni-alat","7":"product_cat-garden-program","8":"product_cat-usisivaci","10":"first","11":"instock","12":"shipping-taxable","13":"product-type-simple"},"_links":{"self":[{"href":"https:\/\/agrarpetrovic.rs\/en\/wp-json\/wp\/v2\/product\/6253","targetHints":{"allow":["GET"]}}],"collection":[{"href":"https:\/\/agrarpetrovic.rs\/en\/wp-json\/wp\/v2\/product"}],"about":[{"href":"https:\/\/agrarpetrovic.rs\/en\/wp-json\/wp\/v2\/types\/product"}],"wp:featuredmedia":[{"embeddable":true,"href":"https:\/\/agrarpetrovic.rs\/en\/wp-json\/wp\/v2\/media\/6299"}],"wp:attachment":[{"href":"https:\/\/agrarpetrovic.rs\/en\/wp-json\/wp\/v2\/media?parent=6253"}],"wp:term":[{"taxonomy":"product_brand","embeddable":true,"href":"https:\/\/agrarpetrovic.rs\/en\/wp-json\/wp\/v2\/product_brand?post=6253"},{"taxonomy":"product_cat","embeddable":true,"href":"https:\/\/agrarpetrovic.rs\/en\/wp-json\/wp\/v2\/product_cat?post=6253"},{"taxonomy":"product_tag","embeddable":true,"href":"https:\/\/agrarpetrovic.rs\/en\/wp-json\/wp\/v2\/product_tag?post=6253"}],"curies":[{"name":"wp","href":"https:\/\/api.w.org\/{rel}","templated":true}]}}