{"id":6263,"date":"2023-07-13T16:32:57","date_gmt":"2023-07-13T14:32:57","guid":{"rendered":"https:\/\/agrarpetrovic.rs\/?post_type=product&#038;p=6263"},"modified":"2023-07-13T16:33:29","modified_gmt":"2023-07-13T14:33:29","slug":"baterijska-lampa-punjac-za-mobilni-villager-vln-9920","status":"publish","type":"product","link":"https:\/\/agrarpetrovic.rs\/en\/proizvod\/baterijska-lampa-punjac-za-mobilni-villager-vln-9920\/","title":{"rendered":"BATERIJSKA LAMPA\/PUNJA\u010c ZA MOBILNI VILLAGER VLN 9920"},"content":{"rendered":"<h2>OPIS<\/h2>\n<p>Namena:<\/p>\n<ul>\n<li>punja\u010d za mobilne telefone<\/li>\n<li>punja\u010d za portabl ure\u0111aje<\/li>\n<li>baterijska lampa<\/li>\n<\/ul>\n<p>Napomena:<\/p>\n<p>ure\u0111aj se isporu\u010duje bez punja\u010da i baterije<\/p>","protected":false},"excerpt":{"rendered":"<table class=\"table\">\n<thead>\n<tr>\n<th colspan=\"2\">Karakteristike<\/th>\n<\/tr>\n<\/thead>\n<tbody>\n<tr>\n<td>Kategorija<\/td>\n<td><strong>Baterijska lampa<\/strong><\/td>\n<\/tr>\n<tr>\n<td>Tip baterije<\/td>\n<td><strong>Fuse 18 V, Li-ion<\/strong><\/td>\n<\/tr>\n<tr>\n<td>Ulazni napon<\/td>\n<td><strong>18 V<\/strong><\/td>\n<\/tr>\n<tr>\n<td>Izlazni napon<\/td>\n<td><strong>5 V<\/strong><\/td>\n<\/tr>\n<tr>\n<td>Izlazna snaga struje<\/td>\n<td><strong>2 A<\/strong><\/td>\n<\/tr>\n<tr>\n<td>Broj USB portova<\/td>\n<td><strong>2<\/strong><\/td>\n<\/tr>\n<tr>\n<td>Lampa<\/td>\n<td><strong>LED<br \/>\n200 \u03bcA<br \/>\nLUX&gt;60<\/strong><\/td>\n<\/tr>\n<tr>\n<td>Masa<\/td>\n<td><strong>0.21 kg<\/strong><\/td>\n<\/tr>\n<\/tbody>\n<\/table>","protected":false},"featured_media":6301,"template":"","meta":[],"product_brand":[],"product_cat":[345,323,216],"product_tag":[],"class_list":{"0":"post-6263","1":"product","2":"type-product","3":"status-publish","4":"has-post-thumbnail","6":"product_cat-baterije","7":"product_cat-elektricni-alat","8":"product_cat-garden-program","10":"first","11":"instock","12":"shipping-taxable","13":"product-type-simple"},"_links":{"self":[{"href":"https:\/\/agrarpetrovic.rs\/en\/wp-json\/wp\/v2\/product\/6263","targetHints":{"allow":["GET"]}}],"collection":[{"href":"https:\/\/agrarpetrovic.rs\/en\/wp-json\/wp\/v2\/product"}],"about":[{"href":"https:\/\/agrarpetrovic.rs\/en\/wp-json\/wp\/v2\/types\/product"}],"wp:featuredmedia":[{"embeddable":true,"href":"https:\/\/agrarpetrovic.rs\/en\/wp-json\/wp\/v2\/media\/6301"}],"wp:attachment":[{"href":"https:\/\/agrarpetrovic.rs\/en\/wp-json\/wp\/v2\/media?parent=6263"}],"wp:term":[{"taxonomy":"product_brand","embeddable":true,"href":"https:\/\/agrarpetrovic.rs\/en\/wp-json\/wp\/v2\/product_brand?post=6263"},{"taxonomy":"product_cat","embeddable":true,"href":"https:\/\/agrarpetrovic.rs\/en\/wp-json\/wp\/v2\/product_cat?post=6263"},{"taxonomy":"product_tag","embeddable":true,"href":"https:\/\/agrarpetrovic.rs\/en\/wp-json\/wp\/v2\/product_tag?post=6263"}],"curies":[{"name":"wp","href":"https:\/\/api.w.org\/{rel}","templated":true}]}}