{"id":6266,"date":"2023-07-13T16:32:58","date_gmt":"2023-07-13T14:32:58","guid":{"rendered":"https:\/\/agrarpetrovic.rs\/?post_type=product&#038;p=6266"},"modified":"2023-07-13T16:33:32","modified_gmt":"2023-07-13T14:33:32","slug":"zastitni-slem-villager-vhf-14","status":"publish","type":"product","link":"https:\/\/agrarpetrovic.rs\/en\/proizvod\/zastitni-slem-villager-vhf-14\/","title":{"rendered":"ZA\u0160TITNI \u0160LEM VILLAGER VHF 14"},"content":{"rendered":"<h2>OPIS<\/h2>\n<ul>\n<li>\u0160titnik za lice<\/li>\n<li>Antifoni<\/li>\n<li>\u0160titnik za vrat<\/li>\n<li>Pode\u0161avanje po veli\u010dini<\/li>\n<\/ul>","protected":false},"excerpt":{"rendered":"<table class=\"table\">\n<thead>\n<tr>\n<th colspan=\"2\">Karakteristike<\/th>\n<\/tr>\n<\/thead>\n<tbody>\n<tr>\n<td>Kategorija<\/td>\n<td><strong>Villager \u0161titnici za lice, za\u0161titni \u0161lemovi, antifoni<\/strong><\/td>\n<\/tr>\n<tr>\n<td>\u0160titnik za lice<\/td>\n<td><strong>Postoji<\/strong><\/td>\n<\/tr>\n<tr>\n<td>Antifoni<\/td>\n<td><strong>Postoji<\/strong><\/td>\n<\/tr>\n<tr>\n<td>Pode\u0161avanje obima<\/td>\n<td><strong>Postoji<\/strong><\/td>\n<\/tr>\n<tr>\n<td>\u0160titnik za vrat<\/td>\n<td><strong>Postoji<\/strong><\/td>\n<\/tr>\n<\/tbody>\n<\/table>","protected":false},"featured_media":6304,"template":"","meta":[],"product_brand":[],"product_cat":[216,346],"product_tag":[],"class_list":{"0":"post-6266","1":"product","2":"type-product","3":"status-publish","4":"has-post-thumbnail","6":"product_cat-garden-program","7":"product_cat-zastitna-oprema","9":"first","10":"instock","11":"shipping-taxable","12":"product-type-simple"},"_links":{"self":[{"href":"https:\/\/agrarpetrovic.rs\/en\/wp-json\/wp\/v2\/product\/6266","targetHints":{"allow":["GET"]}}],"collection":[{"href":"https:\/\/agrarpetrovic.rs\/en\/wp-json\/wp\/v2\/product"}],"about":[{"href":"https:\/\/agrarpetrovic.rs\/en\/wp-json\/wp\/v2\/types\/product"}],"wp:featuredmedia":[{"embeddable":true,"href":"https:\/\/agrarpetrovic.rs\/en\/wp-json\/wp\/v2\/media\/6304"}],"wp:attachment":[{"href":"https:\/\/agrarpetrovic.rs\/en\/wp-json\/wp\/v2\/media?parent=6266"}],"wp:term":[{"taxonomy":"product_brand","embeddable":true,"href":"https:\/\/agrarpetrovic.rs\/en\/wp-json\/wp\/v2\/product_brand?post=6266"},{"taxonomy":"product_cat","embeddable":true,"href":"https:\/\/agrarpetrovic.rs\/en\/wp-json\/wp\/v2\/product_cat?post=6266"},{"taxonomy":"product_tag","embeddable":true,"href":"https:\/\/agrarpetrovic.rs\/en\/wp-json\/wp\/v2\/product_tag?post=6266"}],"curies":[{"name":"wp","href":"https:\/\/api.w.org\/{rel}","templated":true}]}}