{"id":6268,"date":"2023-07-13T16:32:58","date_gmt":"2023-07-13T14:32:58","guid":{"rendered":"https:\/\/agrarpetrovic.rs\/?post_type=product&#038;p=6268"},"modified":"2023-07-13T16:33:34","modified_gmt":"2023-07-13T14:33:34","slug":"stitnik-za-lice-villager-vfs-141","status":"publish","type":"product","link":"https:\/\/agrarpetrovic.rs\/en\/proizvod\/stitnik-za-lice-villager-vfs-141\/","title":{"rendered":"\u0160TITNIK ZA LICE VILLAGER VFS 141"},"content":{"rendered":"","protected":false},"excerpt":{"rendered":"<div class=\"row\">\n<div class=\"col-md-12\">\n<table class=\"table\">\n<thead>\n<tr>\n<th colspan=\"2\">Karakteristike<\/th>\n<\/tr>\n<\/thead>\n<tbody>\n<tr>\n<td>Kategorija<\/td>\n<td><strong>Villager \u0161titnici za lice, za\u0161titni \u0161lemovi, antifoni<\/strong><\/td>\n<\/tr>\n<tr>\n<td>Za\u0161tita od opiljaka<\/td>\n<td><strong>Postoji<\/strong><\/td>\n<\/tr>\n<tr>\n<td>Pode\u0161avanje obima<\/td>\n<td><strong>Postoji<\/strong><\/td>\n<\/tr>\n<\/tbody>\n<\/table>\n<\/div>\n<\/div>","protected":false},"featured_media":6306,"template":"","meta":[],"product_brand":[],"product_cat":[197],"product_tag":[],"class_list":{"0":"post-6268","1":"product","2":"type-product","3":"status-publish","4":"has-post-thumbnail","6":"product_cat-razni-artikli","8":"first","9":"instock","10":"shipping-taxable","11":"product-type-simple"},"_links":{"self":[{"href":"https:\/\/agrarpetrovic.rs\/en\/wp-json\/wp\/v2\/product\/6268","targetHints":{"allow":["GET"]}}],"collection":[{"href":"https:\/\/agrarpetrovic.rs\/en\/wp-json\/wp\/v2\/product"}],"about":[{"href":"https:\/\/agrarpetrovic.rs\/en\/wp-json\/wp\/v2\/types\/product"}],"wp:featuredmedia":[{"embeddable":true,"href":"https:\/\/agrarpetrovic.rs\/en\/wp-json\/wp\/v2\/media\/6306"}],"wp:attachment":[{"href":"https:\/\/agrarpetrovic.rs\/en\/wp-json\/wp\/v2\/media?parent=6268"}],"wp:term":[{"taxonomy":"product_brand","embeddable":true,"href":"https:\/\/agrarpetrovic.rs\/en\/wp-json\/wp\/v2\/product_brand?post=6268"},{"taxonomy":"product_cat","embeddable":true,"href":"https:\/\/agrarpetrovic.rs\/en\/wp-json\/wp\/v2\/product_cat?post=6268"},{"taxonomy":"product_tag","embeddable":true,"href":"https:\/\/agrarpetrovic.rs\/en\/wp-json\/wp\/v2\/product_tag?post=6268"}],"curies":[{"name":"wp","href":"https:\/\/api.w.org\/{rel}","templated":true}]}}