{"id":6325,"date":"2023-07-13T16:33:44","date_gmt":"2023-07-13T14:33:44","guid":{"rendered":"https:\/\/agrarpetrovic.rs\/?post_type=product&#038;p=6325"},"modified":"2023-07-13T16:33:53","modified_gmt":"2023-07-13T14:33:53","slug":"odmascivac-sprej-villager","status":"publish","type":"product","link":"https:\/\/agrarpetrovic.rs\/en\/proizvod\/odmascivac-sprej-villager\/","title":{"rendered":"ODMA\u0160\u0106IVA\u010c SPREJ VILLAGER"},"content":{"rendered":"<h2>OPIS<\/h2>\n<p>Vi\u0161enamenski odma\u0161\u0107iva\u010d za \u010di\u0161\u0107enje pra\u0161ine, ulja i tara<\/p>","protected":false},"excerpt":{"rendered":"<table class=\"table\">\n<thead>\n<tr>\n<th colspan=\"2\">Karakteristike<\/th>\n<\/tr>\n<\/thead>\n<tbody>\n<tr>\n<td>Kategorija<\/td>\n<td><strong>Villager ulja i lubrikanti<\/strong><\/td>\n<\/tr>\n<tr>\n<td>Zapremina<\/td>\n<td><strong>500 ml<\/strong><\/td>\n<\/tr>\n<\/tbody>\n<\/table>","protected":false},"featured_media":6355,"template":"","meta":[],"product_brand":[],"product_cat":[216,347],"product_tag":[],"class_list":{"0":"post-6325","1":"product","2":"type-product","3":"status-publish","4":"has-post-thumbnail","6":"product_cat-garden-program","7":"product_cat-potrosni-materijal","9":"first","10":"instock","11":"shipping-taxable","12":"product-type-simple"},"_links":{"self":[{"href":"https:\/\/agrarpetrovic.rs\/en\/wp-json\/wp\/v2\/product\/6325","targetHints":{"allow":["GET"]}}],"collection":[{"href":"https:\/\/agrarpetrovic.rs\/en\/wp-json\/wp\/v2\/product"}],"about":[{"href":"https:\/\/agrarpetrovic.rs\/en\/wp-json\/wp\/v2\/types\/product"}],"wp:featuredmedia":[{"embeddable":true,"href":"https:\/\/agrarpetrovic.rs\/en\/wp-json\/wp\/v2\/media\/6355"}],"wp:attachment":[{"href":"https:\/\/agrarpetrovic.rs\/en\/wp-json\/wp\/v2\/media?parent=6325"}],"wp:term":[{"taxonomy":"product_brand","embeddable":true,"href":"https:\/\/agrarpetrovic.rs\/en\/wp-json\/wp\/v2\/product_brand?post=6325"},{"taxonomy":"product_cat","embeddable":true,"href":"https:\/\/agrarpetrovic.rs\/en\/wp-json\/wp\/v2\/product_cat?post=6325"},{"taxonomy":"product_tag","embeddable":true,"href":"https:\/\/agrarpetrovic.rs\/en\/wp-json\/wp\/v2\/product_tag?post=6325"}],"curies":[{"name":"wp","href":"https:\/\/api.w.org\/{rel}","templated":true}]}}