{"id":6336,"date":"2023-07-13T16:33:44","date_gmt":"2023-07-13T14:33:44","guid":{"rendered":"https:\/\/agrarpetrovic.rs\/?post_type=product&#038;p=6336"},"modified":"2023-07-13T16:34:04","modified_gmt":"2023-07-13T14:34:04","slug":"aparat-za-zavarivanje-villager-vwm-200","status":"publish","type":"product","link":"https:\/\/agrarpetrovic.rs\/en\/proizvod\/aparat-za-zavarivanje-villager-vwm-200\/","title":{"rendered":"APARAT ZA ZAVARIVANJE VILLAGER VWM 200"},"content":{"rendered":"<h2>OPIS<\/h2>\n<p>Villager aparati za zavarivanje objedinjuju MMA, MIG\/MAG, TIG \u00a0postupak zavarivanja. Prilago\u0111eni su korisnicima koji o\u010dekuju dobre perfomanse, dugotrajnost, pouzdanost kao i jednostavno kori\u0161\u0107enje sa odli\u010dnim rezultatima.<br \/>\nPrate\u0107a oprema:<\/p>\n<ul>\n<li>Nosa\u010d elektroda<\/li>\n<li>Kle\u0161ta za masu<\/li>\n<li>Za\u0161titna maska<\/li>\n<li>\u010celi\u010dna \u010detka<\/li>\n<\/ul>","protected":false},"excerpt":{"rendered":"<table class=\"table\">\n<thead>\n<tr>\n<th colspan=\"2\">Karakteristike<\/th>\n<\/tr>\n<\/thead>\n<tbody>\n<tr>\n<td>Kategorija<\/td>\n<td><strong>Aparati za zavarivanje<\/strong><\/td>\n<\/tr>\n<tr>\n<td>Napon<\/td>\n<td><strong>230 V ~ 50 Hz<\/strong><\/td>\n<\/tr>\n<tr>\n<td>Priklju\u010dna snaga<\/td>\n<td><strong>9 kW<\/strong><\/td>\n<\/tr>\n<tr>\n<td>Izlazni napon praznog hoda<\/td>\n<td><strong>48 V<\/strong><\/td>\n<\/tr>\n<tr>\n<td>Radni ciklus (Amp &#8211; %)<\/td>\n<td><strong>200 &#8211; 10<\/strong><\/td>\n<\/tr>\n<tr>\n<td>Intenzitet struje<\/td>\n<td><strong>60 A &#8211; 200 A<\/strong><\/td>\n<\/tr>\n<tr>\n<td>Tip zavarivanja<\/td>\n<td><strong>MMA<\/strong><\/td>\n<\/tr>\n<tr>\n<td>Pre\u010dnik elektrode<\/td>\n<td><strong>2 mm &#8211; 4 mm<\/strong><\/td>\n<\/tr>\n<tr>\n<td>Masa<\/td>\n<td><strong>23 kg<\/strong><\/td>\n<\/tr>\n<\/tbody>\n<\/table>","protected":false},"featured_media":6366,"template":"","meta":[],"product_brand":[],"product_cat":[348,216],"product_tag":[],"class_list":{"0":"post-6336","1":"product","2":"type-product","3":"status-publish","4":"has-post-thumbnail","6":"product_cat-aparati-za-varenje","7":"product_cat-garden-program","9":"first","10":"instock","11":"shipping-taxable","12":"product-type-simple"},"_links":{"self":[{"href":"https:\/\/agrarpetrovic.rs\/en\/wp-json\/wp\/v2\/product\/6336","targetHints":{"allow":["GET"]}}],"collection":[{"href":"https:\/\/agrarpetrovic.rs\/en\/wp-json\/wp\/v2\/product"}],"about":[{"href":"https:\/\/agrarpetrovic.rs\/en\/wp-json\/wp\/v2\/types\/product"}],"wp:featuredmedia":[{"embeddable":true,"href":"https:\/\/agrarpetrovic.rs\/en\/wp-json\/wp\/v2\/media\/6366"}],"wp:attachment":[{"href":"https:\/\/agrarpetrovic.rs\/en\/wp-json\/wp\/v2\/media?parent=6336"}],"wp:term":[{"taxonomy":"product_brand","embeddable":true,"href":"https:\/\/agrarpetrovic.rs\/en\/wp-json\/wp\/v2\/product_brand?post=6336"},{"taxonomy":"product_cat","embeddable":true,"href":"https:\/\/agrarpetrovic.rs\/en\/wp-json\/wp\/v2\/product_cat?post=6336"},{"taxonomy":"product_tag","embeddable":true,"href":"https:\/\/agrarpetrovic.rs\/en\/wp-json\/wp\/v2\/product_tag?post=6336"}],"curies":[{"name":"wp","href":"https:\/\/api.w.org\/{rel}","templated":true}]}}