{"id":6369,"date":"2023-07-13T16:34:09","date_gmt":"2023-07-13T14:34:09","guid":{"rendered":"https:\/\/agrarpetrovic.rs\/?post_type=product&#038;p=6369"},"modified":"2023-07-13T16:34:17","modified_gmt":"2023-07-13T14:34:17","slug":"madonna-f1-bela-babura","status":"publish","type":"product","link":"https:\/\/agrarpetrovic.rs\/en\/proizvod\/madonna-f1-bela-babura\/","title":{"rendered":"MADONNA F1- Bela babura"},"content":{"rendered":"<p>Tip paprikeBabura<\/p>\n<p>RanostasnostXXX<\/p>\n<p>Boja ploda: Svetlo \u017euta<\/p>\n<p>Dimenzije ploda (cm) 8&#215;10<\/p>\n<p>Te\u017eina ploda 180 g<\/p>\n<p>Na\u010din proizvodnje: Otovoreno polje, Zatvoren prostor<\/p>","protected":false},"excerpt":{"rendered":"<p>,<\/p>\n<p>Vrlo rani hibrid, bujne stabljike, mesnatih plodova s \u010detiri semene lo\u017ee, du\u017eine 9-10cm i \u0161irine 7-8cm. Debljina perikarpa je 5-6mm. Te\u017eine su 160-180gr. U tehnolo\u0161koj zrelosti su bledo \u017eute boje, a u fiziolo\u0161koj crvene boje. Namenjena je proizvodnji u za\u0161ti\u0107enom prostoru, ali odli\u010dne rezultate daje i na otvorenom polju. Hibrid koji je vrlo brzo na\u0161ao svoje mesto kod velikog broja proizvo\u0111a\u010da.<\/p>\n<p>Odli\u010dan prinos<\/p>","protected":false},"featured_media":6399,"template":"","meta":[],"product_brand":[],"product_cat":[351,350,349],"product_tag":[],"class_list":{"0":"post-6369","1":"product","2":"type-product","3":"status-publish","4":"has-post-thumbnail","6":"product_cat-babura","7":"product_cat-seme-paprike","8":"product_cat-seme-povrca","10":"first","11":"instock","12":"shipping-taxable","13":"product-type-simple"},"_links":{"self":[{"href":"https:\/\/agrarpetrovic.rs\/en\/wp-json\/wp\/v2\/product\/6369","targetHints":{"allow":["GET"]}}],"collection":[{"href":"https:\/\/agrarpetrovic.rs\/en\/wp-json\/wp\/v2\/product"}],"about":[{"href":"https:\/\/agrarpetrovic.rs\/en\/wp-json\/wp\/v2\/types\/product"}],"wp:featuredmedia":[{"embeddable":true,"href":"https:\/\/agrarpetrovic.rs\/en\/wp-json\/wp\/v2\/media\/6399"}],"wp:attachment":[{"href":"https:\/\/agrarpetrovic.rs\/en\/wp-json\/wp\/v2\/media?parent=6369"}],"wp:term":[{"taxonomy":"product_brand","embeddable":true,"href":"https:\/\/agrarpetrovic.rs\/en\/wp-json\/wp\/v2\/product_brand?post=6369"},{"taxonomy":"product_cat","embeddable":true,"href":"https:\/\/agrarpetrovic.rs\/en\/wp-json\/wp\/v2\/product_cat?post=6369"},{"taxonomy":"product_tag","embeddable":true,"href":"https:\/\/agrarpetrovic.rs\/en\/wp-json\/wp\/v2\/product_tag?post=6369"}],"curies":[{"name":"wp","href":"https:\/\/api.w.org\/{rel}","templated":true}]}}