{"id":6424,"date":"2023-07-13T16:34:23","date_gmt":"2023-07-13T14:34:23","guid":{"rendered":"https:\/\/agrarpetrovic.rs\/?post_type=product&#038;p=6424"},"modified":"2023-07-13T16:34:34","modified_gmt":"2023-07-13T14:34:34","slug":"corvinus-f1-paradajz","status":"publish","type":"product","link":"https:\/\/agrarpetrovic.rs\/en\/proizvod\/corvinus-f1-paradajz\/","title":{"rendered":"Corvinus F1 &#8211; Paradajz"},"content":{"rendered":"<p>Corvinus je novi poludeterminantni hibrid koji je zbog svoje brizine i adaptibilnosti pogodan kako za najraniju proizvodnju, tako i za drugu setvu. Plodovi su odli\u010dnog kvaliteta, dobre transportabilnosti, i bez problema posti\u017ee krupno\u0107u preko 200g. Ovo je generativan hibrid sa dobrim zametanjem u ranim prole\u0107nim uslovima, a tako\u0111e i u uslovima visokih letnjih temperatura. Izuzetno brzo posti\u017ee pun prinos i daje mogu\u0107nost proizvo\u0111a\u010dima da ga kombinuju sa drugim usevima u istoj proizvodnoj sezoni.<\/p>\n<p>Rezistencija: ToMV,Ff:1-5,Fol:0-1,Va,Vd,Ma,Mi,M<\/p>","protected":false},"excerpt":{"rendered":"<p>Naziv hibrida: Corvinus F1<br \/>\nTip biljke: Poluvisoka<br \/>\nRanostasnost: Rana<br \/>\nOblik ploda:Jabu\u010dar<br \/>\nTe\u017eina ploda: 200 g<br \/>\n\u010cvrsto\u0107a ploda. XXX<br \/>\nProizvodnja: Za\u0161ti\u0107en prostor<\/p>","protected":false},"featured_media":6443,"template":"","meta":[],"product_brand":[],"product_cat":[368,357,335],"product_tag":[],"class_list":{"0":"post-6424","1":"product","2":"type-product","3":"status-publish","4":"has-post-thumbnail","6":"product_cat-poludeterminatni-poluvisoki","7":"product_cat-seme-paradajza","8":"product_cat-semenska-roba","10":"first","11":"instock","12":"shipping-taxable","13":"product-type-simple"},"_links":{"self":[{"href":"https:\/\/agrarpetrovic.rs\/en\/wp-json\/wp\/v2\/product\/6424","targetHints":{"allow":["GET"]}}],"collection":[{"href":"https:\/\/agrarpetrovic.rs\/en\/wp-json\/wp\/v2\/product"}],"about":[{"href":"https:\/\/agrarpetrovic.rs\/en\/wp-json\/wp\/v2\/types\/product"}],"wp:featuredmedia":[{"embeddable":true,"href":"https:\/\/agrarpetrovic.rs\/en\/wp-json\/wp\/v2\/media\/6443"}],"wp:attachment":[{"href":"https:\/\/agrarpetrovic.rs\/en\/wp-json\/wp\/v2\/media?parent=6424"}],"wp:term":[{"taxonomy":"product_brand","embeddable":true,"href":"https:\/\/agrarpetrovic.rs\/en\/wp-json\/wp\/v2\/product_brand?post=6424"},{"taxonomy":"product_cat","embeddable":true,"href":"https:\/\/agrarpetrovic.rs\/en\/wp-json\/wp\/v2\/product_cat?post=6424"},{"taxonomy":"product_tag","embeddable":true,"href":"https:\/\/agrarpetrovic.rs\/en\/wp-json\/wp\/v2\/product_tag?post=6424"}],"curies":[{"name":"wp","href":"https:\/\/api.w.org\/{rel}","templated":true}]}}