{"id":6425,"date":"2023-07-13T16:34:23","date_gmt":"2023-07-13T14:34:23","guid":{"rendered":"https:\/\/agrarpetrovic.rs\/?post_type=product&#038;p=6425"},"modified":"2023-07-13T16:34:35","modified_gmt":"2023-07-13T14:34:35","slug":"magnus-f1-paradajz","status":"publish","type":"product","link":"https:\/\/agrarpetrovic.rs\/en\/proizvod\/magnus-f1-paradajz\/","title":{"rendered":"Magnus F1 &#8211; Paradajz"},"content":{"rendered":"<p>Magnus F1 je ve\u0107 dobro poznat poludeterminantni hibrid namenjen za najraniju proizvodnju u plastenicima\u00a0 sa i bez grejanja. Glavne odlike su izuzetno visok prinos, odli\u010dna tranportabilnost i dobar i ujedna\u010den kvalitet plodova krupno\u0107e od 200-250g, bez zelene kragne. Iako izrazito generativan Magnus ipak ima solidnu lisnu masu koja mu omogu\u0107ava dobru pokrivenost i u toplijem periodu godine. Za postizanje vrhunskih prinosa potrebna je poja\u010dana prihrana u periodu plodono\u0161enja.<\/p>\n<p>Rezistencija: ToMV,Ff:1-5,Fol:0-1,Va,Vd,Ma,Mi,Mj<\/p>","protected":false},"excerpt":{"rendered":"<p>Naziv hibrida: Magnus F1<br \/>\nTip biljke: Poluvisoki<br \/>\nRanostasnost: Rana<br \/>\nOblik ploda: Jabu\u010dar<br \/>\nTe\u017eina ploda: 200 &#8211; 250 g<br \/>\n\u010cvrsto\u0107a ploda. XXX<br \/>\nProizvodnja: Za\u0161ti\u0107en prostor<\/p>","protected":false},"featured_media":6447,"template":"","meta":[],"product_brand":[],"product_cat":[368,357,349,335],"product_tag":[],"class_list":{"0":"post-6425","1":"product","2":"type-product","3":"status-publish","4":"has-post-thumbnail","6":"product_cat-poludeterminatni-poluvisoki","7":"product_cat-seme-paradajza","8":"product_cat-seme-povrca","9":"product_cat-semenska-roba","11":"first","12":"instock","13":"shipping-taxable","14":"product-type-simple"},"_links":{"self":[{"href":"https:\/\/agrarpetrovic.rs\/en\/wp-json\/wp\/v2\/product\/6425","targetHints":{"allow":["GET"]}}],"collection":[{"href":"https:\/\/agrarpetrovic.rs\/en\/wp-json\/wp\/v2\/product"}],"about":[{"href":"https:\/\/agrarpetrovic.rs\/en\/wp-json\/wp\/v2\/types\/product"}],"wp:featuredmedia":[{"embeddable":true,"href":"https:\/\/agrarpetrovic.rs\/en\/wp-json\/wp\/v2\/media\/6447"}],"wp:attachment":[{"href":"https:\/\/agrarpetrovic.rs\/en\/wp-json\/wp\/v2\/media?parent=6425"}],"wp:term":[{"taxonomy":"product_brand","embeddable":true,"href":"https:\/\/agrarpetrovic.rs\/en\/wp-json\/wp\/v2\/product_brand?post=6425"},{"taxonomy":"product_cat","embeddable":true,"href":"https:\/\/agrarpetrovic.rs\/en\/wp-json\/wp\/v2\/product_cat?post=6425"},{"taxonomy":"product_tag","embeddable":true,"href":"https:\/\/agrarpetrovic.rs\/en\/wp-json\/wp\/v2\/product_tag?post=6425"}],"curies":[{"name":"wp","href":"https:\/\/api.w.org\/{rel}","templated":true}]}}