{"id":6426,"date":"2023-07-13T16:34:23","date_gmt":"2023-07-13T14:34:23","guid":{"rendered":"https:\/\/agrarpetrovic.rs\/?post_type=product&#038;p=6426"},"modified":"2023-07-13T16:34:37","modified_gmt":"2023-07-13T14:34:37","slug":"alfred-f1-paradajz","status":"publish","type":"product","link":"https:\/\/agrarpetrovic.rs\/en\/proizvod\/alfred-f1-paradajz\/","title":{"rendered":"Alfred F1 &#8211; Paradajz"},"content":{"rendered":"<p>Alfred F1 je rani hibrid paradajza namenjen za celogodi\u0161nju proizvodnju. Zbog svoje izuzetne adaptibilnosti posebno se dobro pokazao u drugoj setvi gde daje odli\u010dan prinos i kvalitet u uslovima ote\u017eanog zametanja, a kasnije i slabijeg osvetljenja i ni\u017eih temperatura. Biljke su sna\u017ene, vrlo kratkih internodija. Plodovi su te\u017eine od 180 \u2013 220g, lepe crvene boje, otporni na pucanje i pogodni za dugo skladi\u0161tenje bez gubitka na kvalitetu. Podjednako se uspe\u0161no gaji i u zemlji i u supstratu.<\/p>\n<p>Rezistencija: ToMV,Ff:1-5,Fol:0,1,For,Va,Vd,Ma,Mi,Mj,Si<\/p>","protected":false},"excerpt":{"rendered":"<p>Naziv hibrida: Alfred F1<br \/>\nTip biljke: Visoki<br \/>\nRanostasnost: Rana<br \/>\nOblik ploda: Jabu\u010dar<br \/>\nTe\u017eina ploda: 180 &#8211; 220 g<br \/>\n\u010cvrsto\u0107a ploda. XXX<br \/>\nProizvodnja: Za\u0161ti\u0107en prostor<\/p>","protected":false},"featured_media":6450,"template":"","meta":[],"product_brand":[],"product_cat":[358,357,335],"product_tag":[],"class_list":{"0":"post-6426","1":"product","2":"type-product","3":"status-publish","4":"has-post-thumbnail","6":"product_cat-inedetrminatni-neogranicenog-porasta","7":"product_cat-seme-paradajza","8":"product_cat-semenska-roba","10":"first","11":"instock","12":"shipping-taxable","13":"product-type-simple"},"_links":{"self":[{"href":"https:\/\/agrarpetrovic.rs\/en\/wp-json\/wp\/v2\/product\/6426","targetHints":{"allow":["GET"]}}],"collection":[{"href":"https:\/\/agrarpetrovic.rs\/en\/wp-json\/wp\/v2\/product"}],"about":[{"href":"https:\/\/agrarpetrovic.rs\/en\/wp-json\/wp\/v2\/types\/product"}],"wp:featuredmedia":[{"embeddable":true,"href":"https:\/\/agrarpetrovic.rs\/en\/wp-json\/wp\/v2\/media\/6450"}],"wp:attachment":[{"href":"https:\/\/agrarpetrovic.rs\/en\/wp-json\/wp\/v2\/media?parent=6426"}],"wp:term":[{"taxonomy":"product_brand","embeddable":true,"href":"https:\/\/agrarpetrovic.rs\/en\/wp-json\/wp\/v2\/product_brand?post=6426"},{"taxonomy":"product_cat","embeddable":true,"href":"https:\/\/agrarpetrovic.rs\/en\/wp-json\/wp\/v2\/product_cat?post=6426"},{"taxonomy":"product_tag","embeddable":true,"href":"https:\/\/agrarpetrovic.rs\/en\/wp-json\/wp\/v2\/product_tag?post=6426"}],"curies":[{"name":"wp","href":"https:\/\/api.w.org\/{rel}","templated":true}]}}