{"id":6428,"date":"2023-07-13T16:34:24","date_gmt":"2023-07-13T14:34:24","guid":{"rendered":"https:\/\/agrarpetrovic.rs\/?post_type=product&#038;p=6428"},"modified":"2023-07-13T16:34:41","modified_gmt":"2023-07-13T14:34:41","slug":"venezia-f1-paradajz","status":"publish","type":"product","link":"https:\/\/agrarpetrovic.rs\/en\/proizvod\/venezia-f1-paradajz\/","title":{"rendered":"Venezia F1 &#8211; Paradajz"},"content":{"rendered":"<p>Venezia F1 je vrlo rani indeterminantni hibrid paradajza ujedna\u010denih plodova te\u017eine 170 \u2013 190g. Biljka je izrazito generativna \u0161to joj obezbe\u0111uje da u najranijoj proizvodnji posti\u017ee o\u010dekivanu krupno\u0107u plodova ve\u0107 na prvom spratu. Sazrevanje po spratovima je ujedna\u010deno, plodovi su veoma \u010dvrsti, intezivne crvene boje sa jako dobrom sposobno\u0161\u0107u \u010duvanja.<\/p>\n<p>Rezistencija: ToMV, V, F1, F2, N, TSWV, ASC, St<\/p>","protected":false},"excerpt":{"rendered":"<p>Naziv hibrida: Venazia F1<br \/>\nTip biljke: Visoki<br \/>\nRanostasnost: Rana<br \/>\nOblik ploda: Jabu\u010dar<br \/>\nTe\u017eina ploda: 170 &#8211; 190\u00a0 g<br \/>\n\u010cvrsto\u0107a ploda. XXX<br \/>\nProizvodnja: Za\u0161ti\u0107en prostor<\/p>","protected":false},"featured_media":6460,"template":"","meta":[],"product_brand":[],"product_cat":[358,349,335,359],"product_tag":[],"class_list":{"0":"post-6428","1":"product","2":"type-product","3":"status-publish","4":"has-post-thumbnail","6":"product_cat-inedetrminatni-neogranicenog-porasta","7":"product_cat-seme-povrca","8":"product_cat-semenska-roba","9":"product_cat-tip-jabucara","11":"first","12":"instock","13":"shipping-taxable","14":"product-type-simple"},"_links":{"self":[{"href":"https:\/\/agrarpetrovic.rs\/en\/wp-json\/wp\/v2\/product\/6428","targetHints":{"allow":["GET"]}}],"collection":[{"href":"https:\/\/agrarpetrovic.rs\/en\/wp-json\/wp\/v2\/product"}],"about":[{"href":"https:\/\/agrarpetrovic.rs\/en\/wp-json\/wp\/v2\/types\/product"}],"wp:featuredmedia":[{"embeddable":true,"href":"https:\/\/agrarpetrovic.rs\/en\/wp-json\/wp\/v2\/media\/6460"}],"wp:attachment":[{"href":"https:\/\/agrarpetrovic.rs\/en\/wp-json\/wp\/v2\/media?parent=6428"}],"wp:term":[{"taxonomy":"product_brand","embeddable":true,"href":"https:\/\/agrarpetrovic.rs\/en\/wp-json\/wp\/v2\/product_brand?post=6428"},{"taxonomy":"product_cat","embeddable":true,"href":"https:\/\/agrarpetrovic.rs\/en\/wp-json\/wp\/v2\/product_cat?post=6428"},{"taxonomy":"product_tag","embeddable":true,"href":"https:\/\/agrarpetrovic.rs\/en\/wp-json\/wp\/v2\/product_tag?post=6428"}],"curies":[{"name":"wp","href":"https:\/\/api.w.org\/{rel}","templated":true}]}}