{"id":6429,"date":"2023-07-13T16:34:24","date_gmt":"2023-07-13T14:34:24","guid":{"rendered":"https:\/\/agrarpetrovic.rs\/?post_type=product&#038;p=6429"},"modified":"2023-07-13T16:34:43","modified_gmt":"2023-07-13T14:34:43","slug":"yigido-f1-paradajz","status":"publish","type":"product","link":"https:\/\/agrarpetrovic.rs\/en\/proizvod\/yigido-f1-paradajz\/","title":{"rendered":"Yigido F1 &#8211; paradajz"},"content":{"rendered":"<p>Yigido F1 je novi rani hibrid paradajza pogodan za razli\u010dite tipove proizvodnje. Zbog svoje adaptibilnosti i rezistentnosti podjednako dobro se pokazao kako u za\u0161ti\u0107enom prostoru, tako i na otvorenom polju. I u prole\u0107noj i u jesenjoj proizvodnji plodovi su imali ujedna\u010denu krupno\u0107u (180-220g), dobrog su unutra\u0161njeg kvaliteta i lepe su boje. Ono \u0161to je karakteristi\u010dno za ovaj hibrid je da u stresnim uslovima nije umanjio ni prinos ni kvalitet ploda. Poseduje otpornost na virus bronzavosti.<\/p>\n<p>Rezistencija: ToMV:0-2\/TSWV\/Fol:0\/Va:0\/Vd:0<\/p>","protected":false},"excerpt":{"rendered":"<p>Naziv hibrida: Yigido F1<br \/>\nTip biljke: Visoki<br \/>\nRanostasnost: Srednje rana<br \/>\nOblik ploda: Jabu\u010dar<br \/>\nTe\u017eina ploda: 180 &#8211; 220 g<br \/>\n\u010cvrsto\u0107a ploda. XXX<br \/>\nProizvodnja: Za\u0161ti\u0107en prostor i otvoreno polje<\/p>","protected":false},"featured_media":6463,"template":"","meta":[],"product_brand":[],"product_cat":[358,357,335,359],"product_tag":[],"class_list":{"0":"post-6429","1":"product","2":"type-product","3":"status-publish","4":"has-post-thumbnail","6":"product_cat-inedetrminatni-neogranicenog-porasta","7":"product_cat-seme-paradajza","8":"product_cat-semenska-roba","9":"product_cat-tip-jabucara","11":"first","12":"instock","13":"shipping-taxable","14":"product-type-simple"},"_links":{"self":[{"href":"https:\/\/agrarpetrovic.rs\/en\/wp-json\/wp\/v2\/product\/6429","targetHints":{"allow":["GET"]}}],"collection":[{"href":"https:\/\/agrarpetrovic.rs\/en\/wp-json\/wp\/v2\/product"}],"about":[{"href":"https:\/\/agrarpetrovic.rs\/en\/wp-json\/wp\/v2\/types\/product"}],"wp:featuredmedia":[{"embeddable":true,"href":"https:\/\/agrarpetrovic.rs\/en\/wp-json\/wp\/v2\/media\/6463"}],"wp:attachment":[{"href":"https:\/\/agrarpetrovic.rs\/en\/wp-json\/wp\/v2\/media?parent=6429"}],"wp:term":[{"taxonomy":"product_brand","embeddable":true,"href":"https:\/\/agrarpetrovic.rs\/en\/wp-json\/wp\/v2\/product_brand?post=6429"},{"taxonomy":"product_cat","embeddable":true,"href":"https:\/\/agrarpetrovic.rs\/en\/wp-json\/wp\/v2\/product_cat?post=6429"},{"taxonomy":"product_tag","embeddable":true,"href":"https:\/\/agrarpetrovic.rs\/en\/wp-json\/wp\/v2\/product_tag?post=6429"}],"curies":[{"name":"wp","href":"https:\/\/api.w.org\/{rel}","templated":true}]}}