{"id":6430,"date":"2023-07-13T16:34:24","date_gmt":"2023-07-13T14:34:24","guid":{"rendered":"https:\/\/agrarpetrovic.rs\/?post_type=product&#038;p=6430"},"modified":"2023-07-13T16:34:44","modified_gmt":"2023-07-13T14:34:44","slug":"big-beef-f1-paradajz","status":"publish","type":"product","link":"https:\/\/agrarpetrovic.rs\/en\/proizvod\/big-beef-f1-paradajz\/","title":{"rendered":"Big Beef F1 &#8211; Paradajz"},"content":{"rendered":"<p>Big Beef F1 je rani indeterminantni paradajz beef tipa. Biljke su zdrave i sna\u017ene. Zbog svog kvaliteta je omiljen kod proizvo\u0111a\u010da koji sami rade prodaju na tezgi. Plodovi su krupni, ovalni, crvene boje, odli\u010dnog ukusa i srednje \u010dvrstine. Ranostasnost u kombinaciji sa krupno\u0107om plodova i odli\u010dnom otporno\u0161\u0107u na bolesti \u010dine Big Beef F1 hibridom pogodnim za razli\u010dite uslove proizvodnje.<\/p>\n<p>Rezistencija: ToMV, V, F1, F2, N, ASC, St<\/p>","protected":false},"excerpt":{"rendered":"<p>Naziv hibrida: Big beef F1<br \/>\nTip biljke: Visoki<br \/>\nRanostasnost: Rana<br \/>\nOblik ploda: Beef tip<br \/>\nTe\u017eina ploda: 200 &#8211; 250 g<br \/>\n\u010cvrsto\u0107a ploda. XXX<br \/>\nProizvodnja: Za\u0161ti\u0107en prostor<\/p>","protected":false},"featured_media":6466,"template":"","meta":[],"product_brand":[],"product_cat":[369,358,357,335],"product_tag":[],"class_list":{"0":"post-6430","1":"product","2":"type-product","3":"status-publish","4":"has-post-thumbnail","6":"product_cat-beef-tip","7":"product_cat-inedetrminatni-neogranicenog-porasta","8":"product_cat-seme-paradajza","9":"product_cat-semenska-roba","11":"first","12":"instock","13":"shipping-taxable","14":"product-type-simple"},"_links":{"self":[{"href":"https:\/\/agrarpetrovic.rs\/en\/wp-json\/wp\/v2\/product\/6430","targetHints":{"allow":["GET"]}}],"collection":[{"href":"https:\/\/agrarpetrovic.rs\/en\/wp-json\/wp\/v2\/product"}],"about":[{"href":"https:\/\/agrarpetrovic.rs\/en\/wp-json\/wp\/v2\/types\/product"}],"wp:featuredmedia":[{"embeddable":true,"href":"https:\/\/agrarpetrovic.rs\/en\/wp-json\/wp\/v2\/media\/6466"}],"wp:attachment":[{"href":"https:\/\/agrarpetrovic.rs\/en\/wp-json\/wp\/v2\/media?parent=6430"}],"wp:term":[{"taxonomy":"product_brand","embeddable":true,"href":"https:\/\/agrarpetrovic.rs\/en\/wp-json\/wp\/v2\/product_brand?post=6430"},{"taxonomy":"product_cat","embeddable":true,"href":"https:\/\/agrarpetrovic.rs\/en\/wp-json\/wp\/v2\/product_cat?post=6430"},{"taxonomy":"product_tag","embeddable":true,"href":"https:\/\/agrarpetrovic.rs\/en\/wp-json\/wp\/v2\/product_tag?post=6430"}],"curies":[{"name":"wp","href":"https:\/\/api.w.org\/{rel}","templated":true}]}}