{"id":6431,"date":"2023-07-13T16:34:24","date_gmt":"2023-07-13T14:34:24","guid":{"rendered":"https:\/\/agrarpetrovic.rs\/?post_type=product&#038;p=6431"},"modified":"2023-07-13T16:34:49","modified_gmt":"2023-07-13T14:34:49","slug":"amati-f1-paradajz","status":"publish","type":"product","link":"https:\/\/agrarpetrovic.rs\/en\/proizvod\/amati-f1-paradajz\/","title":{"rendered":"Amati F1 &#8211; Paradajz"},"content":{"rendered":"<p>Amati F1 je rani hibrid plodova srednje krupno\u0107e odli\u010dnog ukusa i dobre ujedna\u010denosti. Biljke su jake, kompaktnog i otvorenog habitusa. Univerzalan hibrid za proizvodnju u plastenicima, ni\u017eim tunelima kao i na otvorenom polju koji daje podjednako dobre rezultate kako u ranoj tako i u letnjoj i jesenjoj proizvodnji.<\/p>\n<p>Rezistencija: ToMV, V, F1, F2, N, LM<\/p>","protected":false},"excerpt":{"rendered":"<p>Naziv hibrida: Amati F1<br \/>\nTip biljke: Visoki<br \/>\nRanostasnost: Rana<br \/>\nOblik ploda: Jabu\u010dar<br \/>\nTe\u017eina ploda: 200 &#8211; 220 g<br \/>\n\u010cvrsto\u0107a ploda. XXX<br \/>\nProizvodnja: Za\u0161ti\u0107en prostor i otvoreno polje<\/p>","protected":false},"featured_media":6496,"template":"","meta":[],"product_brand":[],"product_cat":[358,357,335,359],"product_tag":[],"class_list":{"0":"post-6431","1":"product","2":"type-product","3":"status-publish","4":"has-post-thumbnail","6":"product_cat-inedetrminatni-neogranicenog-porasta","7":"product_cat-seme-paradajza","8":"product_cat-semenska-roba","9":"product_cat-tip-jabucara","11":"first","12":"instock","13":"shipping-taxable","14":"product-type-simple"},"_links":{"self":[{"href":"https:\/\/agrarpetrovic.rs\/en\/wp-json\/wp\/v2\/product\/6431","targetHints":{"allow":["GET"]}}],"collection":[{"href":"https:\/\/agrarpetrovic.rs\/en\/wp-json\/wp\/v2\/product"}],"about":[{"href":"https:\/\/agrarpetrovic.rs\/en\/wp-json\/wp\/v2\/types\/product"}],"wp:featuredmedia":[{"embeddable":true,"href":"https:\/\/agrarpetrovic.rs\/en\/wp-json\/wp\/v2\/media\/6496"}],"wp:attachment":[{"href":"https:\/\/agrarpetrovic.rs\/en\/wp-json\/wp\/v2\/media?parent=6431"}],"wp:term":[{"taxonomy":"product_brand","embeddable":true,"href":"https:\/\/agrarpetrovic.rs\/en\/wp-json\/wp\/v2\/product_brand?post=6431"},{"taxonomy":"product_cat","embeddable":true,"href":"https:\/\/agrarpetrovic.rs\/en\/wp-json\/wp\/v2\/product_cat?post=6431"},{"taxonomy":"product_tag","embeddable":true,"href":"https:\/\/agrarpetrovic.rs\/en\/wp-json\/wp\/v2\/product_tag?post=6431"}],"curies":[{"name":"wp","href":"https:\/\/api.w.org\/{rel}","templated":true}]}}