{"id":6468,"date":"2023-07-13T16:34:46","date_gmt":"2023-07-13T14:34:46","guid":{"rendered":"https:\/\/agrarpetrovic.rs\/?post_type=product&#038;p=6468"},"modified":"2023-07-13T16:34:53","modified_gmt":"2023-07-13T14:34:53","slug":"birgitta-birloque-f1-paradajz","status":"publish","type":"product","link":"https:\/\/agrarpetrovic.rs\/en\/proizvod\/birgitta-birloque-f1-paradajz\/","title":{"rendered":"Birgitta\/Birloque F1 &#8211; Paradajz"},"content":{"rendered":"<p>&nbsp;<\/p>\n<p><span class=\"x-dropcap\">B<\/span>irgita\/Birloque F1 je rani paradajz visokog porasta, dobre pokrivenosti plodova koji se preporu\u010duje za gajenje na otvorenom polju, mada zbog svoje fleksibilnosti dobre rezultate posti\u017ee i u za\u0161ti\u0107enom prostoru. Plodovi su te\u017eine 180 \u2013 220g. intezivno crvene boje sa visokom tolerancijom na pucanje i odli\u010dnom sposobno\u0161\u0107u \u010duvanja. Biljka je otvorenog tipa, sna\u017ena i posti\u017ee ujedna\u010denu krupno\u0107u plodova do kraja sezone.<\/p>\n<p>Rezistencija: ToMV, V, F1, F2, N, ASC<\/p>","protected":false},"excerpt":{"rendered":"<p>Naziv hibrida: Brigitta F1<br \/>\nTip biljke: Visoki<br \/>\nRanostasnost: Rana<br \/>\nOblik ploda: Jabu\u010dar<br \/>\nTe\u017eina ploda: 180 &#8211; 220 g<br \/>\n\u010cvrsto\u0107a ploda. XXX<br \/>\nProizvodnja: Za\u0161ti\u0107en prostor<\/p>","protected":false},"featured_media":6500,"template":"","meta":[],"product_brand":[],"product_cat":[358,357,349,335,359],"product_tag":[],"class_list":{"0":"post-6468","1":"product","2":"type-product","3":"status-publish","4":"has-post-thumbnail","6":"product_cat-inedetrminatni-neogranicenog-porasta","7":"product_cat-seme-paradajza","8":"product_cat-seme-povrca","9":"product_cat-semenska-roba","10":"product_cat-tip-jabucara","12":"first","13":"instock","14":"shipping-taxable","15":"product-type-simple"},"_links":{"self":[{"href":"https:\/\/agrarpetrovic.rs\/en\/wp-json\/wp\/v2\/product\/6468","targetHints":{"allow":["GET"]}}],"collection":[{"href":"https:\/\/agrarpetrovic.rs\/en\/wp-json\/wp\/v2\/product"}],"about":[{"href":"https:\/\/agrarpetrovic.rs\/en\/wp-json\/wp\/v2\/types\/product"}],"wp:featuredmedia":[{"embeddable":true,"href":"https:\/\/agrarpetrovic.rs\/en\/wp-json\/wp\/v2\/media\/6500"}],"wp:attachment":[{"href":"https:\/\/agrarpetrovic.rs\/en\/wp-json\/wp\/v2\/media?parent=6468"}],"wp:term":[{"taxonomy":"product_brand","embeddable":true,"href":"https:\/\/agrarpetrovic.rs\/en\/wp-json\/wp\/v2\/product_brand?post=6468"},{"taxonomy":"product_cat","embeddable":true,"href":"https:\/\/agrarpetrovic.rs\/en\/wp-json\/wp\/v2\/product_cat?post=6468"},{"taxonomy":"product_tag","embeddable":true,"href":"https:\/\/agrarpetrovic.rs\/en\/wp-json\/wp\/v2\/product_tag?post=6468"}],"curies":[{"name":"wp","href":"https:\/\/api.w.org\/{rel}","templated":true}]}}