{"id":6470,"date":"2023-07-13T16:34:46","date_gmt":"2023-07-13T14:34:46","guid":{"rendered":"https:\/\/agrarpetrovic.rs\/?post_type=product&#038;p=6470"},"modified":"2023-07-13T16:34:54","modified_gmt":"2023-07-13T14:34:54","slug":"mirsini-f1-paradajz","status":"publish","type":"product","link":"https:\/\/agrarpetrovic.rs\/en\/proizvod\/mirsini-f1-paradajz\/","title":{"rendered":"Mirsini F1 &#8211; Paradajz"},"content":{"rendered":"<p>Mirsini F1 je novi determinantni hibrid paradajza, vrlo sna\u017enih, visoko produktivnih biljaka, dobre pokrivenosti plodova i odli\u010dne tolerancije na bolesti. Plodovi su \u010dvrsti, krupno\u0107e 210 \u2013 230g, jarke crvene boje i odli\u010dne otpornosti na pucanje. Mirsini F1 ima konstantno dobro zametanje i produkciju ujedna\u010denih plodova tokom celog perioda proizvodnje.<\/p>\n<p>Rezistencija: V, F1, F2, N, TSWV, ASC, St, TYLCV<\/p>\n<div class=\"x-entry-share\">\n<p>&nbsp;<\/p>\n<\/div>","protected":false},"excerpt":{"rendered":"<p>Naziv hibrida: Mirsini F1<br \/>\nTip biljke: Niski<br \/>\nRanostasnost: Rana<br \/>\nOblik ploda: Jabu\u010dar<br \/>\nTe\u017eina ploda: 210 &#8211; 230 g<br \/>\n\u010cvrsto\u0107a ploda. XXX<br \/>\nProizvodnja: Za\u0161ti\u0107en prostor i otvoreno polje<\/p>","protected":false},"featured_media":6503,"template":"","meta":[],"product_brand":[],"product_cat":[361,197,357,349,362],"product_tag":[],"class_list":{"0":"post-6470","1":"product","2":"type-product","3":"status-publish","4":"has-post-thumbnail","6":"product_cat-determinatni-ogranicenog-rasta","7":"product_cat-razni-artikli","8":"product_cat-seme-paradajza","9":"product_cat-seme-povrca","10":"product_cat-tip-jabucara-determinatni-ogranicenog-rasta","12":"first","13":"instock","14":"shipping-taxable","15":"product-type-simple"},"_links":{"self":[{"href":"https:\/\/agrarpetrovic.rs\/en\/wp-json\/wp\/v2\/product\/6470","targetHints":{"allow":["GET"]}}],"collection":[{"href":"https:\/\/agrarpetrovic.rs\/en\/wp-json\/wp\/v2\/product"}],"about":[{"href":"https:\/\/agrarpetrovic.rs\/en\/wp-json\/wp\/v2\/types\/product"}],"wp:featuredmedia":[{"embeddable":true,"href":"https:\/\/agrarpetrovic.rs\/en\/wp-json\/wp\/v2\/media\/6503"}],"wp:attachment":[{"href":"https:\/\/agrarpetrovic.rs\/en\/wp-json\/wp\/v2\/media?parent=6470"}],"wp:term":[{"taxonomy":"product_brand","embeddable":true,"href":"https:\/\/agrarpetrovic.rs\/en\/wp-json\/wp\/v2\/product_brand?post=6470"},{"taxonomy":"product_cat","embeddable":true,"href":"https:\/\/agrarpetrovic.rs\/en\/wp-json\/wp\/v2\/product_cat?post=6470"},{"taxonomy":"product_tag","embeddable":true,"href":"https:\/\/agrarpetrovic.rs\/en\/wp-json\/wp\/v2\/product_tag?post=6470"}],"curies":[{"name":"wp","href":"https:\/\/api.w.org\/{rel}","templated":true}]}}