{"id":6472,"date":"2023-07-13T16:34:46","date_gmt":"2023-07-13T14:34:46","guid":{"rendered":"https:\/\/agrarpetrovic.rs\/?post_type=product&#038;p=6472"},"modified":"2023-07-13T16:34:56","modified_gmt":"2023-07-13T14:34:56","slug":"optima-f1-paradajz","status":"publish","type":"product","link":"https:\/\/agrarpetrovic.rs\/en\/proizvod\/optima-f1-paradajz\/","title":{"rendered":"Optima F1 -Paradajz"},"content":{"rendered":"<p><span class=\"x-dropcap\">O<\/span>ptima F1 je srednje rani indeterminantni paradajz okruglih plodova te\u017eine 200 \u2013 250g. Biljke su srednje sna\u017ene sa dobrom pokriveno\u0161\u0107u. Plodovi su \u010dvrsti, lepe boje i odli\u010dnog ukusa. Pogodan je za gajenje u tunelima, ni\u017eim plastenicima i na polju, varijetet za sve uslove.<\/p>\n<p>Rezistencija: ToMV, V, F1, F2, N<\/p>","protected":false},"excerpt":{"rendered":"<p>Naziv hibrida: Optima F1<br \/>\nTip biljke: Visoki<br \/>\nRanostasnost: Rana<br \/>\nOblik ploda: Jabu\u010dar<br \/>\nTe\u017eina ploda: 200 &#8211; 250 g<br \/>\n\u010cvrsto\u0107a ploda. XXX<br \/>\nProizvodnja: Za\u0161ti\u0107en prostor i otvoreno polje<\/p>","protected":false},"featured_media":6507,"template":"","meta":[],"product_brand":[],"product_cat":[358,357,335,359],"product_tag":[],"class_list":{"0":"post-6472","1":"product","2":"type-product","3":"status-publish","4":"has-post-thumbnail","6":"product_cat-inedetrminatni-neogranicenog-porasta","7":"product_cat-seme-paradajza","8":"product_cat-semenska-roba","9":"product_cat-tip-jabucara","11":"first","12":"instock","13":"shipping-taxable","14":"product-type-simple"},"_links":{"self":[{"href":"https:\/\/agrarpetrovic.rs\/en\/wp-json\/wp\/v2\/product\/6472","targetHints":{"allow":["GET"]}}],"collection":[{"href":"https:\/\/agrarpetrovic.rs\/en\/wp-json\/wp\/v2\/product"}],"about":[{"href":"https:\/\/agrarpetrovic.rs\/en\/wp-json\/wp\/v2\/types\/product"}],"wp:featuredmedia":[{"embeddable":true,"href":"https:\/\/agrarpetrovic.rs\/en\/wp-json\/wp\/v2\/media\/6507"}],"wp:attachment":[{"href":"https:\/\/agrarpetrovic.rs\/en\/wp-json\/wp\/v2\/media?parent=6472"}],"wp:term":[{"taxonomy":"product_brand","embeddable":true,"href":"https:\/\/agrarpetrovic.rs\/en\/wp-json\/wp\/v2\/product_brand?post=6472"},{"taxonomy":"product_cat","embeddable":true,"href":"https:\/\/agrarpetrovic.rs\/en\/wp-json\/wp\/v2\/product_cat?post=6472"},{"taxonomy":"product_tag","embeddable":true,"href":"https:\/\/agrarpetrovic.rs\/en\/wp-json\/wp\/v2\/product_tag?post=6472"}],"curies":[{"name":"wp","href":"https:\/\/api.w.org\/{rel}","templated":true}]}}